{"id":811,"date":"2023-06-21T17:34:05","date_gmt":"2023-06-21T20:34:05","guid":{"rendered":"https:\/\/www.ehcomunicacao.com.br\/plastitol\/?page_id=811"},"modified":"2023-06-25T11:26:57","modified_gmt":"2023-06-25T14:26:57","slug":"linha-brasil","status":"publish","type":"page","link":"https:\/\/www.plastitol.com.br\/?page_id=811","title":{"rendered":"Linha Brasil"},"content":{"rendered":"\n<p>Temos um cat\u00e1logo completo de produtos com o tema BRASIL, para brindes de turismo, tem\u00e1ticos, entre outra ocasi\u00f5es.<br>A Linha inclui chaveiros, pulseiras, porta-copos, b\u00f3tons, etiquetas, patch para roupas, etc.<br>SOLICITE NOSSO CAT\u00c1LOGO COMPLETO.<br><\/p>\n\n\n\n<div class=\"wp-block-stackable-columns stk-block-columns stk-block stk-ad02e8f\" data-block-id=\"ad02e8f\"><div class=\"stk-row stk-inner-blocks stk-block-content stk-content-align stk-ad02e8f-column\">\n<div class=\"wp-block-stackable-column stk-block-column stk-column stk-block stk-a46a5c9\" data-v=\"4\" data-block-id=\"a46a5c9\"><style>@media screen and (min-width:768px){.stk-a46a5c9{flex:1 1 25% !important}}<\/style><div class=\"stk-column-wrapper stk-block-column__content stk-container stk-a46a5c9-container stk--no-background stk--no-padding\"><div class=\"stk-block-content stk-inner-blocks stk-a46a5c9-inner-blocks\">\n<div class=\"wp-block-stackable-image stk-block-image stk-block stk-edbf365 stk--has-lightbox\" data-block-id=\"edbf365\"><style>.stk-edbf365 .stk-img-wrapper{width:null% !important;height:nullpx !important}<\/style><figure class=\"stk-img-wrapper stk-image--shape-stretch\"><img loading=\"lazy\" decoding=\"async\" class=\"stk-img wp-image-1259\" src=\"https:\/\/www.ehcomunicacao.com.br\/plastitol\/wp-content\/uploads\/2023\/06\/brindes-linha-brasil-3.jpg\" width=\"901\" height=\"901\" srcset=\"https:\/\/www.plastitol.com.br\/wp-content\/uploads\/2023\/06\/brindes-linha-brasil-3.jpg 901w, https:\/\/www.plastitol.com.br\/wp-content\/uploads\/2023\/06\/brindes-linha-brasil-3-300x300.jpg 300w, https:\/\/www.plastitol.com.br\/wp-content\/uploads\/2023\/06\/brindes-linha-brasil-3-150x150.jpg 150w, https:\/\/www.plastitol.com.br\/wp-content\/uploads\/2023\/06\/brindes-linha-brasil-3-768x768.jpg 768w, https:\/\/www.plastitol.com.br\/wp-content\/uploads\/2023\/06\/brindes-linha-brasil-3-600x600.jpg 600w, https:\/\/www.plastitol.com.br\/wp-content\/uploads\/2023\/06\/brindes-linha-brasil-3-100x100.jpg 100w\" sizes=\"auto, (max-width: 901px) 100vw, 901px\" \/><\/figure><\/div>\n<\/div><\/div><\/div>\n\n\n\n<div class=\"wp-block-stackable-column stk-block-column stk-column stk-block stk-0006626\" data-v=\"4\" data-block-id=\"0006626\"><style>@media screen and (min-width:768px){.stk-0006626{flex:1 1 25% !important}}<\/style><div class=\"stk-column-wrapper stk-block-column__content stk-container stk-0006626-container stk--no-background stk--no-padding\"><div class=\"stk-block-content stk-inner-blocks stk-0006626-inner-blocks\">\n<div class=\"wp-block-stackable-image stk-block-image stk-block stk-52d13a7 stk--has-lightbox\" data-block-id=\"52d13a7\"><figure class=\"stk-img-wrapper stk-image--shape-stretch\"><img loading=\"lazy\" decoding=\"async\" class=\"stk-img wp-image-1261\" src=\"https:\/\/www.ehcomunicacao.com.br\/plastitol\/wp-content\/uploads\/2023\/06\/brindes-linha-brasil-1.jpg\" width=\"901\" height=\"901\" srcset=\"https:\/\/www.plastitol.com.br\/wp-content\/uploads\/2023\/06\/brindes-linha-brasil-1.jpg 901w, https:\/\/www.plastitol.com.br\/wp-content\/uploads\/2023\/06\/brindes-linha-brasil-1-300x300.jpg 300w, https:\/\/www.plastitol.com.br\/wp-content\/uploads\/2023\/06\/brindes-linha-brasil-1-150x150.jpg 150w, https:\/\/www.plastitol.com.br\/wp-content\/uploads\/2023\/06\/brindes-linha-brasil-1-768x768.jpg 768w, https:\/\/www.plastitol.com.br\/wp-content\/uploads\/2023\/06\/brindes-linha-brasil-1-600x600.jpg 600w, https:\/\/www.plastitol.com.br\/wp-content\/uploads\/2023\/06\/brindes-linha-brasil-1-100x100.jpg 100w\" sizes=\"auto, (max-width: 901px) 100vw, 901px\" \/><\/figure><\/div>\n<\/div><\/div><\/div>\n\n\n\n<div class=\"wp-block-stackable-column stk-block-column stk-column stk-block stk-dc76322\" data-v=\"4\" data-block-id=\"dc76322\"><style>@media screen and (min-width:768px){.stk-dc76322{flex:1 1 25% !important}}<\/style><div class=\"stk-column-wrapper stk-block-column__content stk-container stk-dc76322-container stk--no-background stk--no-padding\"><div class=\"stk-block-content stk-inner-blocks stk-dc76322-inner-blocks\">\n<div class=\"wp-block-stackable-image stk-block-image stk-block stk-14a728f stk--has-lightbox\" data-block-id=\"14a728f\"><figure class=\"stk-img-wrapper stk-image--shape-stretch\"><img loading=\"lazy\" decoding=\"async\" class=\"stk-img wp-image-1267\" src=\"https:\/\/www.ehcomunicacao.com.br\/plastitol\/wp-content\/uploads\/2023\/06\/brindes-linha-brasil-8.jpg\" width=\"901\" height=\"901\" srcset=\"https:\/\/www.plastitol.com.br\/wp-content\/uploads\/2023\/06\/brindes-linha-brasil-8.jpg 901w, https:\/\/www.plastitol.com.br\/wp-content\/uploads\/2023\/06\/brindes-linha-brasil-8-300x300.jpg 300w, https:\/\/www.plastitol.com.br\/wp-content\/uploads\/2023\/06\/brindes-linha-brasil-8-150x150.jpg 150w, https:\/\/www.plastitol.com.br\/wp-content\/uploads\/2023\/06\/brindes-linha-brasil-8-768x768.jpg 768w, https:\/\/www.plastitol.com.br\/wp-content\/uploads\/2023\/06\/brindes-linha-brasil-8-600x600.jpg 600w, https:\/\/www.plastitol.com.br\/wp-content\/uploads\/2023\/06\/brindes-linha-brasil-8-100x100.jpg 100w\" sizes=\"auto, (max-width: 901px) 100vw, 901px\" \/><\/figure><\/div>\n<\/div><\/div><\/div>\n\n\n\n<div class=\"wp-block-stackable-column stk-block-column stk-column stk-block stk-1906ab1\" data-v=\"4\" data-block-id=\"1906ab1\"><style>@media screen and (min-width:768px){.stk-1906ab1{flex:1 1 25% !important}}<\/style><div class=\"stk-column-wrapper stk-block-column__content stk-container stk-1906ab1-container stk--no-background stk--no-padding\"><div class=\"stk-block-content stk-inner-blocks stk-1906ab1-inner-blocks\">\n<div class=\"wp-block-stackable-image stk-block-image stk-block stk-e5272cf stk--has-lightbox\" data-block-id=\"e5272cf\"><figure class=\"stk-img-wrapper stk-image--shape-stretch\"><img loading=\"lazy\" decoding=\"async\" class=\"stk-img wp-image-1266\" src=\"https:\/\/www.ehcomunicacao.com.br\/plastitol\/wp-content\/uploads\/2023\/06\/brindes-linha-brasil-7.jpg\" width=\"901\" height=\"901\" srcset=\"https:\/\/www.plastitol.com.br\/wp-content\/uploads\/2023\/06\/brindes-linha-brasil-7.jpg 901w, https:\/\/www.plastitol.com.br\/wp-content\/uploads\/2023\/06\/brindes-linha-brasil-7-300x300.jpg 300w, https:\/\/www.plastitol.com.br\/wp-content\/uploads\/2023\/06\/brindes-linha-brasil-7-150x150.jpg 150w, https:\/\/www.plastitol.com.br\/wp-content\/uploads\/2023\/06\/brindes-linha-brasil-7-768x768.jpg 768w, https:\/\/www.plastitol.com.br\/wp-content\/uploads\/2023\/06\/brindes-linha-brasil-7-600x600.jpg 600w, https:\/\/www.plastitol.com.br\/wp-content\/uploads\/2023\/06\/brindes-linha-brasil-7-100x100.jpg 100w\" sizes=\"auto, (max-width: 901px) 100vw, 901px\" \/><\/figure><\/div>\n<\/div><\/div><\/div>\n<\/div><\/div>\n\n\n\n<div class=\"wp-block-stackable-columns stk-block-columns stk-block stk-fc4ced4\" data-block-id=\"fc4ced4\"><div class=\"stk-row stk-inner-blocks stk-block-content stk-content-align stk-fc4ced4-column\">\n<div class=\"wp-block-stackable-column stk-block-column stk-column stk-block stk-004bc40\" data-v=\"4\" data-block-id=\"004bc40\"><style>@media screen and (min-width:768px){.stk-004bc40{flex:1 1 25% !important}}<\/style><div class=\"stk-column-wrapper stk-block-column__content stk-container stk-004bc40-container stk--no-background stk--no-padding\"><div class=\"stk-block-content stk-inner-blocks stk-004bc40-inner-blocks\">\n<div class=\"wp-block-stackable-image stk-block-image stk-block stk-1a0c158 stk--has-lightbox\" data-block-id=\"1a0c158\"><figure class=\"stk-img-wrapper stk-image--shape-stretch\"><img loading=\"lazy\" decoding=\"async\" class=\"stk-img wp-image-1265\" src=\"https:\/\/www.ehcomunicacao.com.br\/plastitol\/wp-content\/uploads\/2023\/06\/brindes-linha-brasil-6.jpg\" width=\"901\" height=\"901\" srcset=\"https:\/\/www.plastitol.com.br\/wp-content\/uploads\/2023\/06\/brindes-linha-brasil-6.jpg 901w, https:\/\/www.plastitol.com.br\/wp-content\/uploads\/2023\/06\/brindes-linha-brasil-6-300x300.jpg 300w, https:\/\/www.plastitol.com.br\/wp-content\/uploads\/2023\/06\/brindes-linha-brasil-6-150x150.jpg 150w, https:\/\/www.plastitol.com.br\/wp-content\/uploads\/2023\/06\/brindes-linha-brasil-6-768x768.jpg 768w, https:\/\/www.plastitol.com.br\/wp-content\/uploads\/2023\/06\/brindes-linha-brasil-6-600x600.jpg 600w, https:\/\/www.plastitol.com.br\/wp-content\/uploads\/2023\/06\/brindes-linha-brasil-6-100x100.jpg 100w\" sizes=\"auto, (max-width: 901px) 100vw, 901px\" \/><\/figure><\/div>\n<\/div><\/div><\/div>\n\n\n\n<div class=\"wp-block-stackable-column stk-block-column stk-column stk-block stk-707eeb8\" data-v=\"4\" data-block-id=\"707eeb8\"><style>@media screen and (min-width:768px){.stk-707eeb8{flex:1 1 25% !important}}<\/style><div class=\"stk-column-wrapper stk-block-column__content stk-container stk-707eeb8-container stk--no-background stk--no-padding\"><div class=\"stk-block-content stk-inner-blocks stk-707eeb8-inner-blocks\">\n<div class=\"wp-block-stackable-image stk-block-image stk-block stk-37d931e stk--has-lightbox\" data-block-id=\"37d931e\"><figure class=\"stk-img-wrapper stk-image--shape-stretch\"><img loading=\"lazy\" decoding=\"async\" class=\"stk-img wp-image-1264\" src=\"https:\/\/www.ehcomunicacao.com.br\/plastitol\/wp-content\/uploads\/2023\/06\/brindes-linha-brasil-5.jpg\" width=\"901\" height=\"901\" srcset=\"https:\/\/www.plastitol.com.br\/wp-content\/uploads\/2023\/06\/brindes-linha-brasil-5.jpg 901w, https:\/\/www.plastitol.com.br\/wp-content\/uploads\/2023\/06\/brindes-linha-brasil-5-300x300.jpg 300w, https:\/\/www.plastitol.com.br\/wp-content\/uploads\/2023\/06\/brindes-linha-brasil-5-150x150.jpg 150w, https:\/\/www.plastitol.com.br\/wp-content\/uploads\/2023\/06\/brindes-linha-brasil-5-768x768.jpg 768w, https:\/\/www.plastitol.com.br\/wp-content\/uploads\/2023\/06\/brindes-linha-brasil-5-600x600.jpg 600w, https:\/\/www.plastitol.com.br\/wp-content\/uploads\/2023\/06\/brindes-linha-brasil-5-100x100.jpg 100w\" sizes=\"auto, (max-width: 901px) 100vw, 901px\" \/><\/figure><\/div>\n<\/div><\/div><\/div>\n\n\n\n<div class=\"wp-block-stackable-column stk-block-column stk-column stk-block stk-f2fc10f\" data-v=\"4\" data-block-id=\"f2fc10f\"><style>@media screen and (min-width:768px){.stk-f2fc10f{flex:1 1 25% !important}}<\/style><div class=\"stk-column-wrapper stk-block-column__content stk-container stk-f2fc10f-container stk--no-background stk--no-padding\"><div class=\"stk-block-content stk-inner-blocks stk-f2fc10f-inner-blocks\">\n<div class=\"wp-block-stackable-image stk-block-image stk-block stk-e1f4a30 stk--has-lightbox\" data-block-id=\"e1f4a30\"><figure class=\"stk-img-wrapper stk-image--shape-stretch\"><img loading=\"lazy\" decoding=\"async\" class=\"stk-img wp-image-1262\" src=\"https:\/\/www.ehcomunicacao.com.br\/plastitol\/wp-content\/uploads\/2023\/06\/brindes-linha-brasil-2.jpg\" width=\"901\" height=\"901\" srcset=\"https:\/\/www.plastitol.com.br\/wp-content\/uploads\/2023\/06\/brindes-linha-brasil-2.jpg 901w, https:\/\/www.plastitol.com.br\/wp-content\/uploads\/2023\/06\/brindes-linha-brasil-2-300x300.jpg 300w, https:\/\/www.plastitol.com.br\/wp-content\/uploads\/2023\/06\/brindes-linha-brasil-2-150x150.jpg 150w, https:\/\/www.plastitol.com.br\/wp-content\/uploads\/2023\/06\/brindes-linha-brasil-2-768x768.jpg 768w, https:\/\/www.plastitol.com.br\/wp-content\/uploads\/2023\/06\/brindes-linha-brasil-2-600x600.jpg 600w, https:\/\/www.plastitol.com.br\/wp-content\/uploads\/2023\/06\/brindes-linha-brasil-2-100x100.jpg 100w\" sizes=\"auto, (max-width: 901px) 100vw, 901px\" \/><\/figure><\/div>\n<\/div><\/div><\/div>\n\n\n\n<div class=\"wp-block-stackable-column stk-block-column stk-column stk-block stk-2ef4004\" data-v=\"4\" data-block-id=\"2ef4004\"><style>@media screen and (min-width:768px){.stk-2ef4004{flex:1 1 25% !important}}<\/style><div class=\"stk-column-wrapper stk-block-column__content stk-container stk-2ef4004-container stk--no-background stk--no-padding\"><div class=\"stk-block-content stk-inner-blocks stk-2ef4004-inner-blocks\">\n<div class=\"wp-block-stackable-image stk-block-image stk-block stk-721bff1 stk--has-lightbox\" data-block-id=\"721bff1\"><figure class=\"stk-img-wrapper stk-image--shape-stretch\"><img loading=\"lazy\" decoding=\"async\" class=\"stk-img wp-image-1263\" src=\"https:\/\/www.ehcomunicacao.com.br\/plastitol\/wp-content\/uploads\/2023\/06\/brindes-linha-brasil-4.jpg\" width=\"901\" height=\"901\" srcset=\"https:\/\/www.plastitol.com.br\/wp-content\/uploads\/2023\/06\/brindes-linha-brasil-4.jpg 901w, https:\/\/www.plastitol.com.br\/wp-content\/uploads\/2023\/06\/brindes-linha-brasil-4-300x300.jpg 300w, https:\/\/www.plastitol.com.br\/wp-content\/uploads\/2023\/06\/brindes-linha-brasil-4-150x150.jpg 150w, https:\/\/www.plastitol.com.br\/wp-content\/uploads\/2023\/06\/brindes-linha-brasil-4-768x768.jpg 768w, https:\/\/www.plastitol.com.br\/wp-content\/uploads\/2023\/06\/brindes-linha-brasil-4-600x600.jpg 600w, https:\/\/www.plastitol.com.br\/wp-content\/uploads\/2023\/06\/brindes-linha-brasil-4-100x100.jpg 100w\" sizes=\"auto, (max-width: 901px) 100vw, 901px\" \/><\/figure><\/div>\n<\/div><\/div><\/div>\n<\/div><\/div>\n","protected":false},"excerpt":{"rendered":"<p>Temos um cat\u00e1logo completo de produtos com o tema BRASIL, para brindes de turismo, tem\u00e1ticos, entre outra ocasi\u00f5es.A Linha inclui chaveiros, pulseiras, porta-copos, b\u00f3tons, etiquetas, patch para roupas, etc.SOLICITE NOSSO CAT\u00c1LOGO COMPLETO.<\/p>\n","protected":false},"author":1,"featured_media":0,"parent":0,"menu_order":0,"comment_status":"closed","ping_status":"closed","template":"","meta":{"footnotes":""},"class_list":["post-811","page","type-page","status-publish","hentry"],"blocksy_meta":{"page_structure_type":"type-1"},"featured_image_urls":{"full":"","thumbnail":"","medium":"","medium_large":"","large":"","1536x1536":"","2048x2048":""},"post_excerpt_stackable":"<p>Temos um cat\u00e1logo completo de produtos com o tema BRASIL, para brindes de turismo, tem\u00e1ticos, entre outra ocasi\u00f5es.A Linha inclui chaveiros, pulseiras, porta-copos, b\u00f3tons, etiquetas, patch para roupas, etc.SOLICITE NOSSO CAT\u00c1LOGO COMPLETO.<\/p>\n","category_list":"","author_info":{"name":"plastitol","url":"https:\/\/www.plastitol.com.br\/?author=1"},"comments_num":"0 coment\u00e1rio","jetpack_sharing_enabled":true,"_links":{"self":[{"href":"https:\/\/www.plastitol.com.br\/index.php?rest_route=\/wp\/v2\/pages\/811","targetHints":{"allow":["GET"]}}],"collection":[{"href":"https:\/\/www.plastitol.com.br\/index.php?rest_route=\/wp\/v2\/pages"}],"about":[{"href":"https:\/\/www.plastitol.com.br\/index.php?rest_route=\/wp\/v2\/types\/page"}],"author":[{"embeddable":true,"href":"https:\/\/www.plastitol.com.br\/index.php?rest_route=\/wp\/v2\/users\/1"}],"replies":[{"embeddable":true,"href":"https:\/\/www.plastitol.com.br\/index.php?rest_route=%2Fwp%2Fv2%2Fcomments&post=811"}],"version-history":[{"count":2,"href":"https:\/\/www.plastitol.com.br\/index.php?rest_route=\/wp\/v2\/pages\/811\/revisions"}],"predecessor-version":[{"id":1268,"href":"https:\/\/www.plastitol.com.br\/index.php?rest_route=\/wp\/v2\/pages\/811\/revisions\/1268"}],"wp:attachment":[{"href":"https:\/\/www.plastitol.com.br\/index.php?rest_route=%2Fwp%2Fv2%2Fmedia&parent=811"}],"curies":[{"name":"wp","href":"https:\/\/api.w.org\/{rel}","templated":true}]}}