{"id":809,"date":"2023-06-21T17:33:48","date_gmt":"2023-06-21T20:33:48","guid":{"rendered":"https:\/\/www.ehcomunicacao.com.br\/plastitol\/?page_id=809"},"modified":"2023-06-25T14:54:33","modified_gmt":"2023-06-25T17:54:33","slug":"bandeiras-dos-estados","status":"publish","type":"page","link":"https:\/\/www.plastitol.com.br\/?page_id=809","title":{"rendered":"Bandeiras dos Estados"},"content":{"rendered":"\n<p>Temos um cat\u00e1logo completo de etiquetas oficiais da DOS ESTADOS BRASILEIROS E DO BRASIL<br><strong>Material<\/strong>: emborrachado alto relevo<br><strong>Vers\u00f5es<\/strong>: para costuras ou aplicar velcro e termo-colentes,<br><strong>Utilidade<\/strong>: fardamentos oficiais, uniformes de competi\u00e7\u00f5es, grupos de paintball, etc.<br>Etiquetas\/Patch da BANDEIRA de todos os ESTADOS + DISTRITO FEDERAL + BRASIL, em tamanho padr\u00e3o do uso de uniformes e fardamentos oficiais, em duas vers\u00f5es: CORES e TONS DE CINZA.<br><strong>SOLICITE NOSSO CAT\u00c1LOGO COMPLETO.<\/strong><\/p>\n\n\n\n<div class=\"wp-block-stackable-columns stk-block-columns stk-block stk-03c0f88\" data-block-id=\"03c0f88\"><div class=\"stk-row stk-inner-blocks stk-block-content stk-content-align stk-03c0f88-column\">\n<div class=\"wp-block-stackable-column stk-block-column stk-column stk-block stk-ce65c78\" data-v=\"4\" data-block-id=\"ce65c78\"><style>@media screen and (min-width:768px){.stk-ce65c78{flex:1 1 25% !important}}<\/style><div class=\"stk-column-wrapper stk-block-column__content stk-container stk-ce65c78-container stk--no-background stk--no-padding\"><div class=\"stk-block-content stk-inner-blocks stk-ce65c78-inner-blocks\">\n<div class=\"wp-block-stackable-image stk-block-image stk-block stk-b82be49 stk--has-lightbox\" data-block-id=\"b82be49\"><style>.stk-b82be49 .stk-img-wrapper{width:null% !important;height:nullpx !important}<\/style><figure class=\"stk-img-wrapper stk-image--shape-stretch\"><img loading=\"lazy\" decoding=\"async\" class=\"stk-img wp-image-1303\" src=\"https:\/\/www.ehcomunicacao.com.br\/plastitol\/wp-content\/uploads\/2023\/06\/etiqueta-patch-estados-brasileiros-6.jpg\" width=\"901\" height=\"901\" srcset=\"https:\/\/www.plastitol.com.br\/wp-content\/uploads\/2023\/06\/etiqueta-patch-estados-brasileiros-6.jpg 901w, https:\/\/www.plastitol.com.br\/wp-content\/uploads\/2023\/06\/etiqueta-patch-estados-brasileiros-6-300x300.jpg 300w, https:\/\/www.plastitol.com.br\/wp-content\/uploads\/2023\/06\/etiqueta-patch-estados-brasileiros-6-150x150.jpg 150w, https:\/\/www.plastitol.com.br\/wp-content\/uploads\/2023\/06\/etiqueta-patch-estados-brasileiros-6-768x768.jpg 768w, https:\/\/www.plastitol.com.br\/wp-content\/uploads\/2023\/06\/etiqueta-patch-estados-brasileiros-6-600x600.jpg 600w, https:\/\/www.plastitol.com.br\/wp-content\/uploads\/2023\/06\/etiqueta-patch-estados-brasileiros-6-100x100.jpg 100w\" sizes=\"auto, (max-width: 901px) 100vw, 901px\" \/><\/figure><\/div>\n<\/div><\/div><\/div>\n\n\n\n<div class=\"wp-block-stackable-column stk-block-column stk-column stk-block stk-d672983\" data-v=\"4\" data-block-id=\"d672983\"><style>@media screen and (min-width:768px){.stk-d672983{flex:1 1 25% !important}}<\/style><div class=\"stk-column-wrapper stk-block-column__content stk-container stk-d672983-container stk--no-background stk--no-padding\"><div class=\"stk-block-content stk-inner-blocks stk-d672983-inner-blocks\">\n<div class=\"wp-block-stackable-image stk-block-image stk-block stk-b7e35d2 stk--has-lightbox\" data-block-id=\"b7e35d2\"><figure class=\"stk-img-wrapper stk-image--shape-stretch\"><img loading=\"lazy\" decoding=\"async\" class=\"stk-img wp-image-1307\" src=\"https:\/\/www.ehcomunicacao.com.br\/plastitol\/wp-content\/uploads\/2023\/06\/etiqueta-patch-estados-brasileiros-9.jpg\" width=\"901\" height=\"901\" srcset=\"https:\/\/www.plastitol.com.br\/wp-content\/uploads\/2023\/06\/etiqueta-patch-estados-brasileiros-9.jpg 901w, https:\/\/www.plastitol.com.br\/wp-content\/uploads\/2023\/06\/etiqueta-patch-estados-brasileiros-9-300x300.jpg 300w, https:\/\/www.plastitol.com.br\/wp-content\/uploads\/2023\/06\/etiqueta-patch-estados-brasileiros-9-150x150.jpg 150w, https:\/\/www.plastitol.com.br\/wp-content\/uploads\/2023\/06\/etiqueta-patch-estados-brasileiros-9-768x768.jpg 768w, https:\/\/www.plastitol.com.br\/wp-content\/uploads\/2023\/06\/etiqueta-patch-estados-brasileiros-9-600x600.jpg 600w, https:\/\/www.plastitol.com.br\/wp-content\/uploads\/2023\/06\/etiqueta-patch-estados-brasileiros-9-100x100.jpg 100w\" sizes=\"auto, (max-width: 901px) 100vw, 901px\" \/><\/figure><\/div>\n<\/div><\/div><\/div>\n\n\n\n<div class=\"wp-block-stackable-column stk-block-column stk-column stk-block stk-f79e963\" data-v=\"4\" data-block-id=\"f79e963\"><style>@media screen and (min-width:768px){.stk-f79e963{flex:1 1 25% !important}}<\/style><div class=\"stk-column-wrapper stk-block-column__content stk-container stk-f79e963-container stk--no-background stk--no-padding\"><div class=\"stk-block-content stk-inner-blocks stk-f79e963-inner-blocks\">\n<div class=\"wp-block-stackable-image stk-block-image stk-block stk-e19ec2d stk--has-lightbox\" data-block-id=\"e19ec2d\"><figure class=\"stk-img-wrapper stk-image--shape-stretch\"><img loading=\"lazy\" decoding=\"async\" class=\"stk-img wp-image-1304\" src=\"https:\/\/www.ehcomunicacao.com.br\/plastitol\/wp-content\/uploads\/2023\/06\/etiqueta-patch-estados-brasileiros-7.jpg\" width=\"901\" height=\"901\" srcset=\"https:\/\/www.plastitol.com.br\/wp-content\/uploads\/2023\/06\/etiqueta-patch-estados-brasileiros-7.jpg 901w, https:\/\/www.plastitol.com.br\/wp-content\/uploads\/2023\/06\/etiqueta-patch-estados-brasileiros-7-300x300.jpg 300w, https:\/\/www.plastitol.com.br\/wp-content\/uploads\/2023\/06\/etiqueta-patch-estados-brasileiros-7-150x150.jpg 150w, https:\/\/www.plastitol.com.br\/wp-content\/uploads\/2023\/06\/etiqueta-patch-estados-brasileiros-7-768x768.jpg 768w, https:\/\/www.plastitol.com.br\/wp-content\/uploads\/2023\/06\/etiqueta-patch-estados-brasileiros-7-600x600.jpg 600w, https:\/\/www.plastitol.com.br\/wp-content\/uploads\/2023\/06\/etiqueta-patch-estados-brasileiros-7-100x100.jpg 100w\" sizes=\"auto, (max-width: 901px) 100vw, 901px\" \/><\/figure><\/div>\n<\/div><\/div><\/div>\n\n\n\n<div class=\"wp-block-stackable-column stk-block-column stk-column stk-block stk-6081d84\" data-v=\"4\" data-block-id=\"6081d84\"><style>@media screen and (min-width:768px){.stk-6081d84{flex:1 1 25% !important}}<\/style><div class=\"stk-column-wrapper stk-block-column__content stk-container stk-6081d84-container stk--no-background stk--no-padding\"><div class=\"stk-block-content stk-inner-blocks stk-6081d84-inner-blocks\">\n<div class=\"wp-block-stackable-image stk-block-image stk-block stk-f4443b7 stk--has-lightbox\" data-block-id=\"f4443b7\"><figure class=\"stk-img-wrapper stk-image--shape-stretch\"><img loading=\"lazy\" decoding=\"async\" class=\"stk-img wp-image-1302\" src=\"https:\/\/www.ehcomunicacao.com.br\/plastitol\/wp-content\/uploads\/2023\/06\/etiqueta-patch-estados-brasileiros-5.jpg\" width=\"901\" height=\"901\" srcset=\"https:\/\/www.plastitol.com.br\/wp-content\/uploads\/2023\/06\/etiqueta-patch-estados-brasileiros-5.jpg 901w, https:\/\/www.plastitol.com.br\/wp-content\/uploads\/2023\/06\/etiqueta-patch-estados-brasileiros-5-300x300.jpg 300w, https:\/\/www.plastitol.com.br\/wp-content\/uploads\/2023\/06\/etiqueta-patch-estados-brasileiros-5-150x150.jpg 150w, https:\/\/www.plastitol.com.br\/wp-content\/uploads\/2023\/06\/etiqueta-patch-estados-brasileiros-5-768x768.jpg 768w, https:\/\/www.plastitol.com.br\/wp-content\/uploads\/2023\/06\/etiqueta-patch-estados-brasileiros-5-600x600.jpg 600w, https:\/\/www.plastitol.com.br\/wp-content\/uploads\/2023\/06\/etiqueta-patch-estados-brasileiros-5-100x100.jpg 100w\" sizes=\"auto, (max-width: 901px) 100vw, 901px\" \/><\/figure><\/div>\n<\/div><\/div><\/div>\n<\/div><\/div>\n\n\n\n<div class=\"wp-block-stackable-columns stk-block-columns stk-block stk-bdc8299\" data-block-id=\"bdc8299\"><div class=\"stk-row stk-inner-blocks stk-block-content stk-content-align stk-bdc8299-column\">\n<div class=\"wp-block-stackable-column stk-block-column stk-column stk-block stk-511218e\" data-v=\"4\" data-block-id=\"511218e\"><style>@media screen and (min-width:768px){.stk-511218e{flex:1 1 25% !important}}<\/style><div class=\"stk-column-wrapper stk-block-column__content stk-container stk-511218e-container stk--no-background stk--no-padding\"><div class=\"stk-block-content stk-inner-blocks stk-511218e-inner-blocks\">\n<div class=\"wp-block-stackable-image stk-block-image stk-block stk-09b81f0 stk--has-lightbox\" data-block-id=\"09b81f0\"><figure class=\"stk-img-wrapper stk-image--shape-stretch\"><img loading=\"lazy\" decoding=\"async\" class=\"stk-img wp-image-1301\" src=\"https:\/\/www.ehcomunicacao.com.br\/plastitol\/wp-content\/uploads\/2023\/06\/etiqueta-patch-estados-brasileiros-4.jpg\" width=\"901\" height=\"901\" srcset=\"https:\/\/www.plastitol.com.br\/wp-content\/uploads\/2023\/06\/etiqueta-patch-estados-brasileiros-4.jpg 901w, https:\/\/www.plastitol.com.br\/wp-content\/uploads\/2023\/06\/etiqueta-patch-estados-brasileiros-4-300x300.jpg 300w, https:\/\/www.plastitol.com.br\/wp-content\/uploads\/2023\/06\/etiqueta-patch-estados-brasileiros-4-150x150.jpg 150w, https:\/\/www.plastitol.com.br\/wp-content\/uploads\/2023\/06\/etiqueta-patch-estados-brasileiros-4-768x768.jpg 768w, https:\/\/www.plastitol.com.br\/wp-content\/uploads\/2023\/06\/etiqueta-patch-estados-brasileiros-4-600x600.jpg 600w, https:\/\/www.plastitol.com.br\/wp-content\/uploads\/2023\/06\/etiqueta-patch-estados-brasileiros-4-100x100.jpg 100w\" sizes=\"auto, (max-width: 901px) 100vw, 901px\" \/><\/figure><\/div>\n<\/div><\/div><\/div>\n\n\n\n<div class=\"wp-block-stackable-column stk-block-column stk-column stk-block stk-6227b76\" data-v=\"4\" data-block-id=\"6227b76\"><style>@media screen and (min-width:768px){.stk-6227b76{flex:1 1 25% !important}}<\/style><div class=\"stk-column-wrapper stk-block-column__content stk-container stk-6227b76-container stk--no-background stk--no-padding\"><div class=\"stk-block-content stk-inner-blocks stk-6227b76-inner-blocks\">\n<div class=\"wp-block-stackable-image stk-block-image stk-block stk-8f9379b stk--has-lightbox\" data-block-id=\"8f9379b\"><figure class=\"stk-img-wrapper stk-image--shape-stretch\"><img loading=\"lazy\" decoding=\"async\" class=\"stk-img wp-image-1300\" src=\"https:\/\/www.ehcomunicacao.com.br\/plastitol\/wp-content\/uploads\/2023\/06\/etiqueta-patch-estados-brasileiros-3.jpg\" width=\"901\" height=\"901\" srcset=\"https:\/\/www.plastitol.com.br\/wp-content\/uploads\/2023\/06\/etiqueta-patch-estados-brasileiros-3.jpg 901w, https:\/\/www.plastitol.com.br\/wp-content\/uploads\/2023\/06\/etiqueta-patch-estados-brasileiros-3-300x300.jpg 300w, https:\/\/www.plastitol.com.br\/wp-content\/uploads\/2023\/06\/etiqueta-patch-estados-brasileiros-3-150x150.jpg 150w, https:\/\/www.plastitol.com.br\/wp-content\/uploads\/2023\/06\/etiqueta-patch-estados-brasileiros-3-768x768.jpg 768w, https:\/\/www.plastitol.com.br\/wp-content\/uploads\/2023\/06\/etiqueta-patch-estados-brasileiros-3-600x600.jpg 600w, https:\/\/www.plastitol.com.br\/wp-content\/uploads\/2023\/06\/etiqueta-patch-estados-brasileiros-3-100x100.jpg 100w\" sizes=\"auto, (max-width: 901px) 100vw, 901px\" \/><\/figure><\/div>\n<\/div><\/div><\/div>\n\n\n\n<div class=\"wp-block-stackable-column stk-block-column stk-column stk-block stk-9a67f51\" data-v=\"4\" data-block-id=\"9a67f51\"><style>@media screen and (min-width:768px){.stk-9a67f51{flex:1 1 25% !important}}<\/style><div class=\"stk-column-wrapper stk-block-column__content stk-container stk-9a67f51-container stk--no-background stk--no-padding\"><div class=\"stk-block-content stk-inner-blocks stk-9a67f51-inner-blocks\">\n<div class=\"wp-block-stackable-image stk-block-image stk-block stk-ceb06cd stk--has-lightbox\" data-block-id=\"ceb06cd\"><figure class=\"stk-img-wrapper stk-image--shape-stretch\"><img loading=\"lazy\" decoding=\"async\" class=\"stk-img wp-image-1299\" src=\"https:\/\/www.ehcomunicacao.com.br\/plastitol\/wp-content\/uploads\/2023\/06\/etiqueta-patch-estados-brasileiros-2.jpg\" width=\"901\" height=\"901\" srcset=\"https:\/\/www.plastitol.com.br\/wp-content\/uploads\/2023\/06\/etiqueta-patch-estados-brasileiros-2.jpg 901w, https:\/\/www.plastitol.com.br\/wp-content\/uploads\/2023\/06\/etiqueta-patch-estados-brasileiros-2-300x300.jpg 300w, https:\/\/www.plastitol.com.br\/wp-content\/uploads\/2023\/06\/etiqueta-patch-estados-brasileiros-2-150x150.jpg 150w, https:\/\/www.plastitol.com.br\/wp-content\/uploads\/2023\/06\/etiqueta-patch-estados-brasileiros-2-768x768.jpg 768w, https:\/\/www.plastitol.com.br\/wp-content\/uploads\/2023\/06\/etiqueta-patch-estados-brasileiros-2-600x600.jpg 600w, https:\/\/www.plastitol.com.br\/wp-content\/uploads\/2023\/06\/etiqueta-patch-estados-brasileiros-2-100x100.jpg 100w\" sizes=\"auto, (max-width: 901px) 100vw, 901px\" \/><\/figure><\/div>\n<\/div><\/div><\/div>\n\n\n\n<div class=\"wp-block-stackable-column stk-block-column stk-column stk-block stk-50c2ae2\" data-v=\"4\" data-block-id=\"50c2ae2\"><style>@media screen and (min-width:768px){.stk-50c2ae2{flex:1 1 25% !important}}<\/style><div class=\"stk-column-wrapper stk-block-column__content stk-container stk-50c2ae2-container stk--no-background stk--no-padding\"><div class=\"stk-block-content stk-inner-blocks stk-50c2ae2-inner-blocks\">\n<div class=\"wp-block-stackable-image stk-block-image stk-block stk-385c1ac stk--has-lightbox\" data-block-id=\"385c1ac\"><figure class=\"stk-img-wrapper stk-image--shape-stretch\"><img loading=\"lazy\" decoding=\"async\" class=\"stk-img wp-image-1298\" src=\"https:\/\/www.ehcomunicacao.com.br\/plastitol\/wp-content\/uploads\/2023\/06\/etiqueta-patch-estados-brasileiros-1.jpg\" width=\"900\" height=\"901\" srcset=\"https:\/\/www.plastitol.com.br\/wp-content\/uploads\/2023\/06\/etiqueta-patch-estados-brasileiros-1.jpg 900w, https:\/\/www.plastitol.com.br\/wp-content\/uploads\/2023\/06\/etiqueta-patch-estados-brasileiros-1-300x300.jpg 300w, https:\/\/www.plastitol.com.br\/wp-content\/uploads\/2023\/06\/etiqueta-patch-estados-brasileiros-1-150x150.jpg 150w, https:\/\/www.plastitol.com.br\/wp-content\/uploads\/2023\/06\/etiqueta-patch-estados-brasileiros-1-768x769.jpg 768w, https:\/\/www.plastitol.com.br\/wp-content\/uploads\/2023\/06\/etiqueta-patch-estados-brasileiros-1-600x601.jpg 600w, https:\/\/www.plastitol.com.br\/wp-content\/uploads\/2023\/06\/etiqueta-patch-estados-brasileiros-1-100x100.jpg 100w\" sizes=\"auto, (max-width: 900px) 100vw, 900px\" \/><\/figure><\/div>\n<\/div><\/div><\/div>\n<\/div><\/div>\n","protected":false},"excerpt":{"rendered":"<p>Temos um cat\u00e1logo completo de etiquetas oficiais da DOS ESTADOS BRASILEIROS E DO BRASILMaterial: emborrachado alto relevoVers\u00f5es: para costuras ou aplicar velcro e termo-colentes,Utilidade: fardamentos oficiais, uniformes de competi\u00e7\u00f5es, grupos de paintball, etc.Etiquetas\/Patch da BANDEIRA de todos os ESTADOS + DISTRITO FEDERAL + BRASIL, em tamanho padr\u00e3o do uso de uniformes e fardamentos oficiais, em [&hellip;]<\/p>\n","protected":false},"author":1,"featured_media":0,"parent":0,"menu_order":0,"comment_status":"closed","ping_status":"closed","template":"","meta":{"footnotes":""},"class_list":["post-809","page","type-page","status-publish","hentry"],"blocksy_meta":{"page_structure_type":"type-1"},"featured_image_urls":{"full":"","thumbnail":"","medium":"","medium_large":"","large":"","1536x1536":"","2048x2048":""},"post_excerpt_stackable":"<p>Temos um cat\u00e1logo completo de etiquetas oficiais da DOS ESTADOS BRASILEIROS E DO BRASILMaterial: emborrachado alto relevoVers\u00f5es: para costuras ou aplicar velcro e termo-colentes,Utilidade: fardamentos oficiais, uniformes de competi\u00e7\u00f5es, grupos de paintball, etc.Etiquetas\/Patch da BANDEIRA de todos os ESTADOS + DISTRITO FEDERAL + BRASIL, em tamanho padr\u00e3o do uso de uniformes e fardamentos oficiais, em duas vers\u00f5es: CORES e TONS DE CINZA.SOLICITE NOSSO CAT\u00c1LOGO COMPLETO.<\/p>\n","category_list":"","author_info":{"name":"plastitol","url":"https:\/\/www.plastitol.com.br\/?author=1"},"comments_num":"0 coment\u00e1rio","jetpack_sharing_enabled":true,"_links":{"self":[{"href":"https:\/\/www.plastitol.com.br\/index.php?rest_route=\/wp\/v2\/pages\/809","targetHints":{"allow":["GET"]}}],"collection":[{"href":"https:\/\/www.plastitol.com.br\/index.php?rest_route=\/wp\/v2\/pages"}],"about":[{"href":"https:\/\/www.plastitol.com.br\/index.php?rest_route=\/wp\/v2\/types\/page"}],"author":[{"embeddable":true,"href":"https:\/\/www.plastitol.com.br\/index.php?rest_route=\/wp\/v2\/users\/1"}],"replies":[{"embeddable":true,"href":"https:\/\/www.plastitol.com.br\/index.php?rest_route=%2Fwp%2Fv2%2Fcomments&post=809"}],"version-history":[{"count":2,"href":"https:\/\/www.plastitol.com.br\/index.php?rest_route=\/wp\/v2\/pages\/809\/revisions"}],"predecessor-version":[{"id":1308,"href":"https:\/\/www.plastitol.com.br\/index.php?rest_route=\/wp\/v2\/pages\/809\/revisions\/1308"}],"wp:attachment":[{"href":"https:\/\/www.plastitol.com.br\/index.php?rest_route=%2Fwp%2Fv2%2Fmedia&parent=809"}],"curies":[{"name":"wp","href":"https:\/\/api.w.org\/{rel}","templated":true}]}}