{"id":807,"date":"2023-06-21T17:32:36","date_gmt":"2023-06-21T20:32:36","guid":{"rendered":"https:\/\/www.ehcomunicacao.com.br\/plastitol\/?page_id=807"},"modified":"2023-06-25T14:40:46","modified_gmt":"2023-06-25T17:40:46","slug":"patch-militar","status":"publish","type":"page","link":"https:\/\/www.plastitol.com.br\/?page_id=807","title":{"rendered":"Etiqueta\/Patch Militar"},"content":{"rendered":"\n<p>Temos um cat\u00e1logo completo de produtos oficiais da LINHA MILITAR BRASILEIRA.<br>Etiquetas\/Patch de patentes, grupos militares, uniformes, etc, al\u00e9m de chaveiros e pins.<br>Ex\u00e9rcito, Marinha, Aeron\u00e1utica, Guardas-municipais, Pol\u00edcia Federal, Pol\u00edcias Militar, entre outras institui\u00e7\u00f5es oficiais.<br>SOLICITE NOSSO CAT\u00c1LOGO COMPLETO.<\/p>\n\n\n\n<div class=\"wp-block-stackable-columns stk-block-columns stk-block stk-65bf1bc\" data-block-id=\"65bf1bc\"><div class=\"stk-row stk-inner-blocks stk-block-content stk-content-align stk-65bf1bc-column\">\n<div class=\"wp-block-stackable-column stk-block-column stk-column stk-block stk-35e0eb2\" data-v=\"4\" data-block-id=\"35e0eb2\"><style>@media screen and (min-width:768px){.stk-35e0eb2{flex:1 1 25% !important}}<\/style><div class=\"stk-column-wrapper stk-block-column__content stk-container stk-35e0eb2-container stk--no-background stk--no-padding\"><div class=\"stk-block-content stk-inner-blocks stk-35e0eb2-inner-blocks\">\n<div class=\"wp-block-stackable-image stk-block-image stk-block stk-3110388 stk--has-lightbox\" data-block-id=\"3110388\"><style>.stk-3110388 .stk-img-wrapper{width:null% !important;height:nullpx !important}<\/style><figure class=\"stk-img-wrapper stk-image--shape-stretch\"><img loading=\"lazy\" decoding=\"async\" class=\"stk-img wp-image-1292\" src=\"https:\/\/www.ehcomunicacao.com.br\/plastitol\/wp-content\/uploads\/2023\/06\/tag-patch-etiqueta-militar-7.jpg\" width=\"901\" height=\"901\" srcset=\"https:\/\/www.plastitol.com.br\/wp-content\/uploads\/2023\/06\/tag-patch-etiqueta-militar-7.jpg 901w, https:\/\/www.plastitol.com.br\/wp-content\/uploads\/2023\/06\/tag-patch-etiqueta-militar-7-300x300.jpg 300w, https:\/\/www.plastitol.com.br\/wp-content\/uploads\/2023\/06\/tag-patch-etiqueta-militar-7-150x150.jpg 150w, https:\/\/www.plastitol.com.br\/wp-content\/uploads\/2023\/06\/tag-patch-etiqueta-militar-7-768x768.jpg 768w, https:\/\/www.plastitol.com.br\/wp-content\/uploads\/2023\/06\/tag-patch-etiqueta-militar-7-600x600.jpg 600w, https:\/\/www.plastitol.com.br\/wp-content\/uploads\/2023\/06\/tag-patch-etiqueta-militar-7-100x100.jpg 100w\" sizes=\"auto, (max-width: 901px) 100vw, 901px\" \/><\/figure><\/div>\n<\/div><\/div><\/div>\n\n\n\n<div class=\"wp-block-stackable-column stk-block-column stk-column stk-block stk-0381c33\" data-v=\"4\" data-block-id=\"0381c33\"><style>@media screen and (min-width:768px){.stk-0381c33{flex:1 1 25% !important}}<\/style><div class=\"stk-column-wrapper stk-block-column__content stk-container stk-0381c33-container stk--no-background stk--no-padding\"><div class=\"stk-block-content stk-inner-blocks stk-0381c33-inner-blocks\">\n<div class=\"wp-block-stackable-image stk-block-image stk-block stk-b9fc7f4 stk--has-lightbox\" data-block-id=\"b9fc7f4\"><figure class=\"stk-img-wrapper stk-image--shape-stretch\"><img loading=\"lazy\" decoding=\"async\" class=\"stk-img wp-image-1286\" src=\"https:\/\/www.ehcomunicacao.com.br\/plastitol\/wp-content\/uploads\/2023\/06\/tag-patch-etiqueta-militar-1.jpg\" width=\"901\" height=\"901\" srcset=\"https:\/\/www.plastitol.com.br\/wp-content\/uploads\/2023\/06\/tag-patch-etiqueta-militar-1.jpg 901w, https:\/\/www.plastitol.com.br\/wp-content\/uploads\/2023\/06\/tag-patch-etiqueta-militar-1-300x300.jpg 300w, https:\/\/www.plastitol.com.br\/wp-content\/uploads\/2023\/06\/tag-patch-etiqueta-militar-1-150x150.jpg 150w, https:\/\/www.plastitol.com.br\/wp-content\/uploads\/2023\/06\/tag-patch-etiqueta-militar-1-768x768.jpg 768w, https:\/\/www.plastitol.com.br\/wp-content\/uploads\/2023\/06\/tag-patch-etiqueta-militar-1-600x600.jpg 600w, https:\/\/www.plastitol.com.br\/wp-content\/uploads\/2023\/06\/tag-patch-etiqueta-militar-1-100x100.jpg 100w\" sizes=\"auto, (max-width: 901px) 100vw, 901px\" \/><\/figure><\/div>\n<\/div><\/div><\/div>\n\n\n\n<div class=\"wp-block-stackable-column stk-block-column stk-column stk-block stk-9c79163\" data-v=\"4\" data-block-id=\"9c79163\"><style>@media screen and (min-width:768px){.stk-9c79163{flex:1 1 25% !important}}<\/style><div class=\"stk-column-wrapper stk-block-column__content stk-container stk-9c79163-container stk--no-background stk--no-padding\"><div class=\"stk-block-content stk-inner-blocks stk-9c79163-inner-blocks\">\n<div class=\"wp-block-stackable-image stk-block-image stk-block stk-91a79c9 stk--has-lightbox\" data-block-id=\"91a79c9\"><figure class=\"stk-img-wrapper stk-image--shape-stretch\"><img loading=\"lazy\" decoding=\"async\" class=\"stk-img wp-image-1287\" src=\"https:\/\/www.ehcomunicacao.com.br\/plastitol\/wp-content\/uploads\/2023\/06\/tag-patch-etiqueta-militar-2.jpg\" width=\"901\" height=\"901\" srcset=\"https:\/\/www.plastitol.com.br\/wp-content\/uploads\/2023\/06\/tag-patch-etiqueta-militar-2.jpg 901w, https:\/\/www.plastitol.com.br\/wp-content\/uploads\/2023\/06\/tag-patch-etiqueta-militar-2-300x300.jpg 300w, https:\/\/www.plastitol.com.br\/wp-content\/uploads\/2023\/06\/tag-patch-etiqueta-militar-2-150x150.jpg 150w, https:\/\/www.plastitol.com.br\/wp-content\/uploads\/2023\/06\/tag-patch-etiqueta-militar-2-768x768.jpg 768w, https:\/\/www.plastitol.com.br\/wp-content\/uploads\/2023\/06\/tag-patch-etiqueta-militar-2-600x600.jpg 600w, https:\/\/www.plastitol.com.br\/wp-content\/uploads\/2023\/06\/tag-patch-etiqueta-militar-2-100x100.jpg 100w\" sizes=\"auto, (max-width: 901px) 100vw, 901px\" \/><\/figure><\/div>\n<\/div><\/div><\/div>\n\n\n\n<div class=\"wp-block-stackable-column stk-block-column stk-column stk-block stk-57af015\" data-v=\"4\" data-block-id=\"57af015\"><style>@media screen and (min-width:768px){.stk-57af015{flex:1 1 25% !important}}<\/style><div class=\"stk-column-wrapper stk-block-column__content stk-container stk-57af015-container stk--no-background stk--no-padding\"><div class=\"stk-block-content stk-inner-blocks stk-57af015-inner-blocks\">\n<div class=\"wp-block-stackable-image stk-block-image stk-block stk-d9ede4b stk--has-lightbox\" data-block-id=\"d9ede4b\"><figure class=\"stk-img-wrapper stk-image--shape-stretch\"><img loading=\"lazy\" decoding=\"async\" class=\"stk-img wp-image-1288\" src=\"https:\/\/www.ehcomunicacao.com.br\/plastitol\/wp-content\/uploads\/2023\/06\/tag-patch-etiqueta-militar-3.jpg\" width=\"901\" height=\"901\" srcset=\"https:\/\/www.plastitol.com.br\/wp-content\/uploads\/2023\/06\/tag-patch-etiqueta-militar-3.jpg 901w, https:\/\/www.plastitol.com.br\/wp-content\/uploads\/2023\/06\/tag-patch-etiqueta-militar-3-300x300.jpg 300w, https:\/\/www.plastitol.com.br\/wp-content\/uploads\/2023\/06\/tag-patch-etiqueta-militar-3-150x150.jpg 150w, https:\/\/www.plastitol.com.br\/wp-content\/uploads\/2023\/06\/tag-patch-etiqueta-militar-3-768x768.jpg 768w, https:\/\/www.plastitol.com.br\/wp-content\/uploads\/2023\/06\/tag-patch-etiqueta-militar-3-600x600.jpg 600w, https:\/\/www.plastitol.com.br\/wp-content\/uploads\/2023\/06\/tag-patch-etiqueta-militar-3-100x100.jpg 100w\" sizes=\"auto, (max-width: 901px) 100vw, 901px\" \/><\/figure><\/div>\n<\/div><\/div><\/div>\n<\/div><\/div>\n\n\n\n<div class=\"wp-block-stackable-columns stk-block-columns stk-block stk-45bf1a8\" data-block-id=\"45bf1a8\"><div class=\"stk-row stk-inner-blocks stk-block-content stk-content-align stk-45bf1a8-column\">\n<div class=\"wp-block-stackable-column stk-block-column stk-column stk-block stk-37730f7\" data-v=\"4\" data-block-id=\"37730f7\"><style>@media screen and (min-width:768px){.stk-37730f7{flex:1 1 25% !important}}<\/style><div class=\"stk-column-wrapper stk-block-column__content stk-container stk-37730f7-container stk--no-background stk--no-padding\"><div class=\"stk-block-content stk-inner-blocks stk-37730f7-inner-blocks\">\n<div class=\"wp-block-stackable-image stk-block-image stk-block stk-858c081 stk--has-lightbox\" data-block-id=\"858c081\"><figure class=\"stk-img-wrapper stk-image--shape-stretch\"><img loading=\"lazy\" decoding=\"async\" class=\"stk-img wp-image-1289\" src=\"https:\/\/www.ehcomunicacao.com.br\/plastitol\/wp-content\/uploads\/2023\/06\/tag-patch-etiqueta-militar-4.jpg\" width=\"901\" height=\"901\" srcset=\"https:\/\/www.plastitol.com.br\/wp-content\/uploads\/2023\/06\/tag-patch-etiqueta-militar-4.jpg 901w, https:\/\/www.plastitol.com.br\/wp-content\/uploads\/2023\/06\/tag-patch-etiqueta-militar-4-300x300.jpg 300w, https:\/\/www.plastitol.com.br\/wp-content\/uploads\/2023\/06\/tag-patch-etiqueta-militar-4-150x150.jpg 150w, https:\/\/www.plastitol.com.br\/wp-content\/uploads\/2023\/06\/tag-patch-etiqueta-militar-4-768x768.jpg 768w, https:\/\/www.plastitol.com.br\/wp-content\/uploads\/2023\/06\/tag-patch-etiqueta-militar-4-600x600.jpg 600w, https:\/\/www.plastitol.com.br\/wp-content\/uploads\/2023\/06\/tag-patch-etiqueta-militar-4-100x100.jpg 100w\" sizes=\"auto, (max-width: 901px) 100vw, 901px\" \/><\/figure><\/div>\n<\/div><\/div><\/div>\n\n\n\n<div class=\"wp-block-stackable-column stk-block-column stk-column stk-block stk-1116867\" data-v=\"4\" data-block-id=\"1116867\"><style>@media screen and (min-width:768px){.stk-1116867{flex:1 1 25% !important}}<\/style><div class=\"stk-column-wrapper stk-block-column__content stk-container stk-1116867-container stk--no-background stk--no-padding\"><div class=\"stk-block-content stk-inner-blocks stk-1116867-inner-blocks\">\n<div class=\"wp-block-stackable-image stk-block-image stk-block stk-8f1d3f6 stk--has-lightbox\" data-block-id=\"8f1d3f6\"><figure class=\"stk-img-wrapper stk-image--shape-stretch\"><img loading=\"lazy\" decoding=\"async\" class=\"stk-img wp-image-1290\" src=\"https:\/\/www.ehcomunicacao.com.br\/plastitol\/wp-content\/uploads\/2023\/06\/tag-patch-etiqueta-militar-5.jpg\" width=\"901\" height=\"901\" srcset=\"https:\/\/www.plastitol.com.br\/wp-content\/uploads\/2023\/06\/tag-patch-etiqueta-militar-5.jpg 901w, https:\/\/www.plastitol.com.br\/wp-content\/uploads\/2023\/06\/tag-patch-etiqueta-militar-5-300x300.jpg 300w, https:\/\/www.plastitol.com.br\/wp-content\/uploads\/2023\/06\/tag-patch-etiqueta-militar-5-150x150.jpg 150w, https:\/\/www.plastitol.com.br\/wp-content\/uploads\/2023\/06\/tag-patch-etiqueta-militar-5-768x768.jpg 768w, https:\/\/www.plastitol.com.br\/wp-content\/uploads\/2023\/06\/tag-patch-etiqueta-militar-5-600x600.jpg 600w, https:\/\/www.plastitol.com.br\/wp-content\/uploads\/2023\/06\/tag-patch-etiqueta-militar-5-100x100.jpg 100w\" sizes=\"auto, (max-width: 901px) 100vw, 901px\" \/><\/figure><\/div>\n<\/div><\/div><\/div>\n\n\n\n<div class=\"wp-block-stackable-column stk-block-column stk-column stk-block stk-09f3f0c\" data-v=\"4\" data-block-id=\"09f3f0c\"><style>@media screen and (min-width:768px){.stk-09f3f0c{flex:1 1 25% !important}}<\/style><div class=\"stk-column-wrapper stk-block-column__content stk-container stk-09f3f0c-container stk--no-background stk--no-padding\"><div class=\"stk-block-content stk-inner-blocks stk-09f3f0c-inner-blocks\">\n<div class=\"wp-block-stackable-image stk-block-image stk-block stk-8bf1f14 stk--has-lightbox\" data-block-id=\"8bf1f14\"><figure class=\"stk-img-wrapper stk-image--shape-stretch\"><img loading=\"lazy\" decoding=\"async\" class=\"stk-img wp-image-1291\" src=\"https:\/\/www.ehcomunicacao.com.br\/plastitol\/wp-content\/uploads\/2023\/06\/tag-patch-etiqueta-militar-6.jpg\" width=\"901\" height=\"901\" srcset=\"https:\/\/www.plastitol.com.br\/wp-content\/uploads\/2023\/06\/tag-patch-etiqueta-militar-6.jpg 901w, https:\/\/www.plastitol.com.br\/wp-content\/uploads\/2023\/06\/tag-patch-etiqueta-militar-6-300x300.jpg 300w, https:\/\/www.plastitol.com.br\/wp-content\/uploads\/2023\/06\/tag-patch-etiqueta-militar-6-150x150.jpg 150w, https:\/\/www.plastitol.com.br\/wp-content\/uploads\/2023\/06\/tag-patch-etiqueta-militar-6-768x768.jpg 768w, https:\/\/www.plastitol.com.br\/wp-content\/uploads\/2023\/06\/tag-patch-etiqueta-militar-6-600x600.jpg 600w, https:\/\/www.plastitol.com.br\/wp-content\/uploads\/2023\/06\/tag-patch-etiqueta-militar-6-100x100.jpg 100w\" sizes=\"auto, (max-width: 901px) 100vw, 901px\" \/><\/figure><\/div>\n<\/div><\/div><\/div>\n\n\n\n<div class=\"wp-block-stackable-column stk-block-column stk-column stk-block stk-b98ef79\" data-v=\"4\" data-block-id=\"b98ef79\"><style>@media screen and (min-width:768px){.stk-b98ef79{flex:1 1 25% !important}}<\/style><div class=\"stk-column-wrapper stk-block-column__content stk-container stk-b98ef79-container stk--no-background stk--no-padding\"><div class=\"stk-block-content stk-inner-blocks stk-b98ef79-inner-blocks\">\n<div class=\"wp-block-stackable-image stk-block-image stk-block stk-e455e9c stk--has-lightbox\" data-block-id=\"e455e9c\"><figure class=\"stk-img-wrapper stk-image--shape-stretch\"><img loading=\"lazy\" decoding=\"async\" class=\"stk-img wp-image-1293\" src=\"https:\/\/www.ehcomunicacao.com.br\/plastitol\/wp-content\/uploads\/2023\/06\/tag-patch-etiqueta-militar-8.jpg\" width=\"901\" height=\"901\" srcset=\"https:\/\/www.plastitol.com.br\/wp-content\/uploads\/2023\/06\/tag-patch-etiqueta-militar-8.jpg 901w, https:\/\/www.plastitol.com.br\/wp-content\/uploads\/2023\/06\/tag-patch-etiqueta-militar-8-300x300.jpg 300w, https:\/\/www.plastitol.com.br\/wp-content\/uploads\/2023\/06\/tag-patch-etiqueta-militar-8-150x150.jpg 150w, https:\/\/www.plastitol.com.br\/wp-content\/uploads\/2023\/06\/tag-patch-etiqueta-militar-8-768x768.jpg 768w, https:\/\/www.plastitol.com.br\/wp-content\/uploads\/2023\/06\/tag-patch-etiqueta-militar-8-600x600.jpg 600w, https:\/\/www.plastitol.com.br\/wp-content\/uploads\/2023\/06\/tag-patch-etiqueta-militar-8-100x100.jpg 100w\" sizes=\"auto, (max-width: 901px) 100vw, 901px\" \/><\/figure><\/div>\n<\/div><\/div><\/div>\n<\/div><\/div>\n","protected":false},"excerpt":{"rendered":"<p>Temos um cat\u00e1logo completo de produtos oficiais da LINHA MILITAR BRASILEIRA.Etiquetas\/Patch de patentes, grupos militares, uniformes, etc, al\u00e9m de chaveiros e pins.Ex\u00e9rcito, Marinha, Aeron\u00e1utica, Guardas-municipais, Pol\u00edcia Federal, Pol\u00edcias Militar, entre outras institui\u00e7\u00f5es oficiais.SOLICITE NOSSO CAT\u00c1LOGO COMPLETO.<\/p>\n","protected":false},"author":1,"featured_media":0,"parent":0,"menu_order":0,"comment_status":"closed","ping_status":"closed","template":"","meta":{"footnotes":""},"class_list":["post-807","page","type-page","status-publish","hentry"],"blocksy_meta":{"page_structure_type":"type-1"},"featured_image_urls":{"full":"","thumbnail":"","medium":"","medium_large":"","large":"","1536x1536":"","2048x2048":""},"post_excerpt_stackable":"<p>Temos um cat\u00e1logo completo de produtos oficiais da LINHA MILITAR BRASILEIRA.Etiquetas\/Patch de patentes, grupos militares, uniformes, etc, al\u00e9m de chaveiros e pins.Ex\u00e9rcito, Marinha, Aeron\u00e1utica, Guardas-municipais, Pol\u00edcia Federal, Pol\u00edcias Militar, entre outras institui\u00e7\u00f5es oficiais.SOLICITE NOSSO CAT\u00c1LOGO COMPLETO.<\/p>\n","category_list":"","author_info":{"name":"plastitol","url":"https:\/\/www.plastitol.com.br\/?author=1"},"comments_num":"0 coment\u00e1rio","jetpack_sharing_enabled":true,"_links":{"self":[{"href":"https:\/\/www.plastitol.com.br\/index.php?rest_route=\/wp\/v2\/pages\/807","targetHints":{"allow":["GET"]}}],"collection":[{"href":"https:\/\/www.plastitol.com.br\/index.php?rest_route=\/wp\/v2\/pages"}],"about":[{"href":"https:\/\/www.plastitol.com.br\/index.php?rest_route=\/wp\/v2\/types\/page"}],"author":[{"embeddable":true,"href":"https:\/\/www.plastitol.com.br\/index.php?rest_route=\/wp\/v2\/users\/1"}],"replies":[{"embeddable":true,"href":"https:\/\/www.plastitol.com.br\/index.php?rest_route=%2Fwp%2Fv2%2Fcomments&post=807"}],"version-history":[{"count":2,"href":"https:\/\/www.plastitol.com.br\/index.php?rest_route=\/wp\/v2\/pages\/807\/revisions"}],"predecessor-version":[{"id":1294,"href":"https:\/\/www.plastitol.com.br\/index.php?rest_route=\/wp\/v2\/pages\/807\/revisions\/1294"}],"wp:attachment":[{"href":"https:\/\/www.plastitol.com.br\/index.php?rest_route=%2Fwp%2Fv2%2Fmedia&parent=807"}],"curies":[{"name":"wp","href":"https:\/\/api.w.org\/{rel}","templated":true}]}}