{"id":805,"date":"2023-06-21T17:32:16","date_gmt":"2023-06-21T20:32:16","guid":{"rendered":"https:\/\/www.ehcomunicacao.com.br\/plastitol\/?page_id=805"},"modified":"2023-06-25T14:18:38","modified_gmt":"2023-06-25T17:18:38","slug":"linha-turistica","status":"publish","type":"page","link":"https:\/\/www.plastitol.com.br\/?page_id=805","title":{"rendered":"Produtos para Turismo"},"content":{"rendered":"\n<p>Temos um cat\u00e1logo completo de produtos com o tema de diversos ESTADOS e CIDADES  TUR\u00cdSTICAS do Brasil.<br>A Linha inclui chaveiros, pulseiras, porta-copos, b\u00f3tons, etiquetas, patch para roupas, etc.<br>SOLICITE NOSSO CAT\u00c1LOGO COMPLETO.<\/p>\n\n\n\n<div class=\"wp-block-stackable-columns stk-block-columns stk-block stk-649036e\" data-block-id=\"649036e\"><div class=\"stk-row stk-inner-blocks stk-block-content stk-content-align stk-649036e-column\">\n<div class=\"wp-block-stackable-column stk-block-column stk-column stk-block stk-d9ac7fa\" data-v=\"4\" data-block-id=\"d9ac7fa\"><style>@media screen and (min-width:768px){.stk-d9ac7fa{flex:1 1 25% !important}}<\/style><div class=\"stk-column-wrapper stk-block-column__content stk-container stk-d9ac7fa-container stk--no-background stk--no-padding\"><div class=\"stk-block-content stk-inner-blocks stk-d9ac7fa-inner-blocks\">\n<div class=\"wp-block-stackable-image stk-block-image stk-block stk-4323119 stk--has-lightbox\" data-block-id=\"4323119\"><style>.stk-4323119 .stk-img-wrapper{width:null% !important;height:nullpx !important}<\/style><figure class=\"stk-img-wrapper stk-image--shape-stretch\"><img loading=\"lazy\" decoding=\"async\" class=\"stk-img wp-image-1280\" src=\"https:\/\/www.ehcomunicacao.com.br\/plastitol\/wp-content\/uploads\/2023\/06\/produtos-turismo-4.jpg\" width=\"901\" height=\"901\" srcset=\"https:\/\/www.plastitol.com.br\/wp-content\/uploads\/2023\/06\/produtos-turismo-4.jpg 901w, https:\/\/www.plastitol.com.br\/wp-content\/uploads\/2023\/06\/produtos-turismo-4-300x300.jpg 300w, https:\/\/www.plastitol.com.br\/wp-content\/uploads\/2023\/06\/produtos-turismo-4-150x150.jpg 150w, https:\/\/www.plastitol.com.br\/wp-content\/uploads\/2023\/06\/produtos-turismo-4-768x768.jpg 768w, https:\/\/www.plastitol.com.br\/wp-content\/uploads\/2023\/06\/produtos-turismo-4-600x600.jpg 600w, https:\/\/www.plastitol.com.br\/wp-content\/uploads\/2023\/06\/produtos-turismo-4-100x100.jpg 100w\" sizes=\"auto, (max-width: 901px) 100vw, 901px\" \/><\/figure><\/div>\n<\/div><\/div><\/div>\n\n\n\n<div class=\"wp-block-stackable-column stk-block-column stk-column stk-block stk-dcd015a\" data-v=\"4\" data-block-id=\"dcd015a\"><style>@media screen and (min-width:768px){.stk-dcd015a{flex:1 1 25% !important}}<\/style><div class=\"stk-column-wrapper stk-block-column__content stk-container stk-dcd015a-container stk--no-background stk--no-padding\"><div class=\"stk-block-content stk-inner-blocks stk-dcd015a-inner-blocks\">\n<div class=\"wp-block-stackable-image stk-block-image stk-block stk-75482ee stk--has-lightbox\" data-block-id=\"75482ee\"><figure class=\"stk-img-wrapper stk-image--shape-stretch\"><img loading=\"lazy\" decoding=\"async\" class=\"stk-img wp-image-1279\" src=\"https:\/\/www.ehcomunicacao.com.br\/plastitol\/wp-content\/uploads\/2023\/06\/produtos-turismo-3.jpg\" width=\"901\" height=\"901\" srcset=\"https:\/\/www.plastitol.com.br\/wp-content\/uploads\/2023\/06\/produtos-turismo-3.jpg 901w, https:\/\/www.plastitol.com.br\/wp-content\/uploads\/2023\/06\/produtos-turismo-3-300x300.jpg 300w, https:\/\/www.plastitol.com.br\/wp-content\/uploads\/2023\/06\/produtos-turismo-3-150x150.jpg 150w, https:\/\/www.plastitol.com.br\/wp-content\/uploads\/2023\/06\/produtos-turismo-3-768x768.jpg 768w, https:\/\/www.plastitol.com.br\/wp-content\/uploads\/2023\/06\/produtos-turismo-3-600x600.jpg 600w, https:\/\/www.plastitol.com.br\/wp-content\/uploads\/2023\/06\/produtos-turismo-3-100x100.jpg 100w\" sizes=\"auto, (max-width: 901px) 100vw, 901px\" \/><\/figure><\/div>\n<\/div><\/div><\/div>\n\n\n\n<div class=\"wp-block-stackable-column stk-block-column stk-column stk-block stk-f3ae11a\" data-v=\"4\" data-block-id=\"f3ae11a\"><style>@media screen and (min-width:768px){.stk-f3ae11a{flex:1 1 25% !important}}<\/style><div class=\"stk-column-wrapper stk-block-column__content stk-container stk-f3ae11a-container stk--no-background stk--no-padding\"><div class=\"stk-block-content stk-inner-blocks stk-f3ae11a-inner-blocks\">\n<div class=\"wp-block-stackable-image stk-block-image stk-block stk-b6fb488 stk--has-lightbox\" data-block-id=\"b6fb488\"><figure class=\"stk-img-wrapper stk-image--shape-stretch\"><img loading=\"lazy\" decoding=\"async\" class=\"stk-img wp-image-1278\" src=\"https:\/\/www.ehcomunicacao.com.br\/plastitol\/wp-content\/uploads\/2023\/06\/produtos-turismo-2.jpg\" width=\"901\" height=\"901\" srcset=\"https:\/\/www.plastitol.com.br\/wp-content\/uploads\/2023\/06\/produtos-turismo-2.jpg 901w, https:\/\/www.plastitol.com.br\/wp-content\/uploads\/2023\/06\/produtos-turismo-2-300x300.jpg 300w, https:\/\/www.plastitol.com.br\/wp-content\/uploads\/2023\/06\/produtos-turismo-2-150x150.jpg 150w, https:\/\/www.plastitol.com.br\/wp-content\/uploads\/2023\/06\/produtos-turismo-2-768x768.jpg 768w, https:\/\/www.plastitol.com.br\/wp-content\/uploads\/2023\/06\/produtos-turismo-2-600x600.jpg 600w, https:\/\/www.plastitol.com.br\/wp-content\/uploads\/2023\/06\/produtos-turismo-2-100x100.jpg 100w\" sizes=\"auto, (max-width: 901px) 100vw, 901px\" \/><\/figure><\/div>\n<\/div><\/div><\/div>\n\n\n\n<div class=\"wp-block-stackable-column stk-block-column stk-column stk-block stk-e3c538c\" data-v=\"4\" data-block-id=\"e3c538c\"><style>@media screen and (min-width:768px){.stk-e3c538c{flex:1 1 25% !important}}<\/style><div class=\"stk-column-wrapper stk-block-column__content stk-container stk-e3c538c-container stk--no-background stk--no-padding\"><div class=\"stk-block-content stk-inner-blocks stk-e3c538c-inner-blocks\">\n<div class=\"wp-block-stackable-image stk-block-image stk-block stk-1c64959 stk--has-lightbox\" data-block-id=\"1c64959\"><figure class=\"stk-img-wrapper stk-image--shape-stretch\"><img loading=\"lazy\" decoding=\"async\" class=\"stk-img wp-image-1277\" src=\"https:\/\/www.ehcomunicacao.com.br\/plastitol\/wp-content\/uploads\/2023\/06\/produtos-turismo-1.jpg\" width=\"901\" height=\"901\" srcset=\"https:\/\/www.plastitol.com.br\/wp-content\/uploads\/2023\/06\/produtos-turismo-1.jpg 901w, https:\/\/www.plastitol.com.br\/wp-content\/uploads\/2023\/06\/produtos-turismo-1-300x300.jpg 300w, https:\/\/www.plastitol.com.br\/wp-content\/uploads\/2023\/06\/produtos-turismo-1-150x150.jpg 150w, https:\/\/www.plastitol.com.br\/wp-content\/uploads\/2023\/06\/produtos-turismo-1-768x768.jpg 768w, https:\/\/www.plastitol.com.br\/wp-content\/uploads\/2023\/06\/produtos-turismo-1-600x600.jpg 600w, https:\/\/www.plastitol.com.br\/wp-content\/uploads\/2023\/06\/produtos-turismo-1-100x100.jpg 100w\" sizes=\"auto, (max-width: 901px) 100vw, 901px\" \/><\/figure><\/div>\n<\/div><\/div><\/div>\n<\/div><\/div>\n\n\n\n<div class=\"wp-block-stackable-columns stk-block-columns stk-block stk-abbc6d4\" data-block-id=\"abbc6d4\"><div class=\"stk-row stk-inner-blocks stk-block-content stk-content-align stk-abbc6d4-column\">\n<div class=\"wp-block-stackable-column stk-block-column stk-column stk-block stk-2a88db6\" data-v=\"4\" data-block-id=\"2a88db6\"><style>@media screen and (min-width:768px){.stk-2a88db6{flex:1 1 25% !important}}<\/style><div class=\"stk-column-wrapper stk-block-column__content stk-container stk-2a88db6-container stk--no-background stk--no-padding\"><div class=\"stk-block-content stk-inner-blocks stk-2a88db6-inner-blocks\">\n<div class=\"wp-block-stackable-image stk-block-image stk-block stk-6e75f53 stk--has-lightbox\" data-block-id=\"6e75f53\"><figure class=\"stk-img-wrapper stk-image--shape-stretch\"><img loading=\"lazy\" decoding=\"async\" class=\"stk-img wp-image-1275\" src=\"https:\/\/www.ehcomunicacao.com.br\/plastitol\/wp-content\/uploads\/2023\/06\/artes-site.jpg\" width=\"901\" height=\"901\" srcset=\"https:\/\/www.plastitol.com.br\/wp-content\/uploads\/2023\/06\/artes-site.jpg 901w, https:\/\/www.plastitol.com.br\/wp-content\/uploads\/2023\/06\/artes-site-300x300.jpg 300w, https:\/\/www.plastitol.com.br\/wp-content\/uploads\/2023\/06\/artes-site-150x150.jpg 150w, https:\/\/www.plastitol.com.br\/wp-content\/uploads\/2023\/06\/artes-site-768x768.jpg 768w, https:\/\/www.plastitol.com.br\/wp-content\/uploads\/2023\/06\/artes-site-600x600.jpg 600w, https:\/\/www.plastitol.com.br\/wp-content\/uploads\/2023\/06\/artes-site-100x100.jpg 100w\" sizes=\"auto, (max-width: 901px) 100vw, 901px\" \/><\/figure><\/div>\n<\/div><\/div><\/div>\n\n\n\n<div class=\"wp-block-stackable-column stk-block-column stk-column stk-block stk-e70437d\" data-v=\"4\" data-block-id=\"e70437d\"><style>@media screen and (min-width:768px){.stk-e70437d{flex:1 1 25% !important}}<\/style><div class=\"stk-column-wrapper stk-block-column__content stk-container stk-e70437d-container stk--no-background stk--no-padding\"><div class=\"stk-block-content stk-inner-blocks stk-e70437d-inner-blocks\">\n<div class=\"wp-block-stackable-image stk-block-image stk-block stk-385fcc9 stk--has-lightbox\" data-block-id=\"385fcc9\"><figure class=\"stk-img-wrapper stk-image--shape-stretch\"><img loading=\"lazy\" decoding=\"async\" class=\"stk-img wp-image-1102\" src=\"https:\/\/www.ehcomunicacao.com.br\/plastitol\/wp-content\/uploads\/2023\/06\/etiqueta-emborrachada-1.jpg\" width=\"901\" height=\"901\" srcset=\"https:\/\/www.plastitol.com.br\/wp-content\/uploads\/2023\/06\/etiqueta-emborrachada-1.jpg 901w, https:\/\/www.plastitol.com.br\/wp-content\/uploads\/2023\/06\/etiqueta-emborrachada-1-300x300.jpg 300w, https:\/\/www.plastitol.com.br\/wp-content\/uploads\/2023\/06\/etiqueta-emborrachada-1-150x150.jpg 150w, https:\/\/www.plastitol.com.br\/wp-content\/uploads\/2023\/06\/etiqueta-emborrachada-1-768x768.jpg 768w, https:\/\/www.plastitol.com.br\/wp-content\/uploads\/2023\/06\/etiqueta-emborrachada-1-600x600.jpg 600w, https:\/\/www.plastitol.com.br\/wp-content\/uploads\/2023\/06\/etiqueta-emborrachada-1-100x100.jpg 100w\" sizes=\"auto, (max-width: 901px) 100vw, 901px\" \/><\/figure><\/div>\n<\/div><\/div><\/div>\n\n\n\n<div class=\"wp-block-stackable-column stk-block-column stk-column stk-block stk-9733737\" data-v=\"4\" data-block-id=\"9733737\"><style>@media screen and (min-width:768px){.stk-9733737{flex:1 1 25% !important}}<\/style><div class=\"stk-column-wrapper stk-block-column__content stk-container stk-9733737-container stk--no-background stk--no-padding\"><div class=\"stk-block-content stk-inner-blocks stk-9733737-inner-blocks\">\n<div class=\"wp-block-stackable-image stk-block-image stk-block stk-2c25a2b stk--has-lightbox\" data-block-id=\"2c25a2b\"><figure class=\"stk-img-wrapper stk-image--shape-stretch\"><img loading=\"lazy\" decoding=\"async\" class=\"stk-img wp-image-1157\" src=\"https:\/\/www.ehcomunicacao.com.br\/plastitol\/wp-content\/uploads\/2023\/06\/brinde-porta-copo-emborrachado-1.jpg\" width=\"901\" height=\"901\" srcset=\"https:\/\/www.plastitol.com.br\/wp-content\/uploads\/2023\/06\/brinde-porta-copo-emborrachado-1.jpg 901w, https:\/\/www.plastitol.com.br\/wp-content\/uploads\/2023\/06\/brinde-porta-copo-emborrachado-1-300x300.jpg 300w, https:\/\/www.plastitol.com.br\/wp-content\/uploads\/2023\/06\/brinde-porta-copo-emborrachado-1-150x150.jpg 150w, https:\/\/www.plastitol.com.br\/wp-content\/uploads\/2023\/06\/brinde-porta-copo-emborrachado-1-768x768.jpg 768w, https:\/\/www.plastitol.com.br\/wp-content\/uploads\/2023\/06\/brinde-porta-copo-emborrachado-1-600x600.jpg 600w, https:\/\/www.plastitol.com.br\/wp-content\/uploads\/2023\/06\/brinde-porta-copo-emborrachado-1-100x100.jpg 100w\" sizes=\"auto, (max-width: 901px) 100vw, 901px\" \/><\/figure><\/div>\n<\/div><\/div><\/div>\n\n\n\n<div class=\"wp-block-stackable-column stk-block-column stk-column stk-block stk-3f6054b\" data-v=\"4\" data-block-id=\"3f6054b\"><style>@media screen and (min-width:768px){.stk-3f6054b{flex:1 1 25% !important}}<\/style><div class=\"stk-column-wrapper stk-block-column__content stk-container stk-3f6054b-container stk--no-background stk--no-padding\"><div class=\"stk-block-content stk-inner-blocks stk-3f6054b-inner-blocks\">\n<div class=\"wp-block-stackable-image stk-block-image stk-block stk-d1f755b stk--has-lightbox\" data-block-id=\"d1f755b\"><figure class=\"stk-img-wrapper stk-image--shape-stretch\"><img loading=\"lazy\" decoding=\"async\" class=\"stk-img wp-image-1281\" src=\"https:\/\/www.ehcomunicacao.com.br\/plastitol\/wp-content\/uploads\/2023\/06\/produtos-turismo-6.jpg\" width=\"901\" height=\"901\" srcset=\"https:\/\/www.plastitol.com.br\/wp-content\/uploads\/2023\/06\/produtos-turismo-6.jpg 901w, https:\/\/www.plastitol.com.br\/wp-content\/uploads\/2023\/06\/produtos-turismo-6-300x300.jpg 300w, https:\/\/www.plastitol.com.br\/wp-content\/uploads\/2023\/06\/produtos-turismo-6-150x150.jpg 150w, https:\/\/www.plastitol.com.br\/wp-content\/uploads\/2023\/06\/produtos-turismo-6-768x768.jpg 768w, https:\/\/www.plastitol.com.br\/wp-content\/uploads\/2023\/06\/produtos-turismo-6-600x600.jpg 600w, https:\/\/www.plastitol.com.br\/wp-content\/uploads\/2023\/06\/produtos-turismo-6-100x100.jpg 100w\" sizes=\"auto, (max-width: 901px) 100vw, 901px\" \/><\/figure><\/div>\n<\/div><\/div><\/div>\n<\/div><\/div>\n","protected":false},"excerpt":{"rendered":"<p>Temos um cat\u00e1logo completo de produtos com o tema de diversos ESTADOS e CIDADES TUR\u00cdSTICAS do Brasil.A Linha inclui chaveiros, pulseiras, porta-copos, b\u00f3tons, etiquetas, patch para roupas, etc.SOLICITE NOSSO CAT\u00c1LOGO COMPLETO.<\/p>\n","protected":false},"author":1,"featured_media":0,"parent":0,"menu_order":0,"comment_status":"closed","ping_status":"closed","template":"","meta":{"footnotes":""},"class_list":["post-805","page","type-page","status-publish","hentry"],"blocksy_meta":{"page_structure_type":"type-1"},"featured_image_urls":{"full":"","thumbnail":"","medium":"","medium_large":"","large":"","1536x1536":"","2048x2048":""},"post_excerpt_stackable":"<p>Temos um cat\u00e1logo completo de produtos com o tema de diversos ESTADOS e CIDADES TUR\u00cdSTICAS do Brasil.A Linha inclui chaveiros, pulseiras, porta-copos, b\u00f3tons, etiquetas, patch para roupas, etc.SOLICITE NOSSO CAT\u00c1LOGO COMPLETO.<\/p>\n","category_list":"","author_info":{"name":"plastitol","url":"https:\/\/www.plastitol.com.br\/?author=1"},"comments_num":"0 coment\u00e1rio","jetpack_sharing_enabled":true,"_links":{"self":[{"href":"https:\/\/www.plastitol.com.br\/index.php?rest_route=\/wp\/v2\/pages\/805","targetHints":{"allow":["GET"]}}],"collection":[{"href":"https:\/\/www.plastitol.com.br\/index.php?rest_route=\/wp\/v2\/pages"}],"about":[{"href":"https:\/\/www.plastitol.com.br\/index.php?rest_route=\/wp\/v2\/types\/page"}],"author":[{"embeddable":true,"href":"https:\/\/www.plastitol.com.br\/index.php?rest_route=\/wp\/v2\/users\/1"}],"replies":[{"embeddable":true,"href":"https:\/\/www.plastitol.com.br\/index.php?rest_route=%2Fwp%2Fv2%2Fcomments&post=805"}],"version-history":[{"count":3,"href":"https:\/\/www.plastitol.com.br\/index.php?rest_route=\/wp\/v2\/pages\/805\/revisions"}],"predecessor-version":[{"id":1282,"href":"https:\/\/www.plastitol.com.br\/index.php?rest_route=\/wp\/v2\/pages\/805\/revisions\/1282"}],"wp:attachment":[{"href":"https:\/\/www.plastitol.com.br\/index.php?rest_route=%2Fwp%2Fv2%2Fmedia&parent=805"}],"curies":[{"name":"wp","href":"https:\/\/api.w.org\/{rel}","templated":true}]}}