{"id":791,"date":"2023-06-21T17:18:40","date_gmt":"2023-06-21T20:18:40","guid":{"rendered":"https:\/\/www.ehcomunicacao.com.br\/plastitol\/?page_id=791"},"modified":"2023-06-25T10:18:59","modified_gmt":"2023-06-25T13:18:59","slug":"camisa-esportiva","status":"publish","type":"page","link":"https:\/\/www.plastitol.com.br\/?page_id=791","title":{"rendered":"Camisa Esportiva e Promocional"},"content":{"rendered":"\n<p><strong>Finalidades<\/strong>: camisas de malha e dry fit para promocionais e brindes e camisas de 100% poliamida com prote\u00e7\u00e3o UV para atividades esportivas, como corridas de rua, caminhadas, bike, etc.<br><strong>Modelos<\/strong>: regata, ol\u00edmpica (com tradicional ou com recorte vertical) e de manga longa.<br><strong>Tamanhos<\/strong>: babylook (PP fem), P at\u00e9 o GG &#8211; masculinos e femininos<br><strong>Estampas<\/strong>: em silk ou sublima\u00e7\u00e3o.<br><strong>Cores<\/strong>: temos um cat\u00e1logo de cores para cada tipo de tecido. Consulte-nos!<\/p>\n\n\n\n<div class=\"wp-block-stackable-columns stk-block-columns stk-block stk-21e2642\" data-block-id=\"21e2642\"><div class=\"stk-row stk-inner-blocks stk-block-content stk-content-align stk-21e2642-column\">\n<div class=\"wp-block-stackable-column stk-block-column stk-column stk-block stk-c6d31f3\" data-v=\"4\" data-block-id=\"c6d31f3\"><style>@media screen and (min-width:768px){.stk-c6d31f3{flex:1 1 25% !important}}<\/style><div class=\"stk-column-wrapper stk-block-column__content stk-container stk-c6d31f3-container stk--no-background stk--no-padding\"><div class=\"stk-block-content stk-inner-blocks stk-c6d31f3-inner-blocks\">\n<div class=\"wp-block-stackable-image stk-block-image stk-block stk-ea985ff stk--has-lightbox\" data-block-id=\"ea985ff\"><style>.stk-ea985ff .stk-img-wrapper{width:99% !important;height:178px !important}<\/style><figure class=\"stk-img-wrapper stk-image--shape-stretch\"><img loading=\"lazy\" decoding=\"async\" class=\"stk-img wp-image-1212\" src=\"https:\/\/www.ehcomunicacao.com.br\/plastitol\/wp-content\/uploads\/2023\/06\/DSCN3907.jpg\" width=\"1132\" height=\"1236\" srcset=\"https:\/\/www.plastitol.com.br\/wp-content\/uploads\/2023\/06\/DSCN3907.jpg 1132w, https:\/\/www.plastitol.com.br\/wp-content\/uploads\/2023\/06\/DSCN3907-275x300.jpg 275w, https:\/\/www.plastitol.com.br\/wp-content\/uploads\/2023\/06\/DSCN3907-938x1024.jpg 938w, https:\/\/www.plastitol.com.br\/wp-content\/uploads\/2023\/06\/DSCN3907-768x839.jpg 768w, https:\/\/www.plastitol.com.br\/wp-content\/uploads\/2023\/06\/DSCN3907-300x328.jpg 300w, https:\/\/www.plastitol.com.br\/wp-content\/uploads\/2023\/06\/DSCN3907-600x655.jpg 600w\" sizes=\"auto, (max-width: 1132px) 100vw, 1132px\" \/><\/figure><\/div>\n<\/div><\/div><\/div>\n\n\n\n<div class=\"wp-block-stackable-column stk-block-column stk-column stk-block stk-c5da84a\" data-v=\"4\" data-block-id=\"c5da84a\"><style>@media screen and (min-width:768px){.stk-c5da84a{flex:1 1 25% !important}}<\/style><div class=\"stk-column-wrapper stk-block-column__content stk-container stk-c5da84a-container stk--no-background stk--no-padding\"><div class=\"stk-block-content stk-inner-blocks stk-c5da84a-inner-blocks\">\n<div class=\"wp-block-stackable-image stk-block-image stk-block stk-f2235ea stk--has-lightbox\" data-block-id=\"f2235ea\"><style>.stk-f2235ea .stk-img-wrapper{width:99% !important;height:178px !important}<\/style><figure class=\"stk-img-wrapper stk-image--shape-stretch\"><img loading=\"lazy\" decoding=\"async\" class=\"stk-img wp-image-1208\" src=\"https:\/\/www.ehcomunicacao.com.br\/plastitol\/wp-content\/uploads\/2023\/06\/DSCN3899.jpg\" width=\"1129\" height=\"1259\" srcset=\"https:\/\/www.plastitol.com.br\/wp-content\/uploads\/2023\/06\/DSCN3899.jpg 1129w, https:\/\/www.plastitol.com.br\/wp-content\/uploads\/2023\/06\/DSCN3899-269x300.jpg 269w, https:\/\/www.plastitol.com.br\/wp-content\/uploads\/2023\/06\/DSCN3899-918x1024.jpg 918w, https:\/\/www.plastitol.com.br\/wp-content\/uploads\/2023\/06\/DSCN3899-768x856.jpg 768w, https:\/\/www.plastitol.com.br\/wp-content\/uploads\/2023\/06\/DSCN3899-300x335.jpg 300w, https:\/\/www.plastitol.com.br\/wp-content\/uploads\/2023\/06\/DSCN3899-600x669.jpg 600w\" sizes=\"auto, (max-width: 1129px) 100vw, 1129px\" \/><\/figure><\/div>\n<\/div><\/div><\/div>\n\n\n\n<div class=\"wp-block-stackable-column stk-block-column stk-column stk-block stk-d4f50fa\" data-v=\"4\" data-block-id=\"d4f50fa\"><style>@media screen and (min-width:768px){.stk-d4f50fa{flex:1 1 25% !important}}<\/style><div class=\"stk-column-wrapper stk-block-column__content stk-container stk-d4f50fa-container stk--no-background stk--no-padding\"><div class=\"stk-block-content stk-inner-blocks stk-d4f50fa-inner-blocks\">\n<div class=\"wp-block-stackable-image stk-block-image stk-block stk-84e4c67 stk--has-lightbox\" data-block-id=\"84e4c67\"><style>.stk-84e4c67 .stk-img-wrapper{width:99% !important;height:178px !important}<\/style><figure class=\"stk-img-wrapper stk-image--shape-stretch\"><img loading=\"lazy\" decoding=\"async\" class=\"stk-img wp-image-1211\" src=\"https:\/\/www.ehcomunicacao.com.br\/plastitol\/wp-content\/uploads\/2023\/06\/DSCN3903.jpg\" width=\"1089\" height=\"1195\" srcset=\"https:\/\/www.plastitol.com.br\/wp-content\/uploads\/2023\/06\/DSCN3903.jpg 1089w, https:\/\/www.plastitol.com.br\/wp-content\/uploads\/2023\/06\/DSCN3903-273x300.jpg 273w, https:\/\/www.plastitol.com.br\/wp-content\/uploads\/2023\/06\/DSCN3903-933x1024.jpg 933w, https:\/\/www.plastitol.com.br\/wp-content\/uploads\/2023\/06\/DSCN3903-768x843.jpg 768w, https:\/\/www.plastitol.com.br\/wp-content\/uploads\/2023\/06\/DSCN3903-300x329.jpg 300w, https:\/\/www.plastitol.com.br\/wp-content\/uploads\/2023\/06\/DSCN3903-600x658.jpg 600w\" sizes=\"auto, (max-width: 1089px) 100vw, 1089px\" \/><\/figure><\/div>\n<\/div><\/div><\/div>\n\n\n\n<div class=\"wp-block-stackable-column stk-block-column stk-column stk-block stk-d213af7\" data-v=\"4\" data-block-id=\"d213af7\"><style>@media screen and (min-width:768px){.stk-d213af7{flex:1 1 25% !important}}<\/style><div class=\"stk-column-wrapper stk-block-column__content stk-container stk-d213af7-container stk--no-background stk--no-padding\"><div class=\"stk-block-content stk-inner-blocks stk-d213af7-inner-blocks\">\n<div class=\"wp-block-stackable-image stk-block-image stk-block stk-3f507e7 stk--has-lightbox\" data-block-id=\"3f507e7\"><style>.stk-3f507e7 .stk-img-wrapper{width:99% !important;height:178px !important}<\/style><figure class=\"stk-img-wrapper stk-image--shape-stretch\"><img loading=\"lazy\" decoding=\"async\" class=\"stk-img wp-image-1210\" src=\"https:\/\/www.ehcomunicacao.com.br\/plastitol\/wp-content\/uploads\/2023\/06\/DSCN3902.jpg\" width=\"1130\" height=\"1359\" srcset=\"https:\/\/www.plastitol.com.br\/wp-content\/uploads\/2023\/06\/DSCN3902.jpg 1130w, https:\/\/www.plastitol.com.br\/wp-content\/uploads\/2023\/06\/DSCN3902-249x300.jpg 249w, https:\/\/www.plastitol.com.br\/wp-content\/uploads\/2023\/06\/DSCN3902-851x1024.jpg 851w, https:\/\/www.plastitol.com.br\/wp-content\/uploads\/2023\/06\/DSCN3902-768x924.jpg 768w, https:\/\/www.plastitol.com.br\/wp-content\/uploads\/2023\/06\/DSCN3902-300x361.jpg 300w, https:\/\/www.plastitol.com.br\/wp-content\/uploads\/2023\/06\/DSCN3902-600x722.jpg 600w\" sizes=\"auto, (max-width: 1130px) 100vw, 1130px\" \/><\/figure><\/div>\n<\/div><\/div><\/div>\n<\/div><\/div>\n\n\n\n<div class=\"wp-block-stackable-columns stk-block-columns stk-block stk-3ead220\" data-block-id=\"3ead220\"><div class=\"stk-row stk-inner-blocks stk-block-content stk-content-align stk-3ead220-column\">\n<div class=\"wp-block-stackable-column stk-block-column stk-column stk-block stk-8e5bd4e\" data-v=\"4\" data-block-id=\"8e5bd4e\"><style>@media screen and (min-width:768px){.stk-8e5bd4e{flex:1 1 25% !important}}<\/style><div class=\"stk-column-wrapper stk-block-column__content stk-container stk-8e5bd4e-container stk--no-background stk--no-padding\"><div class=\"stk-block-content stk-inner-blocks stk-8e5bd4e-inner-blocks\">\n<div class=\"wp-block-stackable-image stk-block-image stk-block stk-27d9a59 stk--has-lightbox\" data-block-id=\"27d9a59\"><style>.stk-27d9a59 .stk-img-wrapper{width:99% !important;height:178px !important}<\/style><figure class=\"stk-img-wrapper stk-image--shape-stretch\"><img loading=\"lazy\" decoding=\"async\" class=\"stk-img wp-image-1209\" src=\"https:\/\/www.ehcomunicacao.com.br\/plastitol\/wp-content\/uploads\/2023\/06\/DSCN3900.jpg\" width=\"1132\" height=\"1236\" srcset=\"https:\/\/www.plastitol.com.br\/wp-content\/uploads\/2023\/06\/DSCN3900.jpg 1132w, https:\/\/www.plastitol.com.br\/wp-content\/uploads\/2023\/06\/DSCN3900-275x300.jpg 275w, https:\/\/www.plastitol.com.br\/wp-content\/uploads\/2023\/06\/DSCN3900-938x1024.jpg 938w, https:\/\/www.plastitol.com.br\/wp-content\/uploads\/2023\/06\/DSCN3900-768x839.jpg 768w, https:\/\/www.plastitol.com.br\/wp-content\/uploads\/2023\/06\/DSCN3900-300x328.jpg 300w, https:\/\/www.plastitol.com.br\/wp-content\/uploads\/2023\/06\/DSCN3900-600x655.jpg 600w\" sizes=\"auto, (max-width: 1132px) 100vw, 1132px\" \/><\/figure><\/div>\n<\/div><\/div><\/div>\n\n\n\n<div class=\"wp-block-stackable-column stk-block-column stk-column stk-block stk-e8de781\" data-v=\"4\" data-block-id=\"e8de781\"><style>@media screen and (min-width:768px){.stk-e8de781{flex:1 1 25% !important}}<\/style><div class=\"stk-column-wrapper stk-block-column__content stk-container stk-e8de781-container stk--no-background stk--no-padding\"><div class=\"stk-block-content stk-inner-blocks stk-e8de781-inner-blocks\">\n<div class=\"wp-block-stackable-image stk-block-image stk-block stk-75fe5e4 stk--has-lightbox\" data-block-id=\"75fe5e4\"><style>.stk-75fe5e4 .stk-img-wrapper{width:99% !important;height:178px !important}<\/style><figure class=\"stk-img-wrapper stk-image--shape-stretch\"><img loading=\"lazy\" decoding=\"async\" class=\"stk-img wp-image-1207\" src=\"https:\/\/www.ehcomunicacao.com.br\/plastitol\/wp-content\/uploads\/2023\/06\/DSCN3896.jpg\" width=\"1063\" height=\"1136\" srcset=\"https:\/\/www.plastitol.com.br\/wp-content\/uploads\/2023\/06\/DSCN3896.jpg 1063w, https:\/\/www.plastitol.com.br\/wp-content\/uploads\/2023\/06\/DSCN3896-281x300.jpg 281w, https:\/\/www.plastitol.com.br\/wp-content\/uploads\/2023\/06\/DSCN3896-958x1024.jpg 958w, https:\/\/www.plastitol.com.br\/wp-content\/uploads\/2023\/06\/DSCN3896-768x821.jpg 768w, https:\/\/www.plastitol.com.br\/wp-content\/uploads\/2023\/06\/DSCN3896-300x321.jpg 300w, https:\/\/www.plastitol.com.br\/wp-content\/uploads\/2023\/06\/DSCN3896-600x641.jpg 600w\" sizes=\"auto, (max-width: 1063px) 100vw, 1063px\" \/><\/figure><\/div>\n<\/div><\/div><\/div>\n\n\n\n<div class=\"wp-block-stackable-column stk-block-column stk-column stk-block stk-7e39de3\" data-v=\"4\" data-block-id=\"7e39de3\"><style>@media screen and (min-width:768px){.stk-7e39de3{flex:1 1 25% !important}}<\/style><div class=\"stk-column-wrapper stk-block-column__content stk-container stk-7e39de3-container stk--no-background stk--no-padding\"><div class=\"stk-block-content stk-inner-blocks stk-7e39de3-inner-blocks\">\n<div class=\"wp-block-stackable-image stk-block-image stk-block stk-1134203 stk--has-lightbox\" data-block-id=\"1134203\"><style>.stk-1134203 .stk-img-wrapper{width:99% !important;height:178px !important}<\/style><figure class=\"stk-img-wrapper stk-image--shape-stretch\"><img loading=\"lazy\" decoding=\"async\" class=\"stk-img wp-image-1206\" src=\"https:\/\/www.ehcomunicacao.com.br\/plastitol\/wp-content\/uploads\/2023\/06\/DSCN3893.jpg\" width=\"1132\" height=\"1315\" srcset=\"https:\/\/www.plastitol.com.br\/wp-content\/uploads\/2023\/06\/DSCN3893.jpg 1132w, https:\/\/www.plastitol.com.br\/wp-content\/uploads\/2023\/06\/DSCN3893-258x300.jpg 258w, https:\/\/www.plastitol.com.br\/wp-content\/uploads\/2023\/06\/DSCN3893-881x1024.jpg 881w, https:\/\/www.plastitol.com.br\/wp-content\/uploads\/2023\/06\/DSCN3893-768x892.jpg 768w, https:\/\/www.plastitol.com.br\/wp-content\/uploads\/2023\/06\/DSCN3893-300x348.jpg 300w, https:\/\/www.plastitol.com.br\/wp-content\/uploads\/2023\/06\/DSCN3893-600x697.jpg 600w\" sizes=\"auto, (max-width: 1132px) 100vw, 1132px\" \/><\/figure><\/div>\n<\/div><\/div><\/div>\n\n\n\n<div class=\"wp-block-stackable-column stk-block-column stk-column stk-block stk-72936a9\" data-v=\"4\" data-block-id=\"72936a9\"><style>@media screen and (min-width:768px){.stk-72936a9{flex:1 1 25% !important}}<\/style><div class=\"stk-column-wrapper stk-block-column__content stk-container stk-72936a9-container stk--no-background stk--no-padding\"><div class=\"stk-block-content stk-inner-blocks stk-72936a9-inner-blocks\">\n<div class=\"wp-block-stackable-image stk-block-image stk-block stk-c4de36c stk--has-lightbox\" data-block-id=\"c4de36c\"><style>.stk-c4de36c .stk-img-wrapper{width:99% !important;height:178px !important}<\/style><figure class=\"stk-img-wrapper stk-image--shape-stretch\"><img loading=\"lazy\" decoding=\"async\" class=\"stk-img wp-image-1205\" src=\"https:\/\/www.ehcomunicacao.com.br\/plastitol\/wp-content\/uploads\/2023\/06\/DSCN3891.jpg\" width=\"1133\" height=\"1200\" srcset=\"https:\/\/www.plastitol.com.br\/wp-content\/uploads\/2023\/06\/DSCN3891.jpg 1133w, https:\/\/www.plastitol.com.br\/wp-content\/uploads\/2023\/06\/DSCN3891-283x300.jpg 283w, https:\/\/www.plastitol.com.br\/wp-content\/uploads\/2023\/06\/DSCN3891-967x1024.jpg 967w, https:\/\/www.plastitol.com.br\/wp-content\/uploads\/2023\/06\/DSCN3891-768x813.jpg 768w, https:\/\/www.plastitol.com.br\/wp-content\/uploads\/2023\/06\/DSCN3891-300x318.jpg 300w, https:\/\/www.plastitol.com.br\/wp-content\/uploads\/2023\/06\/DSCN3891-600x635.jpg 600w\" sizes=\"auto, (max-width: 1133px) 100vw, 1133px\" \/><\/figure><\/div>\n<\/div><\/div><\/div>\n<\/div><\/div>\n","protected":false},"excerpt":{"rendered":"<p>Finalidades: camisas de malha e dry fit para promocionais e brindes e camisas de 100% poliamida com prote\u00e7\u00e3o UV para atividades esportivas, como corridas de rua, caminhadas, bike, etc.Modelos: regata, ol\u00edmpica (com tradicional ou com recorte vertical) e de manga longa.Tamanhos: babylook (PP fem), P at\u00e9 o GG &#8211; masculinos e femininosEstampas: em silk ou [&hellip;]<\/p>\n","protected":false},"author":1,"featured_media":0,"parent":0,"menu_order":0,"comment_status":"closed","ping_status":"closed","template":"","meta":{"footnotes":""},"class_list":["post-791","page","type-page","status-publish","hentry"],"blocksy_meta":{"page_structure_type":"type-1"},"featured_image_urls":{"full":"","thumbnail":"","medium":"","medium_large":"","large":"","1536x1536":"","2048x2048":""},"post_excerpt_stackable":"<p>Finalidades: camisas de malha e dry fit para promocionais e brindes e camisas de 100% poliamida com prote\u00e7\u00e3o UV para atividades esportivas, como corridas de rua, caminhadas, bike, etc.Modelos: regata, ol\u00edmpica (com tradicional ou com recorte vertical) e de manga longa.Tamanhos: babylook (PP fem), P at\u00e9 o GG &#8211; masculinos e femininosEstampas: em silk ou sublima\u00e7\u00e3o.Cores: temos um cat\u00e1logo de cores para cada tipo de tecido. Consulte-nos!<\/p>\n","category_list":"","author_info":{"name":"plastitol","url":"https:\/\/www.plastitol.com.br\/?author=1"},"comments_num":"0 coment\u00e1rio","jetpack_sharing_enabled":true,"_links":{"self":[{"href":"https:\/\/www.plastitol.com.br\/index.php?rest_route=\/wp\/v2\/pages\/791","targetHints":{"allow":["GET"]}}],"collection":[{"href":"https:\/\/www.plastitol.com.br\/index.php?rest_route=\/wp\/v2\/pages"}],"about":[{"href":"https:\/\/www.plastitol.com.br\/index.php?rest_route=\/wp\/v2\/types\/page"}],"author":[{"embeddable":true,"href":"https:\/\/www.plastitol.com.br\/index.php?rest_route=\/wp\/v2\/users\/1"}],"replies":[{"embeddable":true,"href":"https:\/\/www.plastitol.com.br\/index.php?rest_route=%2Fwp%2Fv2%2Fcomments&post=791"}],"version-history":[{"count":4,"href":"https:\/\/www.plastitol.com.br\/index.php?rest_route=\/wp\/v2\/pages\/791\/revisions"}],"predecessor-version":[{"id":1220,"href":"https:\/\/www.plastitol.com.br\/index.php?rest_route=\/wp\/v2\/pages\/791\/revisions\/1220"}],"wp:attachment":[{"href":"https:\/\/www.plastitol.com.br\/index.php?rest_route=%2Fwp%2Fv2%2Fmedia&parent=791"}],"curies":[{"name":"wp","href":"https:\/\/api.w.org\/{rel}","templated":true}]}}