{"id":787,"date":"2023-06-21T17:18:03","date_gmt":"2023-06-21T20:18:03","guid":{"rendered":"https:\/\/www.ehcomunicacao.com.br\/plastitol\/?page_id=787"},"modified":"2023-06-23T15:07:53","modified_gmt":"2023-06-23T18:07:53","slug":"canetas","status":"publish","type":"page","link":"https:\/\/www.plastitol.com.br\/?page_id=787","title":{"rendered":"Canetas"},"content":{"rendered":"\n<p>Temos diversos modelos e qualidades, pl\u00e1sticas, met\u00e1licas e metalizadas.<br>CONSULTE NOSSO CAT\u00c1LOGO DISPON\u00cdVEL<\/p>\n\n\n\n<div class=\"wp-block-stackable-columns stk-block-columns stk-block stk-ebb8e82\" data-block-id=\"ebb8e82\"><div class=\"stk-row stk-inner-blocks stk-block-content stk-content-align stk-ebb8e82-column\">\n<div class=\"wp-block-stackable-column stk-block-column stk-column stk-block stk-9d74ef8\" data-v=\"4\" data-block-id=\"9d74ef8\"><style>@media screen and (min-width:768px){.stk-9d74ef8{flex:1 1 25% !important}}<\/style><div class=\"stk-column-wrapper stk-block-column__content stk-container stk-9d74ef8-container stk--no-background stk--no-padding\"><div class=\"stk-block-content stk-inner-blocks stk-9d74ef8-inner-blocks\">\n<div class=\"wp-block-stackable-image stk-block-image stk-block stk-0e58b00 stk--has-lightbox\" data-block-id=\"0e58b00\"><style>.stk-0e58b00 .stk-img-wrapper{width:null% !important;height:nullpx !important}<\/style><figure class=\"stk-img-wrapper stk-image--shape-stretch\"><img loading=\"lazy\" decoding=\"async\" class=\"stk-img wp-image-1184\" src=\"https:\/\/www.ehcomunicacao.com.br\/plastitol\/wp-content\/uploads\/2023\/06\/brinde-caneta-1.jpg\" width=\"901\" height=\"901\" srcset=\"https:\/\/www.plastitol.com.br\/wp-content\/uploads\/2023\/06\/brinde-caneta-1.jpg 901w, https:\/\/www.plastitol.com.br\/wp-content\/uploads\/2023\/06\/brinde-caneta-1-300x300.jpg 300w, https:\/\/www.plastitol.com.br\/wp-content\/uploads\/2023\/06\/brinde-caneta-1-150x150.jpg 150w, https:\/\/www.plastitol.com.br\/wp-content\/uploads\/2023\/06\/brinde-caneta-1-768x768.jpg 768w, https:\/\/www.plastitol.com.br\/wp-content\/uploads\/2023\/06\/brinde-caneta-1-600x600.jpg 600w, https:\/\/www.plastitol.com.br\/wp-content\/uploads\/2023\/06\/brinde-caneta-1-100x100.jpg 100w\" sizes=\"auto, (max-width: 901px) 100vw, 901px\" \/><\/figure><\/div>\n<\/div><\/div><\/div>\n\n\n\n<div class=\"wp-block-stackable-column stk-block-column stk-column stk-block stk-4ef449f\" data-v=\"4\" data-block-id=\"4ef449f\"><style>@media screen and (min-width:768px){.stk-4ef449f{flex:1 1 25% !important}}<\/style><div class=\"stk-column-wrapper stk-block-column__content stk-container stk-4ef449f-container stk--no-background stk--no-padding\"><div class=\"stk-block-content stk-inner-blocks stk-4ef449f-inner-blocks\">\n<div class=\"wp-block-stackable-image stk-block-image stk-block stk-808e59e stk--has-lightbox\" data-block-id=\"808e59e\"><figure class=\"stk-img-wrapper stk-image--shape-stretch\"><img loading=\"lazy\" decoding=\"async\" class=\"stk-img wp-image-1186\" src=\"https:\/\/www.ehcomunicacao.com.br\/plastitol\/wp-content\/uploads\/2023\/06\/brinde-caneta-3.jpg\" width=\"901\" height=\"901\" srcset=\"https:\/\/www.plastitol.com.br\/wp-content\/uploads\/2023\/06\/brinde-caneta-3.jpg 901w, https:\/\/www.plastitol.com.br\/wp-content\/uploads\/2023\/06\/brinde-caneta-3-300x300.jpg 300w, https:\/\/www.plastitol.com.br\/wp-content\/uploads\/2023\/06\/brinde-caneta-3-150x150.jpg 150w, https:\/\/www.plastitol.com.br\/wp-content\/uploads\/2023\/06\/brinde-caneta-3-768x768.jpg 768w, https:\/\/www.plastitol.com.br\/wp-content\/uploads\/2023\/06\/brinde-caneta-3-600x600.jpg 600w, https:\/\/www.plastitol.com.br\/wp-content\/uploads\/2023\/06\/brinde-caneta-3-100x100.jpg 100w\" sizes=\"auto, (max-width: 901px) 100vw, 901px\" \/><\/figure><\/div>\n<\/div><\/div><\/div>\n\n\n\n<div class=\"wp-block-stackable-column stk-block-column stk-column stk-block stk-4b5314f\" data-v=\"4\" data-block-id=\"4b5314f\"><style>@media screen and (min-width:768px){.stk-4b5314f{flex:1 1 25% !important}}<\/style><div class=\"stk-column-wrapper stk-block-column__content stk-container stk-4b5314f-container stk--no-background stk--no-padding\"><div class=\"stk-block-content stk-inner-blocks stk-4b5314f-inner-blocks\">\n<div class=\"wp-block-stackable-image stk-block-image stk-block stk-d9defef stk--has-lightbox\" data-block-id=\"d9defef\"><figure class=\"stk-img-wrapper stk-image--shape-stretch\"><img loading=\"lazy\" decoding=\"async\" class=\"stk-img wp-image-1185\" src=\"https:\/\/www.ehcomunicacao.com.br\/plastitol\/wp-content\/uploads\/2023\/06\/brinde-caneta-2.jpg\" width=\"901\" height=\"901\" srcset=\"https:\/\/www.plastitol.com.br\/wp-content\/uploads\/2023\/06\/brinde-caneta-2.jpg 901w, https:\/\/www.plastitol.com.br\/wp-content\/uploads\/2023\/06\/brinde-caneta-2-300x300.jpg 300w, https:\/\/www.plastitol.com.br\/wp-content\/uploads\/2023\/06\/brinde-caneta-2-150x150.jpg 150w, https:\/\/www.plastitol.com.br\/wp-content\/uploads\/2023\/06\/brinde-caneta-2-768x768.jpg 768w, https:\/\/www.plastitol.com.br\/wp-content\/uploads\/2023\/06\/brinde-caneta-2-600x600.jpg 600w, https:\/\/www.plastitol.com.br\/wp-content\/uploads\/2023\/06\/brinde-caneta-2-100x100.jpg 100w\" sizes=\"auto, (max-width: 901px) 100vw, 901px\" \/><\/figure><\/div>\n<\/div><\/div><\/div>\n\n\n\n<div class=\"wp-block-stackable-column stk-block-column stk-column stk-block stk-5d8f2fb\" data-v=\"4\" data-block-id=\"5d8f2fb\"><style>@media screen and (min-width:768px){.stk-5d8f2fb{flex:1 1 25% !important}}<\/style><div class=\"stk-column-wrapper stk-block-column__content stk-container stk-5d8f2fb-container stk--no-background stk--no-padding\"><div class=\"stk-block-content stk-inner-blocks stk-5d8f2fb-inner-blocks\">\n<div class=\"wp-block-stackable-image stk-block-image stk-block stk-724f941 stk--has-lightbox\" data-block-id=\"724f941\"><figure class=\"stk-img-wrapper stk-image--shape-stretch\"><img loading=\"lazy\" decoding=\"async\" class=\"stk-img wp-image-1191\" src=\"https:\/\/www.ehcomunicacao.com.br\/plastitol\/wp-content\/uploads\/2023\/06\/brinde-caneta-4.jpg\" width=\"901\" height=\"901\" srcset=\"https:\/\/www.plastitol.com.br\/wp-content\/uploads\/2023\/06\/brinde-caneta-4.jpg 901w, https:\/\/www.plastitol.com.br\/wp-content\/uploads\/2023\/06\/brinde-caneta-4-300x300.jpg 300w, https:\/\/www.plastitol.com.br\/wp-content\/uploads\/2023\/06\/brinde-caneta-4-150x150.jpg 150w, https:\/\/www.plastitol.com.br\/wp-content\/uploads\/2023\/06\/brinde-caneta-4-768x768.jpg 768w, https:\/\/www.plastitol.com.br\/wp-content\/uploads\/2023\/06\/brinde-caneta-4-600x600.jpg 600w, https:\/\/www.plastitol.com.br\/wp-content\/uploads\/2023\/06\/brinde-caneta-4-100x100.jpg 100w\" sizes=\"auto, (max-width: 901px) 100vw, 901px\" \/><\/figure><\/div>\n<\/div><\/div><\/div>\n<\/div><\/div>\n","protected":false},"excerpt":{"rendered":"<p>Temos diversos modelos e qualidades, pl\u00e1sticas, met\u00e1licas e metalizadas.CONSULTE NOSSO CAT\u00c1LOGO DISPON\u00cdVEL<\/p>\n","protected":false},"author":1,"featured_media":0,"parent":0,"menu_order":0,"comment_status":"closed","ping_status":"closed","template":"","meta":{"footnotes":""},"class_list":["post-787","page","type-page","status-publish","hentry"],"blocksy_meta":{"page_structure_type":"type-1"},"featured_image_urls":{"full":"","thumbnail":"","medium":"","medium_large":"","large":"","1536x1536":"","2048x2048":""},"post_excerpt_stackable":"<p>Temos diversos modelos e qualidades, pl\u00e1sticas, met\u00e1licas e metalizadas.CONSULTE NOSSO CAT\u00c1LOGO DISPON\u00cdVEL<\/p>\n","category_list":"","author_info":{"name":"plastitol","url":"https:\/\/www.plastitol.com.br\/?author=1"},"comments_num":"0 coment\u00e1rio","jetpack_sharing_enabled":true,"_links":{"self":[{"href":"https:\/\/www.plastitol.com.br\/index.php?rest_route=\/wp\/v2\/pages\/787","targetHints":{"allow":["GET"]}}],"collection":[{"href":"https:\/\/www.plastitol.com.br\/index.php?rest_route=\/wp\/v2\/pages"}],"about":[{"href":"https:\/\/www.plastitol.com.br\/index.php?rest_route=\/wp\/v2\/types\/page"}],"author":[{"embeddable":true,"href":"https:\/\/www.plastitol.com.br\/index.php?rest_route=\/wp\/v2\/users\/1"}],"replies":[{"embeddable":true,"href":"https:\/\/www.plastitol.com.br\/index.php?rest_route=%2Fwp%2Fv2%2Fcomments&post=787"}],"version-history":[{"count":2,"href":"https:\/\/www.plastitol.com.br\/index.php?rest_route=\/wp\/v2\/pages\/787\/revisions"}],"predecessor-version":[{"id":1192,"href":"https:\/\/www.plastitol.com.br\/index.php?rest_route=\/wp\/v2\/pages\/787\/revisions\/1192"}],"wp:attachment":[{"href":"https:\/\/www.plastitol.com.br\/index.php?rest_route=%2Fwp%2Fv2%2Fmedia&parent=787"}],"curies":[{"name":"wp","href":"https:\/\/api.w.org\/{rel}","templated":true}]}}