{"id":785,"date":"2023-06-21T17:17:50","date_gmt":"2023-06-21T20:17:50","guid":{"rendered":"https:\/\/www.ehcomunicacao.com.br\/plastitol\/?page_id=785"},"modified":"2023-06-23T12:58:27","modified_gmt":"2023-06-23T15:58:27","slug":"botons","status":"publish","type":"page","link":"https:\/\/www.plastitol.com.br\/?page_id=785","title":{"rendered":"B\u00f3ton"},"content":{"rendered":"\n<p><strong>Material<\/strong>: pin met\u00e1lico com alfinete para fixa\u00e7\u00e3o.<br><strong>Impress\u00e3o<\/strong>: em 4&#215;0 cores<br><strong>Formatos<\/strong>: redondo em diversos tamanhos. Consulte-nos.<br><strong>Cores<\/strong>: parte traseira met\u00e1lica e a impress\u00e3o \u00e9 feita em qualquer cor, incluindo fotos e degrad\u00eas.<\/p>\n\n\n\n<div class=\"wp-block-stackable-columns stk-block-columns stk-block stk-9b1808b\" data-block-id=\"9b1808b\"><div class=\"stk-row stk-inner-blocks stk-block-content stk-content-align stk-9b1808b-column\">\n<div class=\"wp-block-stackable-column stk-block-column stk-column stk-block stk-3fc9b58\" data-v=\"4\" data-block-id=\"3fc9b58\"><style>@media screen and (min-width:768px){.stk-3fc9b58{flex:1 1 25% !important}}<\/style><div class=\"stk-column-wrapper stk-block-column__content stk-container stk-3fc9b58-container stk--no-background stk--no-padding\"><div class=\"stk-block-content stk-inner-blocks stk-3fc9b58-inner-blocks\">\n<div class=\"wp-block-stackable-image stk-block-image stk-block stk-ef940f9 stk--has-lightbox\" data-block-id=\"ef940f9\"><style>.stk-ef940f9 .stk-img-wrapper{width:100% !important;height:228px !important}<\/style><figure class=\"stk-img-wrapper stk-image--shape-stretch\"><img loading=\"lazy\" decoding=\"async\" class=\"stk-img wp-image-1170\" src=\"https:\/\/www.ehcomunicacao.com.br\/plastitol\/wp-content\/uploads\/2023\/06\/brinde-boton-pin-3.jpg\" width=\"901\" height=\"901\" srcset=\"https:\/\/www.plastitol.com.br\/wp-content\/uploads\/2023\/06\/brinde-boton-pin-3.jpg 901w, https:\/\/www.plastitol.com.br\/wp-content\/uploads\/2023\/06\/brinde-boton-pin-3-300x300.jpg 300w, https:\/\/www.plastitol.com.br\/wp-content\/uploads\/2023\/06\/brinde-boton-pin-3-150x150.jpg 150w, https:\/\/www.plastitol.com.br\/wp-content\/uploads\/2023\/06\/brinde-boton-pin-3-768x768.jpg 768w, https:\/\/www.plastitol.com.br\/wp-content\/uploads\/2023\/06\/brinde-boton-pin-3-600x600.jpg 600w, https:\/\/www.plastitol.com.br\/wp-content\/uploads\/2023\/06\/brinde-boton-pin-3-100x100.jpg 100w\" sizes=\"auto, (max-width: 901px) 100vw, 901px\" \/><\/figure><\/div>\n<\/div><\/div><\/div>\n\n\n\n<div class=\"wp-block-stackable-column stk-block-column stk-column stk-block stk-9091b66\" data-v=\"4\" data-block-id=\"9091b66\"><style>@media screen and (min-width:768px){.stk-9091b66{flex:1 1 25% !important}}<\/style><div class=\"stk-column-wrapper stk-block-column__content stk-container stk-9091b66-container stk--no-background stk--no-padding\"><div class=\"stk-block-content stk-inner-blocks stk-9091b66-inner-blocks\">\n<div class=\"wp-block-stackable-image stk-block-image stk-block stk-d51f8bd stk--has-lightbox\" data-block-id=\"d51f8bd\"><style>.stk-d51f8bd .stk-img-wrapper{width:100% !important;height:228px !important}<\/style><figure class=\"stk-img-wrapper stk-image--shape-stretch\"><img loading=\"lazy\" decoding=\"async\" class=\"stk-img wp-image-1168\" src=\"https:\/\/www.ehcomunicacao.com.br\/plastitol\/wp-content\/uploads\/2023\/06\/brinde-boton-pin-1.jpg\" width=\"901\" height=\"901\" srcset=\"https:\/\/www.plastitol.com.br\/wp-content\/uploads\/2023\/06\/brinde-boton-pin-1.jpg 901w, https:\/\/www.plastitol.com.br\/wp-content\/uploads\/2023\/06\/brinde-boton-pin-1-300x300.jpg 300w, https:\/\/www.plastitol.com.br\/wp-content\/uploads\/2023\/06\/brinde-boton-pin-1-150x150.jpg 150w, https:\/\/www.plastitol.com.br\/wp-content\/uploads\/2023\/06\/brinde-boton-pin-1-768x768.jpg 768w, https:\/\/www.plastitol.com.br\/wp-content\/uploads\/2023\/06\/brinde-boton-pin-1-600x600.jpg 600w, https:\/\/www.plastitol.com.br\/wp-content\/uploads\/2023\/06\/brinde-boton-pin-1-100x100.jpg 100w\" sizes=\"auto, (max-width: 901px) 100vw, 901px\" \/><\/figure><\/div>\n<\/div><\/div><\/div>\n\n\n\n<div class=\"wp-block-stackable-column stk-block-column stk-column stk-block stk-3a5281d\" data-v=\"4\" data-block-id=\"3a5281d\"><style>@media screen and (min-width:768px){.stk-3a5281d{flex:1 1 25% !important}}<\/style><div class=\"stk-column-wrapper stk-block-column__content stk-container stk-3a5281d-container stk--no-background stk--no-padding\"><div class=\"stk-block-content stk-inner-blocks stk-3a5281d-inner-blocks\">\n<div class=\"wp-block-stackable-image stk-block-image stk-block stk-79f9486 stk--has-lightbox\" data-block-id=\"79f9486\"><style>.stk-79f9486 .stk-img-wrapper{width:100% !important;height:228px !important}<\/style><figure class=\"stk-img-wrapper stk-image--shape-stretch\"><img loading=\"lazy\" decoding=\"async\" class=\"stk-img wp-image-1169\" src=\"https:\/\/www.ehcomunicacao.com.br\/plastitol\/wp-content\/uploads\/2023\/06\/brinde-boton-pin-2.jpg\" width=\"901\" height=\"901\" srcset=\"https:\/\/www.plastitol.com.br\/wp-content\/uploads\/2023\/06\/brinde-boton-pin-2.jpg 901w, https:\/\/www.plastitol.com.br\/wp-content\/uploads\/2023\/06\/brinde-boton-pin-2-300x300.jpg 300w, https:\/\/www.plastitol.com.br\/wp-content\/uploads\/2023\/06\/brinde-boton-pin-2-150x150.jpg 150w, https:\/\/www.plastitol.com.br\/wp-content\/uploads\/2023\/06\/brinde-boton-pin-2-768x768.jpg 768w, https:\/\/www.plastitol.com.br\/wp-content\/uploads\/2023\/06\/brinde-boton-pin-2-600x600.jpg 600w, https:\/\/www.plastitol.com.br\/wp-content\/uploads\/2023\/06\/brinde-boton-pin-2-100x100.jpg 100w\" sizes=\"auto, (max-width: 901px) 100vw, 901px\" \/><\/figure><\/div>\n<\/div><\/div><\/div>\n\n\n\n<div class=\"wp-block-stackable-column stk-block-column stk-column stk-block stk-1befd7f\" data-v=\"4\" data-block-id=\"1befd7f\"><style>@media screen and (min-width:768px){.stk-1befd7f{flex:1 1 25% !important}}<\/style><div class=\"stk-column-wrapper stk-block-column__content stk-container stk-1befd7f-container stk--no-background stk--no-padding\"><div class=\"stk-block-content stk-inner-blocks stk-1befd7f-inner-blocks\">\n<div class=\"wp-block-stackable-image stk-block-image stk-block stk-35f90e3 stk--has-lightbox\" data-block-id=\"35f90e3\"><style>.stk-35f90e3 .stk-img-wrapper{width:100% !important;height:228px !important}<\/style><figure class=\"stk-img-wrapper stk-image--shape-stretch\"><img loading=\"lazy\" decoding=\"async\" class=\"stk-img wp-image-1171\" src=\"https:\/\/www.ehcomunicacao.com.br\/plastitol\/wp-content\/uploads\/2023\/06\/brinde-boton-pin-4.jpg\" width=\"901\" height=\"901\" srcset=\"https:\/\/www.plastitol.com.br\/wp-content\/uploads\/2023\/06\/brinde-boton-pin-4.jpg 901w, https:\/\/www.plastitol.com.br\/wp-content\/uploads\/2023\/06\/brinde-boton-pin-4-300x300.jpg 300w, https:\/\/www.plastitol.com.br\/wp-content\/uploads\/2023\/06\/brinde-boton-pin-4-150x150.jpg 150w, https:\/\/www.plastitol.com.br\/wp-content\/uploads\/2023\/06\/brinde-boton-pin-4-768x768.jpg 768w, https:\/\/www.plastitol.com.br\/wp-content\/uploads\/2023\/06\/brinde-boton-pin-4-600x600.jpg 600w, https:\/\/www.plastitol.com.br\/wp-content\/uploads\/2023\/06\/brinde-boton-pin-4-100x100.jpg 100w\" sizes=\"auto, (max-width: 901px) 100vw, 901px\" \/><\/figure><\/div>\n<\/div><\/div><\/div>\n<\/div><\/div>\n","protected":false},"excerpt":{"rendered":"<p>Material: pin met\u00e1lico com alfinete para fixa\u00e7\u00e3o.Impress\u00e3o: em 4&#215;0 coresFormatos: redondo em diversos tamanhos. Consulte-nos.Cores: parte traseira met\u00e1lica e a impress\u00e3o \u00e9 feita em qualquer cor, incluindo fotos e degrad\u00eas.<\/p>\n","protected":false},"author":1,"featured_media":0,"parent":0,"menu_order":0,"comment_status":"closed","ping_status":"closed","template":"","meta":{"footnotes":""},"class_list":["post-785","page","type-page","status-publish","hentry"],"blocksy_meta":{"page_structure_type":"type-1"},"featured_image_urls":{"full":"","thumbnail":"","medium":"","medium_large":"","large":"","1536x1536":"","2048x2048":""},"post_excerpt_stackable":"<p>Material: pin met\u00e1lico com alfinete para fixa\u00e7\u00e3o.Impress\u00e3o: em 4&#215;0 coresFormatos: redondo em diversos tamanhos. Consulte-nos.Cores: parte traseira met\u00e1lica e a impress\u00e3o \u00e9 feita em qualquer cor, incluindo fotos e degrad\u00eas.<\/p>\n","category_list":"","author_info":{"name":"plastitol","url":"https:\/\/www.plastitol.com.br\/?author=1"},"comments_num":"0 coment\u00e1rio","jetpack_sharing_enabled":true,"_links":{"self":[{"href":"https:\/\/www.plastitol.com.br\/index.php?rest_route=\/wp\/v2\/pages\/785","targetHints":{"allow":["GET"]}}],"collection":[{"href":"https:\/\/www.plastitol.com.br\/index.php?rest_route=\/wp\/v2\/pages"}],"about":[{"href":"https:\/\/www.plastitol.com.br\/index.php?rest_route=\/wp\/v2\/types\/page"}],"author":[{"embeddable":true,"href":"https:\/\/www.plastitol.com.br\/index.php?rest_route=\/wp\/v2\/users\/1"}],"replies":[{"embeddable":true,"href":"https:\/\/www.plastitol.com.br\/index.php?rest_route=%2Fwp%2Fv2%2Fcomments&post=785"}],"version-history":[{"count":2,"href":"https:\/\/www.plastitol.com.br\/index.php?rest_route=\/wp\/v2\/pages\/785\/revisions"}],"predecessor-version":[{"id":1172,"href":"https:\/\/www.plastitol.com.br\/index.php?rest_route=\/wp\/v2\/pages\/785\/revisions\/1172"}],"wp:attachment":[{"href":"https:\/\/www.plastitol.com.br\/index.php?rest_route=%2Fwp%2Fv2%2Fmedia&parent=785"}],"curies":[{"name":"wp","href":"https:\/\/api.w.org\/{rel}","templated":true}]}}