{"id":783,"date":"2023-06-21T17:17:33","date_gmt":"2023-06-21T20:17:33","guid":{"rendered":"https:\/\/www.ehcomunicacao.com.br\/plastitol\/?page_id=783"},"modified":"2023-06-23T12:47:05","modified_gmt":"2023-06-23T15:47:05","slug":"porta-copo","status":"publish","type":"page","link":"https:\/\/www.plastitol.com.br\/?page_id=783","title":{"rendered":"Porta-copo"},"content":{"rendered":"\n<p><strong>Material<\/strong>: PVC flex\u00edvel at\u00f3xico e de alta durabilidade<br><strong>Impress\u00e3o<\/strong>: em silk screem ou alto relevo em uma das faces do produto<br><strong>Formatos<\/strong>: geralmente, s\u00e3o utilizados os formatos redondo ou quadrado, mas pode ser feito qualquer formato sob consulta. <br><strong>Cores<\/strong>: produzimos em qualquer cor, utilizando o padr\u00e3o Pantone.<\/p>\n\n\n\n<div class=\"wp-block-stackable-columns stk-block-columns stk-block stk-608cdc0\" data-block-id=\"608cdc0\"><div class=\"stk-row stk-inner-blocks stk-block-content stk-content-align stk-608cdc0-column\">\n<div class=\"wp-block-stackable-column stk-block-column stk-column stk-block stk-8234a3d\" data-v=\"4\" data-block-id=\"8234a3d\"><style>@media screen and (min-width:768px){.stk-8234a3d{flex:1 1 25% !important}}<\/style><div class=\"stk-column-wrapper stk-block-column__content stk-container stk-8234a3d-container stk--no-background stk--no-padding\"><div class=\"stk-block-content stk-inner-blocks stk-8234a3d-inner-blocks\">\n<div class=\"wp-block-stackable-image stk-block-image stk-block stk-bda10e5 stk--has-lightbox\" data-block-id=\"bda10e5\"><style>.stk-bda10e5 .stk-img-wrapper{width:null% !important;height:nullpx !important}<\/style><figure class=\"stk-img-wrapper stk-image--shape-stretch\"><img loading=\"lazy\" decoding=\"async\" class=\"stk-img wp-image-1161\" src=\"https:\/\/www.ehcomunicacao.com.br\/plastitol\/wp-content\/uploads\/2023\/06\/brinde-porta-copo-emborrachado-5.jpg\" width=\"901\" height=\"901\" srcset=\"https:\/\/www.plastitol.com.br\/wp-content\/uploads\/2023\/06\/brinde-porta-copo-emborrachado-5.jpg 901w, https:\/\/www.plastitol.com.br\/wp-content\/uploads\/2023\/06\/brinde-porta-copo-emborrachado-5-300x300.jpg 300w, https:\/\/www.plastitol.com.br\/wp-content\/uploads\/2023\/06\/brinde-porta-copo-emborrachado-5-150x150.jpg 150w, https:\/\/www.plastitol.com.br\/wp-content\/uploads\/2023\/06\/brinde-porta-copo-emborrachado-5-768x768.jpg 768w, https:\/\/www.plastitol.com.br\/wp-content\/uploads\/2023\/06\/brinde-porta-copo-emborrachado-5-600x600.jpg 600w, https:\/\/www.plastitol.com.br\/wp-content\/uploads\/2023\/06\/brinde-porta-copo-emborrachado-5-100x100.jpg 100w\" sizes=\"auto, (max-width: 901px) 100vw, 901px\" \/><\/figure><\/div>\n<\/div><\/div><\/div>\n\n\n\n<div class=\"wp-block-stackable-column stk-block-column stk-column stk-block stk-8096ab6\" data-v=\"4\" data-block-id=\"8096ab6\"><style>@media screen and (min-width:768px){.stk-8096ab6{flex:1 1 25% !important}}<\/style><div class=\"stk-column-wrapper stk-block-column__content stk-container stk-8096ab6-container stk--no-background stk--no-padding\"><div class=\"stk-block-content stk-inner-blocks stk-8096ab6-inner-blocks\">\n<div class=\"wp-block-stackable-image stk-block-image stk-block stk-8714559 stk--has-lightbox\" data-block-id=\"8714559\"><figure class=\"stk-img-wrapper stk-image--shape-stretch\"><img loading=\"lazy\" decoding=\"async\" class=\"stk-img wp-image-1163\" src=\"https:\/\/www.ehcomunicacao.com.br\/plastitol\/wp-content\/uploads\/2023\/06\/brinde-porta-copo-emborrachado-8.jpg\" width=\"901\" height=\"901\" srcset=\"https:\/\/www.plastitol.com.br\/wp-content\/uploads\/2023\/06\/brinde-porta-copo-emborrachado-8.jpg 901w, https:\/\/www.plastitol.com.br\/wp-content\/uploads\/2023\/06\/brinde-porta-copo-emborrachado-8-300x300.jpg 300w, https:\/\/www.plastitol.com.br\/wp-content\/uploads\/2023\/06\/brinde-porta-copo-emborrachado-8-150x150.jpg 150w, https:\/\/www.plastitol.com.br\/wp-content\/uploads\/2023\/06\/brinde-porta-copo-emborrachado-8-768x768.jpg 768w, https:\/\/www.plastitol.com.br\/wp-content\/uploads\/2023\/06\/brinde-porta-copo-emborrachado-8-600x600.jpg 600w, https:\/\/www.plastitol.com.br\/wp-content\/uploads\/2023\/06\/brinde-porta-copo-emborrachado-8-100x100.jpg 100w\" sizes=\"auto, (max-width: 901px) 100vw, 901px\" \/><\/figure><\/div>\n<\/div><\/div><\/div>\n\n\n\n<div class=\"wp-block-stackable-column stk-block-column stk-column stk-block stk-dfd9e02\" data-v=\"4\" data-block-id=\"dfd9e02\"><style>@media screen and (min-width:768px){.stk-dfd9e02{flex:1 1 25% !important}}<\/style><div class=\"stk-column-wrapper stk-block-column__content stk-container stk-dfd9e02-container stk--no-background stk--no-padding\"><div class=\"stk-block-content stk-inner-blocks stk-dfd9e02-inner-blocks\">\n<div class=\"wp-block-stackable-image stk-block-image stk-block stk-e2a0228 stk--has-lightbox\" data-block-id=\"e2a0228\"><figure class=\"stk-img-wrapper stk-image--shape-stretch\"><img loading=\"lazy\" decoding=\"async\" class=\"stk-img wp-image-1162\" src=\"https:\/\/www.ehcomunicacao.com.br\/plastitol\/wp-content\/uploads\/2023\/06\/brinde-porta-copo-emborrachado-6.jpg\" width=\"901\" height=\"901\" srcset=\"https:\/\/www.plastitol.com.br\/wp-content\/uploads\/2023\/06\/brinde-porta-copo-emborrachado-6.jpg 901w, https:\/\/www.plastitol.com.br\/wp-content\/uploads\/2023\/06\/brinde-porta-copo-emborrachado-6-300x300.jpg 300w, https:\/\/www.plastitol.com.br\/wp-content\/uploads\/2023\/06\/brinde-porta-copo-emborrachado-6-150x150.jpg 150w, https:\/\/www.plastitol.com.br\/wp-content\/uploads\/2023\/06\/brinde-porta-copo-emborrachado-6-768x768.jpg 768w, https:\/\/www.plastitol.com.br\/wp-content\/uploads\/2023\/06\/brinde-porta-copo-emborrachado-6-600x600.jpg 600w, https:\/\/www.plastitol.com.br\/wp-content\/uploads\/2023\/06\/brinde-porta-copo-emborrachado-6-100x100.jpg 100w\" sizes=\"auto, (max-width: 901px) 100vw, 901px\" \/><\/figure><\/div>\n<\/div><\/div><\/div>\n\n\n\n<div class=\"wp-block-stackable-column stk-block-column stk-column stk-block stk-7cd1be4\" data-v=\"4\" data-block-id=\"7cd1be4\"><style>@media screen and (min-width:768px){.stk-7cd1be4{flex:1 1 25% !important}}<\/style><div class=\"stk-column-wrapper stk-block-column__content stk-container stk-7cd1be4-container stk--no-background stk--no-padding\"><div class=\"stk-block-content stk-inner-blocks stk-7cd1be4-inner-blocks\">\n<div class=\"wp-block-stackable-image stk-block-image stk-block stk-1fd6210 stk--has-lightbox\" data-block-id=\"1fd6210\"><figure class=\"stk-img-wrapper stk-image--shape-stretch\"><img loading=\"lazy\" decoding=\"async\" class=\"stk-img wp-image-1160\" src=\"https:\/\/www.ehcomunicacao.com.br\/plastitol\/wp-content\/uploads\/2023\/06\/brinde-porta-copo-emborrachado-4.jpg\" width=\"901\" height=\"901\" srcset=\"https:\/\/www.plastitol.com.br\/wp-content\/uploads\/2023\/06\/brinde-porta-copo-emborrachado-4.jpg 901w, https:\/\/www.plastitol.com.br\/wp-content\/uploads\/2023\/06\/brinde-porta-copo-emborrachado-4-300x300.jpg 300w, https:\/\/www.plastitol.com.br\/wp-content\/uploads\/2023\/06\/brinde-porta-copo-emborrachado-4-150x150.jpg 150w, https:\/\/www.plastitol.com.br\/wp-content\/uploads\/2023\/06\/brinde-porta-copo-emborrachado-4-768x768.jpg 768w, https:\/\/www.plastitol.com.br\/wp-content\/uploads\/2023\/06\/brinde-porta-copo-emborrachado-4-600x600.jpg 600w, https:\/\/www.plastitol.com.br\/wp-content\/uploads\/2023\/06\/brinde-porta-copo-emborrachado-4-100x100.jpg 100w\" sizes=\"auto, (max-width: 901px) 100vw, 901px\" \/><\/figure><\/div>\n<\/div><\/div><\/div>\n<\/div><\/div>\n\n\n\n<div class=\"wp-block-stackable-columns stk-block-columns stk-block stk-12d6d4e\" data-block-id=\"12d6d4e\"><div class=\"stk-row stk-inner-blocks stk-block-content stk-content-align stk-12d6d4e-column\">\n<div class=\"wp-block-stackable-column stk-block-column stk-column stk-block stk-9e5ec6f\" data-v=\"4\" data-block-id=\"9e5ec6f\"><style>@media screen and (min-width:768px){.stk-9e5ec6f{flex:1 1 25% !important}}<\/style><div class=\"stk-column-wrapper stk-block-column__content stk-container stk-9e5ec6f-container stk--no-background stk--no-padding\"><div class=\"stk-block-content stk-inner-blocks stk-9e5ec6f-inner-blocks\">\n<div class=\"wp-block-stackable-image stk-block-image stk-block stk-6986c5b stk--has-lightbox\" data-block-id=\"6986c5b\"><figure class=\"stk-img-wrapper stk-image--shape-stretch\"><img loading=\"lazy\" decoding=\"async\" class=\"stk-img wp-image-1159\" src=\"https:\/\/www.ehcomunicacao.com.br\/plastitol\/wp-content\/uploads\/2023\/06\/brinde-porta-copo-emborrachado-3.jpg\" width=\"901\" height=\"901\" srcset=\"https:\/\/www.plastitol.com.br\/wp-content\/uploads\/2023\/06\/brinde-porta-copo-emborrachado-3.jpg 901w, https:\/\/www.plastitol.com.br\/wp-content\/uploads\/2023\/06\/brinde-porta-copo-emborrachado-3-300x300.jpg 300w, https:\/\/www.plastitol.com.br\/wp-content\/uploads\/2023\/06\/brinde-porta-copo-emborrachado-3-150x150.jpg 150w, https:\/\/www.plastitol.com.br\/wp-content\/uploads\/2023\/06\/brinde-porta-copo-emborrachado-3-768x768.jpg 768w, https:\/\/www.plastitol.com.br\/wp-content\/uploads\/2023\/06\/brinde-porta-copo-emborrachado-3-600x600.jpg 600w, https:\/\/www.plastitol.com.br\/wp-content\/uploads\/2023\/06\/brinde-porta-copo-emborrachado-3-100x100.jpg 100w\" sizes=\"auto, (max-width: 901px) 100vw, 901px\" \/><\/figure><\/div>\n<\/div><\/div><\/div>\n\n\n\n<div class=\"wp-block-stackable-column stk-block-column stk-column stk-block stk-a54f7c2\" data-v=\"4\" data-block-id=\"a54f7c2\"><style>@media screen and (min-width:768px){.stk-a54f7c2{flex:1 1 25% !important}}<\/style><div class=\"stk-column-wrapper stk-block-column__content stk-container stk-a54f7c2-container stk--no-background stk--no-padding\"><div class=\"stk-block-content stk-inner-blocks stk-a54f7c2-inner-blocks\">\n<div class=\"wp-block-stackable-image stk-block-image stk-block stk-7f764f8 stk--has-lightbox\" data-block-id=\"7f764f8\"><figure class=\"stk-img-wrapper stk-image--shape-stretch\"><img loading=\"lazy\" decoding=\"async\" class=\"stk-img wp-image-1158\" src=\"https:\/\/www.ehcomunicacao.com.br\/plastitol\/wp-content\/uploads\/2023\/06\/brinde-porta-copo-emborrachado-2.jpg\" width=\"901\" height=\"901\" srcset=\"https:\/\/www.plastitol.com.br\/wp-content\/uploads\/2023\/06\/brinde-porta-copo-emborrachado-2.jpg 901w, https:\/\/www.plastitol.com.br\/wp-content\/uploads\/2023\/06\/brinde-porta-copo-emborrachado-2-300x300.jpg 300w, https:\/\/www.plastitol.com.br\/wp-content\/uploads\/2023\/06\/brinde-porta-copo-emborrachado-2-150x150.jpg 150w, https:\/\/www.plastitol.com.br\/wp-content\/uploads\/2023\/06\/brinde-porta-copo-emborrachado-2-768x768.jpg 768w, https:\/\/www.plastitol.com.br\/wp-content\/uploads\/2023\/06\/brinde-porta-copo-emborrachado-2-600x600.jpg 600w, https:\/\/www.plastitol.com.br\/wp-content\/uploads\/2023\/06\/brinde-porta-copo-emborrachado-2-100x100.jpg 100w\" sizes=\"auto, (max-width: 901px) 100vw, 901px\" \/><\/figure><\/div>\n<\/div><\/div><\/div>\n\n\n\n<div class=\"wp-block-stackable-column stk-block-column stk-column stk-block stk-8e8aa6c\" data-v=\"4\" data-block-id=\"8e8aa6c\"><style>@media screen and (min-width:768px){.stk-8e8aa6c{flex:1 1 25% !important}}<\/style><div class=\"stk-column-wrapper stk-block-column__content stk-container stk-8e8aa6c-container stk--no-background stk--no-padding\"><div class=\"stk-block-content stk-inner-blocks stk-8e8aa6c-inner-blocks\">\n<div class=\"wp-block-stackable-image stk-block-image stk-block stk-79c22a4 stk--has-lightbox\" data-block-id=\"79c22a4\"><figure class=\"stk-img-wrapper stk-image--shape-stretch\"><img loading=\"lazy\" decoding=\"async\" class=\"stk-img wp-image-1157\" src=\"https:\/\/www.ehcomunicacao.com.br\/plastitol\/wp-content\/uploads\/2023\/06\/brinde-porta-copo-emborrachado-1.jpg\" width=\"901\" height=\"901\" srcset=\"https:\/\/www.plastitol.com.br\/wp-content\/uploads\/2023\/06\/brinde-porta-copo-emborrachado-1.jpg 901w, https:\/\/www.plastitol.com.br\/wp-content\/uploads\/2023\/06\/brinde-porta-copo-emborrachado-1-300x300.jpg 300w, https:\/\/www.plastitol.com.br\/wp-content\/uploads\/2023\/06\/brinde-porta-copo-emborrachado-1-150x150.jpg 150w, https:\/\/www.plastitol.com.br\/wp-content\/uploads\/2023\/06\/brinde-porta-copo-emborrachado-1-768x768.jpg 768w, https:\/\/www.plastitol.com.br\/wp-content\/uploads\/2023\/06\/brinde-porta-copo-emborrachado-1-600x600.jpg 600w, https:\/\/www.plastitol.com.br\/wp-content\/uploads\/2023\/06\/brinde-porta-copo-emborrachado-1-100x100.jpg 100w\" sizes=\"auto, (max-width: 901px) 100vw, 901px\" \/><\/figure><\/div>\n<\/div><\/div><\/div>\n\n\n\n<div class=\"wp-block-stackable-column stk-block-column stk-column stk-block stk-aa8b290\" data-v=\"4\" data-block-id=\"aa8b290\"><style>@media screen and (min-width:768px){.stk-aa8b290{flex:1 1 25% !important}}<\/style><div class=\"stk-column-wrapper stk-block-column__content stk-container stk-aa8b290-container stk--no-background stk--no-padding\"><div class=\"stk-block-content stk-inner-blocks stk-aa8b290-inner-blocks\">\n<div class=\"wp-block-stackable-image stk-block-image stk-block stk-6beb095 stk--has-lightbox\" data-block-id=\"6beb095\"><figure class=\"stk-img-wrapper stk-image--shape-stretch\"><img loading=\"lazy\" decoding=\"async\" class=\"stk-img wp-image-1156\" src=\"https:\/\/www.ehcomunicacao.com.br\/plastitol\/wp-content\/uploads\/2023\/06\/brinde-\u00b4porta-copo-emborrachado-7.jpg\" width=\"901\" height=\"901\" srcset=\"https:\/\/www.plastitol.com.br\/wp-content\/uploads\/2023\/06\/brinde-\u00b4porta-copo-emborrachado-7.jpg 901w, https:\/\/www.plastitol.com.br\/wp-content\/uploads\/2023\/06\/brinde-\u00b4porta-copo-emborrachado-7-300x300.jpg 300w, https:\/\/www.plastitol.com.br\/wp-content\/uploads\/2023\/06\/brinde-\u00b4porta-copo-emborrachado-7-150x150.jpg 150w, https:\/\/www.plastitol.com.br\/wp-content\/uploads\/2023\/06\/brinde-\u00b4porta-copo-emborrachado-7-768x768.jpg 768w, https:\/\/www.plastitol.com.br\/wp-content\/uploads\/2023\/06\/brinde-\u00b4porta-copo-emborrachado-7-600x600.jpg 600w, https:\/\/www.plastitol.com.br\/wp-content\/uploads\/2023\/06\/brinde-\u00b4porta-copo-emborrachado-7-100x100.jpg 100w\" sizes=\"auto, (max-width: 901px) 100vw, 901px\" \/><\/figure><\/div>\n<\/div><\/div><\/div>\n<\/div><\/div>\n","protected":false},"excerpt":{"rendered":"<p>Material: PVC flex\u00edvel at\u00f3xico e de alta durabilidadeImpress\u00e3o: em silk screem ou alto relevo em uma das faces do produtoFormatos: geralmente, s\u00e3o utilizados os formatos redondo ou quadrado, mas pode ser feito qualquer formato sob consulta. Cores: produzimos em qualquer cor, utilizando o padr\u00e3o Pantone.<\/p>\n","protected":false},"author":1,"featured_media":0,"parent":0,"menu_order":0,"comment_status":"closed","ping_status":"closed","template":"","meta":{"footnotes":""},"class_list":["post-783","page","type-page","status-publish","hentry"],"blocksy_meta":{"page_structure_type":"type-1"},"featured_image_urls":{"full":"","thumbnail":"","medium":"","medium_large":"","large":"","1536x1536":"","2048x2048":""},"post_excerpt_stackable":"<p>Material: PVC flex\u00edvel at\u00f3xico e de alta durabilidadeImpress\u00e3o: em silk screem ou alto relevo em uma das faces do produtoFormatos: geralmente, s\u00e3o utilizados os formatos redondo ou quadrado, mas pode ser feito qualquer formato sob consulta. Cores: produzimos em qualquer cor, utilizando o padr\u00e3o Pantone.<\/p>\n","category_list":"","author_info":{"name":"plastitol","url":"https:\/\/www.plastitol.com.br\/?author=1"},"comments_num":"0 coment\u00e1rio","jetpack_sharing_enabled":true,"_links":{"self":[{"href":"https:\/\/www.plastitol.com.br\/index.php?rest_route=\/wp\/v2\/pages\/783","targetHints":{"allow":["GET"]}}],"collection":[{"href":"https:\/\/www.plastitol.com.br\/index.php?rest_route=\/wp\/v2\/pages"}],"about":[{"href":"https:\/\/www.plastitol.com.br\/index.php?rest_route=\/wp\/v2\/types\/page"}],"author":[{"embeddable":true,"href":"https:\/\/www.plastitol.com.br\/index.php?rest_route=\/wp\/v2\/users\/1"}],"replies":[{"embeddable":true,"href":"https:\/\/www.plastitol.com.br\/index.php?rest_route=%2Fwp%2Fv2%2Fcomments&post=783"}],"version-history":[{"count":3,"href":"https:\/\/www.plastitol.com.br\/index.php?rest_route=\/wp\/v2\/pages\/783\/revisions"}],"predecessor-version":[{"id":1164,"href":"https:\/\/www.plastitol.com.br\/index.php?rest_route=\/wp\/v2\/pages\/783\/revisions\/1164"}],"wp:attachment":[{"href":"https:\/\/www.plastitol.com.br\/index.php?rest_route=%2Fwp%2Fv2%2Fmedia&parent=783"}],"curies":[{"name":"wp","href":"https:\/\/api.w.org\/{rel}","templated":true}]}}