{"id":774,"date":"2023-06-21T17:13:38","date_gmt":"2023-06-21T20:13:38","guid":{"rendered":"https:\/\/www.ehcomunicacao.com.br\/plastitol\/?page_id=774"},"modified":"2023-06-23T12:32:54","modified_gmt":"2023-06-23T15:32:54","slug":"tag-de-mala","status":"publish","type":"page","link":"https:\/\/www.plastitol.com.br\/?page_id=774","title":{"rendered":"Tag de Mala"},"content":{"rendered":"\n<p><strong>Material<\/strong>: PVC flex\u00edvel at\u00f3xico e de alta durabilidade<br><strong>Tipo<\/strong>: maci\u00e7o<br><strong>Impress\u00e3o<\/strong>: em silk screem ou alto relevo na na frente e silk screem com dados fixos (2 cores) no verso.<br><strong>Formatos<\/strong>: pode ser feito qualquer formato (formatos j\u00e1 existentes na empresa, como redondo, retangular, quadrado, cora\u00e7\u00e3o, entre muitos outros, proporcionam menores valores pela dispensa de ferramental de corte. Formatos especiais podem ser desenvolvidos pela empresa)<br><strong>Acabamentos<\/strong>: cord\u00e3o de PVC<br><strong>Cores<\/strong>: produzimos em qualquer cor, utilizando o padr\u00e3o Pantone.<\/p>\n\n\n\n<div class=\"wp-block-stackable-columns stk-block-columns stk-block stk-2e1d8d8\" data-block-id=\"2e1d8d8\"><div class=\"stk-row stk-inner-blocks stk-block-content stk-content-align stk-2e1d8d8-column\">\n<div class=\"wp-block-stackable-column stk-block-column stk-column stk-block stk-defd823\" data-v=\"4\" data-block-id=\"defd823\"><style>@media screen and (min-width:768px){.stk-defd823{flex:1 1 25% !important}}<\/style><div class=\"stk-column-wrapper stk-block-column__content stk-container stk-defd823-container stk--no-background stk--no-padding\"><div class=\"stk-block-content stk-inner-blocks stk-defd823-inner-blocks\">\n<div class=\"wp-block-stackable-image stk-block-image stk-block stk-a4d0673 stk--has-lightbox\" data-block-id=\"a4d0673\"><figure class=\"stk-img-wrapper stk-image--shape-stretch\"><img loading=\"lazy\" decoding=\"async\" class=\"stk-img wp-image-1127\" src=\"https:\/\/www.ehcomunicacao.com.br\/plastitol\/wp-content\/uploads\/2023\/06\/tag-identificador-de-mala-2.jpg\" width=\"901\" height=\"901\" srcset=\"https:\/\/www.plastitol.com.br\/wp-content\/uploads\/2023\/06\/tag-identificador-de-mala-2.jpg 901w, https:\/\/www.plastitol.com.br\/wp-content\/uploads\/2023\/06\/tag-identificador-de-mala-2-300x300.jpg 300w, https:\/\/www.plastitol.com.br\/wp-content\/uploads\/2023\/06\/tag-identificador-de-mala-2-150x150.jpg 150w, https:\/\/www.plastitol.com.br\/wp-content\/uploads\/2023\/06\/tag-identificador-de-mala-2-768x768.jpg 768w, https:\/\/www.plastitol.com.br\/wp-content\/uploads\/2023\/06\/tag-identificador-de-mala-2-600x600.jpg 600w, https:\/\/www.plastitol.com.br\/wp-content\/uploads\/2023\/06\/tag-identificador-de-mala-2-100x100.jpg 100w\" sizes=\"auto, (max-width: 901px) 100vw, 901px\" \/><\/figure><\/div>\n<\/div><\/div><\/div>\n\n\n\n<div class=\"wp-block-stackable-column stk-block-column stk-column stk-block stk-9ef53fd\" data-v=\"4\" data-block-id=\"9ef53fd\"><style>@media screen and (min-width:768px){.stk-9ef53fd{flex:1 1 25% !important}}<\/style><div class=\"stk-column-wrapper stk-block-column__content stk-container stk-9ef53fd-container stk--no-background stk--no-padding\"><div class=\"stk-block-content stk-inner-blocks stk-9ef53fd-inner-blocks\">\n<div class=\"wp-block-stackable-image stk-block-image stk-block stk-65d29f1 stk--has-lightbox\" data-block-id=\"65d29f1\"><figure class=\"stk-img-wrapper stk-image--shape-stretch\"><img loading=\"lazy\" decoding=\"async\" class=\"stk-img wp-image-1126\" src=\"https:\/\/www.ehcomunicacao.com.br\/plastitol\/wp-content\/uploads\/2023\/06\/tag-identificador-de-mala-1.jpg\" width=\"901\" height=\"901\" srcset=\"https:\/\/www.plastitol.com.br\/wp-content\/uploads\/2023\/06\/tag-identificador-de-mala-1.jpg 901w, https:\/\/www.plastitol.com.br\/wp-content\/uploads\/2023\/06\/tag-identificador-de-mala-1-300x300.jpg 300w, https:\/\/www.plastitol.com.br\/wp-content\/uploads\/2023\/06\/tag-identificador-de-mala-1-150x150.jpg 150w, https:\/\/www.plastitol.com.br\/wp-content\/uploads\/2023\/06\/tag-identificador-de-mala-1-768x768.jpg 768w, https:\/\/www.plastitol.com.br\/wp-content\/uploads\/2023\/06\/tag-identificador-de-mala-1-600x600.jpg 600w, https:\/\/www.plastitol.com.br\/wp-content\/uploads\/2023\/06\/tag-identificador-de-mala-1-100x100.jpg 100w\" sizes=\"auto, (max-width: 901px) 100vw, 901px\" \/><\/figure><\/div>\n<\/div><\/div><\/div>\n\n\n\n<div class=\"wp-block-stackable-column stk-block-column stk-column stk-block stk-8d83737\" data-v=\"4\" data-block-id=\"8d83737\"><style>@media screen and (min-width:768px){.stk-8d83737{flex:1 1 25% !important}}<\/style><div class=\"stk-column-wrapper stk-block-column__content stk-container stk-8d83737-container stk--no-background stk--no-padding\"><div class=\"stk-block-content stk-inner-blocks stk-8d83737-inner-blocks\">\n<div class=\"wp-block-stackable-image stk-block-image stk-block stk-0d1295e stk--has-lightbox\" data-block-id=\"0d1295e\"><figure class=\"stk-img-wrapper stk-image--shape-stretch\"><img loading=\"lazy\" decoding=\"async\" class=\"stk-img wp-image-1128\" src=\"https:\/\/www.ehcomunicacao.com.br\/plastitol\/wp-content\/uploads\/2023\/06\/tag-identificador-de-mala-3.jpg\" width=\"901\" height=\"901\" srcset=\"https:\/\/www.plastitol.com.br\/wp-content\/uploads\/2023\/06\/tag-identificador-de-mala-3.jpg 901w, https:\/\/www.plastitol.com.br\/wp-content\/uploads\/2023\/06\/tag-identificador-de-mala-3-300x300.jpg 300w, https:\/\/www.plastitol.com.br\/wp-content\/uploads\/2023\/06\/tag-identificador-de-mala-3-150x150.jpg 150w, https:\/\/www.plastitol.com.br\/wp-content\/uploads\/2023\/06\/tag-identificador-de-mala-3-768x768.jpg 768w, https:\/\/www.plastitol.com.br\/wp-content\/uploads\/2023\/06\/tag-identificador-de-mala-3-600x600.jpg 600w, https:\/\/www.plastitol.com.br\/wp-content\/uploads\/2023\/06\/tag-identificador-de-mala-3-100x100.jpg 100w\" sizes=\"auto, (max-width: 901px) 100vw, 901px\" \/><\/figure><\/div>\n<\/div><\/div><\/div>\n\n\n\n<div class=\"wp-block-stackable-column stk-block-column stk-column stk-block stk-b889ca2\" data-v=\"4\" data-block-id=\"b889ca2\"><style>@media screen and (min-width:768px){.stk-b889ca2{flex:1 1 25% !important}}<\/style><div class=\"stk-column-wrapper stk-block-column__content stk-container stk-b889ca2-container stk--no-background stk--no-padding\"><div class=\"stk-block-content stk-inner-blocks stk-b889ca2-inner-blocks\">\n<div class=\"wp-block-stackable-image stk-block-image stk-block stk-5511019 stk--has-lightbox\" data-block-id=\"5511019\"><figure class=\"stk-img-wrapper stk-image--shape-stretch\"><img loading=\"lazy\" decoding=\"async\" class=\"stk-img wp-image-1129\" src=\"https:\/\/www.ehcomunicacao.com.br\/plastitol\/wp-content\/uploads\/2023\/06\/tag-identificador-de-mala-4.jpg\" width=\"901\" height=\"901\" srcset=\"https:\/\/www.plastitol.com.br\/wp-content\/uploads\/2023\/06\/tag-identificador-de-mala-4.jpg 901w, https:\/\/www.plastitol.com.br\/wp-content\/uploads\/2023\/06\/tag-identificador-de-mala-4-300x300.jpg 300w, https:\/\/www.plastitol.com.br\/wp-content\/uploads\/2023\/06\/tag-identificador-de-mala-4-150x150.jpg 150w, https:\/\/www.plastitol.com.br\/wp-content\/uploads\/2023\/06\/tag-identificador-de-mala-4-768x768.jpg 768w, https:\/\/www.plastitol.com.br\/wp-content\/uploads\/2023\/06\/tag-identificador-de-mala-4-600x600.jpg 600w, https:\/\/www.plastitol.com.br\/wp-content\/uploads\/2023\/06\/tag-identificador-de-mala-4-100x100.jpg 100w\" sizes=\"auto, (max-width: 901px) 100vw, 901px\" \/><\/figure><\/div>\n<\/div><\/div><\/div>\n<\/div><\/div>\n","protected":false},"excerpt":{"rendered":"<p>Material: PVC flex\u00edvel at\u00f3xico e de alta durabilidadeTipo: maci\u00e7oImpress\u00e3o: em silk screem ou alto relevo na na frente e silk screem com dados fixos (2 cores) no verso.Formatos: pode ser feito qualquer formato (formatos j\u00e1 existentes na empresa, como redondo, retangular, quadrado, cora\u00e7\u00e3o, entre muitos outros, proporcionam menores valores pela dispensa de ferramental de corte. [&hellip;]<\/p>\n","protected":false},"author":1,"featured_media":0,"parent":0,"menu_order":0,"comment_status":"closed","ping_status":"closed","template":"","meta":{"footnotes":""},"class_list":["post-774","page","type-page","status-publish","hentry"],"blocksy_meta":{"page_structure_type":"type-1"},"featured_image_urls":{"full":"","thumbnail":"","medium":"","medium_large":"","large":"","1536x1536":"","2048x2048":""},"post_excerpt_stackable":"<p>Material: PVC flex\u00edvel at\u00f3xico e de alta durabilidadeTipo: maci\u00e7oImpress\u00e3o: em silk screem ou alto relevo na na frente e silk screem com dados fixos (2 cores) no verso.Formatos: pode ser feito qualquer formato (formatos j\u00e1 existentes na empresa, como redondo, retangular, quadrado, cora\u00e7\u00e3o, entre muitos outros, proporcionam menores valores pela dispensa de ferramental de corte. Formatos especiais podem ser desenvolvidos pela empresa)Acabamentos: cord\u00e3o de PVCCores: produzimos em qualquer cor, utilizando o padr\u00e3o Pantone.<\/p>\n","category_list":"","author_info":{"name":"plastitol","url":"https:\/\/www.plastitol.com.br\/?author=1"},"comments_num":"0 coment\u00e1rio","jetpack_sharing_enabled":true,"_links":{"self":[{"href":"https:\/\/www.plastitol.com.br\/index.php?rest_route=\/wp\/v2\/pages\/774","targetHints":{"allow":["GET"]}}],"collection":[{"href":"https:\/\/www.plastitol.com.br\/index.php?rest_route=\/wp\/v2\/pages"}],"about":[{"href":"https:\/\/www.plastitol.com.br\/index.php?rest_route=\/wp\/v2\/types\/page"}],"author":[{"embeddable":true,"href":"https:\/\/www.plastitol.com.br\/index.php?rest_route=\/wp\/v2\/users\/1"}],"replies":[{"embeddable":true,"href":"https:\/\/www.plastitol.com.br\/index.php?rest_route=%2Fwp%2Fv2%2Fcomments&post=774"}],"version-history":[{"count":4,"href":"https:\/\/www.plastitol.com.br\/index.php?rest_route=\/wp\/v2\/pages\/774\/revisions"}],"predecessor-version":[{"id":1147,"href":"https:\/\/www.plastitol.com.br\/index.php?rest_route=\/wp\/v2\/pages\/774\/revisions\/1147"}],"wp:attachment":[{"href":"https:\/\/www.plastitol.com.br\/index.php?rest_route=%2Fwp%2Fv2%2Fmedia&parent=774"}],"curies":[{"name":"wp","href":"https:\/\/api.w.org\/{rel}","templated":true}]}}