{"id":772,"date":"2023-06-21T17:11:49","date_gmt":"2023-06-21T20:11:49","guid":{"rendered":"https:\/\/www.ehcomunicacao.com.br\/plastitol\/?page_id=772"},"modified":"2023-06-23T12:33:31","modified_gmt":"2023-06-23T15:33:31","slug":"puxador-de-ziper","status":"publish","type":"page","link":"https:\/\/www.plastitol.com.br\/?page_id=772","title":{"rendered":"Puxador de Z\u00edper"},"content":{"rendered":"\n<p><strong>Material<\/strong>: PVC flex\u00edvel at\u00f3xico e de alta durabilidade<br><strong>Impress\u00e3o<\/strong>: em silk screem ou alto relevo nas duas faces ou em uma delas, dependendo do  modelo<br><strong>Formatos<\/strong>: temos 5 modelos dispon\u00edveis, conforme imagens abaixo<br><strong>Acabamentos<\/strong>: dependendo do modelo, podem ser fornecidos abertos, para colagem no z\u00edper, fechados com tri\u00e2ngulo de metal ou apenas de encaixe. Consulte como se utiliza cada modelo.<br><strong>Cores<\/strong>: produzimos em qualquer cor, utilizando o padr\u00e3o Pantone.<\/p>\n\n\n\n<div class=\"wp-block-stackable-columns stk-block-columns stk-block stk-b2c8ab3\" data-block-id=\"b2c8ab3\"><div class=\"stk-row stk-inner-blocks stk-block-content stk-content-align stk-b2c8ab3-column\">\n<div class=\"wp-block-stackable-column stk-block-column stk-column stk-block stk-8c20fc3\" data-v=\"4\" data-block-id=\"8c20fc3\"><style>@media screen and (min-width:768px){.stk-8c20fc3{flex:1 1 25% !important}}<\/style><div class=\"stk-column-wrapper stk-block-column__content stk-container stk-8c20fc3-container stk--no-background stk--no-padding\"><div class=\"stk-block-content stk-inner-blocks stk-8c20fc3-inner-blocks\">\n<div class=\"wp-block-stackable-image stk-block-image stk-block stk-dad5688 stk--has-lightbox\" data-block-id=\"dad5688\"><figure class=\"stk-img-wrapper stk-image--shape-stretch\"><img loading=\"lazy\" decoding=\"async\" class=\"stk-img wp-image-1135\" src=\"https:\/\/www.ehcomunicacao.com.br\/plastitol\/wp-content\/uploads\/2023\/06\/puxador-de-ziper-1.jpg\" width=\"901\" height=\"901\" srcset=\"https:\/\/www.plastitol.com.br\/wp-content\/uploads\/2023\/06\/puxador-de-ziper-1.jpg 901w, https:\/\/www.plastitol.com.br\/wp-content\/uploads\/2023\/06\/puxador-de-ziper-1-300x300.jpg 300w, https:\/\/www.plastitol.com.br\/wp-content\/uploads\/2023\/06\/puxador-de-ziper-1-150x150.jpg 150w, https:\/\/www.plastitol.com.br\/wp-content\/uploads\/2023\/06\/puxador-de-ziper-1-768x768.jpg 768w, https:\/\/www.plastitol.com.br\/wp-content\/uploads\/2023\/06\/puxador-de-ziper-1-600x600.jpg 600w, https:\/\/www.plastitol.com.br\/wp-content\/uploads\/2023\/06\/puxador-de-ziper-1-100x100.jpg 100w\" sizes=\"auto, (max-width: 901px) 100vw, 901px\" \/><\/figure><\/div>\n<\/div><\/div><\/div>\n\n\n\n<div class=\"wp-block-stackable-column stk-block-column stk-column stk-block stk-a9a8b5f\" data-v=\"4\" data-block-id=\"a9a8b5f\"><style>@media screen and (min-width:768px){.stk-a9a8b5f{flex:1 1 25% !important}}<\/style><div class=\"stk-column-wrapper stk-block-column__content stk-container stk-a9a8b5f-container stk--no-background stk--no-padding\"><div class=\"stk-block-content stk-inner-blocks stk-a9a8b5f-inner-blocks\">\n<div class=\"wp-block-stackable-image stk-block-image stk-block stk-dcff199 stk--has-lightbox\" data-block-id=\"dcff199\"><figure class=\"stk-img-wrapper stk-image--shape-stretch\"><img loading=\"lazy\" decoding=\"async\" class=\"stk-img wp-image-1136\" src=\"https:\/\/www.ehcomunicacao.com.br\/plastitol\/wp-content\/uploads\/2023\/06\/puxador-de-ziper-2.jpg\" width=\"901\" height=\"901\" srcset=\"https:\/\/www.plastitol.com.br\/wp-content\/uploads\/2023\/06\/puxador-de-ziper-2.jpg 901w, https:\/\/www.plastitol.com.br\/wp-content\/uploads\/2023\/06\/puxador-de-ziper-2-300x300.jpg 300w, https:\/\/www.plastitol.com.br\/wp-content\/uploads\/2023\/06\/puxador-de-ziper-2-150x150.jpg 150w, https:\/\/www.plastitol.com.br\/wp-content\/uploads\/2023\/06\/puxador-de-ziper-2-768x768.jpg 768w, https:\/\/www.plastitol.com.br\/wp-content\/uploads\/2023\/06\/puxador-de-ziper-2-600x600.jpg 600w, https:\/\/www.plastitol.com.br\/wp-content\/uploads\/2023\/06\/puxador-de-ziper-2-100x100.jpg 100w\" sizes=\"auto, (max-width: 901px) 100vw, 901px\" \/><\/figure><\/div>\n<\/div><\/div><\/div>\n\n\n\n<div class=\"wp-block-stackable-column stk-block-column stk-column stk-block stk-4d243a9\" data-v=\"4\" data-block-id=\"4d243a9\"><style>@media screen and (min-width:768px){.stk-4d243a9{flex:1 1 25% !important}}<\/style><div class=\"stk-column-wrapper stk-block-column__content stk-container stk-4d243a9-container stk--no-background stk--no-padding\"><div class=\"stk-block-content stk-inner-blocks stk-4d243a9-inner-blocks\">\n<div class=\"wp-block-stackable-image stk-block-image stk-block stk-5a3d625 stk--has-lightbox\" data-block-id=\"5a3d625\"><figure class=\"stk-img-wrapper stk-image--shape-stretch\"><img loading=\"lazy\" decoding=\"async\" class=\"stk-img wp-image-1137\" src=\"https:\/\/www.ehcomunicacao.com.br\/plastitol\/wp-content\/uploads\/2023\/06\/puxador-de-ziper-3.jpg\" width=\"901\" height=\"901\" srcset=\"https:\/\/www.plastitol.com.br\/wp-content\/uploads\/2023\/06\/puxador-de-ziper-3.jpg 901w, https:\/\/www.plastitol.com.br\/wp-content\/uploads\/2023\/06\/puxador-de-ziper-3-300x300.jpg 300w, https:\/\/www.plastitol.com.br\/wp-content\/uploads\/2023\/06\/puxador-de-ziper-3-150x150.jpg 150w, https:\/\/www.plastitol.com.br\/wp-content\/uploads\/2023\/06\/puxador-de-ziper-3-768x768.jpg 768w, https:\/\/www.plastitol.com.br\/wp-content\/uploads\/2023\/06\/puxador-de-ziper-3-600x600.jpg 600w, https:\/\/www.plastitol.com.br\/wp-content\/uploads\/2023\/06\/puxador-de-ziper-3-100x100.jpg 100w\" sizes=\"auto, (max-width: 901px) 100vw, 901px\" \/><\/figure><\/div>\n<\/div><\/div><\/div>\n\n\n\n<div class=\"wp-block-stackable-column stk-block-column stk-column stk-block stk-2bfa447\" data-v=\"4\" data-block-id=\"2bfa447\"><style>@media screen and (min-width:768px){.stk-2bfa447{flex:1 1 25% !important}}<\/style><div class=\"stk-column-wrapper stk-block-column__content stk-container stk-2bfa447-container stk--no-background stk--no-padding\"><div class=\"stk-block-content stk-inner-blocks stk-2bfa447-inner-blocks\">\n<div class=\"wp-block-stackable-image stk-block-image stk-block stk-a678423 stk--has-lightbox\" data-block-id=\"a678423\"><figure class=\"stk-img-wrapper stk-image--shape-stretch\"><img loading=\"lazy\" decoding=\"async\" class=\"stk-img wp-image-1138\" src=\"https:\/\/www.ehcomunicacao.com.br\/plastitol\/wp-content\/uploads\/2023\/06\/puxador-de-ziper-4.jpg\" width=\"901\" height=\"901\" srcset=\"https:\/\/www.plastitol.com.br\/wp-content\/uploads\/2023\/06\/puxador-de-ziper-4.jpg 901w, https:\/\/www.plastitol.com.br\/wp-content\/uploads\/2023\/06\/puxador-de-ziper-4-300x300.jpg 300w, https:\/\/www.plastitol.com.br\/wp-content\/uploads\/2023\/06\/puxador-de-ziper-4-150x150.jpg 150w, https:\/\/www.plastitol.com.br\/wp-content\/uploads\/2023\/06\/puxador-de-ziper-4-768x768.jpg 768w, https:\/\/www.plastitol.com.br\/wp-content\/uploads\/2023\/06\/puxador-de-ziper-4-600x600.jpg 600w, https:\/\/www.plastitol.com.br\/wp-content\/uploads\/2023\/06\/puxador-de-ziper-4-100x100.jpg 100w\" sizes=\"auto, (max-width: 901px) 100vw, 901px\" \/><\/figure><\/div>\n<\/div><\/div><\/div>\n<\/div><\/div>\n\n\n\n<div class=\"wp-block-stackable-columns stk-block-columns stk-block stk-4549949\" data-block-id=\"4549949\"><div class=\"stk-row stk-inner-blocks stk-block-content stk-content-align stk-4549949-column\">\n<div class=\"wp-block-stackable-column stk-block-column stk-column stk-block stk-25dbdf2\" data-v=\"4\" data-block-id=\"25dbdf2\"><style>@media screen and (min-width:768px){.stk-25dbdf2{flex:1 1 25% !important}}<\/style><div class=\"stk-column-wrapper stk-block-column__content stk-container stk-25dbdf2-container stk--no-background stk--no-padding\"><div class=\"stk-block-content stk-inner-blocks stk-25dbdf2-inner-blocks\">\n<div class=\"wp-block-stackable-image stk-block-image stk-block stk-9d3f76e stk--has-lightbox\" data-block-id=\"9d3f76e\"><figure class=\"stk-img-wrapper stk-image--shape-stretch\"><img loading=\"lazy\" decoding=\"async\" class=\"stk-img wp-image-1139\" src=\"https:\/\/www.ehcomunicacao.com.br\/plastitol\/wp-content\/uploads\/2023\/06\/puxador-de-ziper-5.jpg\" width=\"901\" height=\"901\" srcset=\"https:\/\/www.plastitol.com.br\/wp-content\/uploads\/2023\/06\/puxador-de-ziper-5.jpg 901w, https:\/\/www.plastitol.com.br\/wp-content\/uploads\/2023\/06\/puxador-de-ziper-5-300x300.jpg 300w, https:\/\/www.plastitol.com.br\/wp-content\/uploads\/2023\/06\/puxador-de-ziper-5-150x150.jpg 150w, https:\/\/www.plastitol.com.br\/wp-content\/uploads\/2023\/06\/puxador-de-ziper-5-768x768.jpg 768w, https:\/\/www.plastitol.com.br\/wp-content\/uploads\/2023\/06\/puxador-de-ziper-5-600x600.jpg 600w, https:\/\/www.plastitol.com.br\/wp-content\/uploads\/2023\/06\/puxador-de-ziper-5-100x100.jpg 100w\" sizes=\"auto, (max-width: 901px) 100vw, 901px\" \/><\/figure><\/div>\n<\/div><\/div><\/div>\n\n\n\n<div class=\"wp-block-stackable-column stk-block-column stk-column stk-block stk-f244ba7\" data-v=\"4\" data-block-id=\"f244ba7\"><style>@media screen and (min-width:768px){.stk-f244ba7{flex:1 1 25% !important}}<\/style><div class=\"stk-column-wrapper stk-block-column__content stk-container stk-f244ba7-container stk--no-background stk--no-padding\"><div class=\"stk-block-content stk-inner-blocks stk-f244ba7-inner-blocks\">\n<div class=\"wp-block-stackable-image stk-block-image stk-block stk-e8ad750 stk--has-lightbox\" data-block-id=\"e8ad750\"><figure class=\"stk-img-wrapper stk-image--shape-stretch\"><img loading=\"lazy\" decoding=\"async\" class=\"stk-img wp-image-1140\" src=\"https:\/\/www.ehcomunicacao.com.br\/plastitol\/wp-content\/uploads\/2023\/06\/puxador-de-ziper-6.jpg\" width=\"901\" height=\"901\" srcset=\"https:\/\/www.plastitol.com.br\/wp-content\/uploads\/2023\/06\/puxador-de-ziper-6.jpg 901w, https:\/\/www.plastitol.com.br\/wp-content\/uploads\/2023\/06\/puxador-de-ziper-6-300x300.jpg 300w, https:\/\/www.plastitol.com.br\/wp-content\/uploads\/2023\/06\/puxador-de-ziper-6-150x150.jpg 150w, https:\/\/www.plastitol.com.br\/wp-content\/uploads\/2023\/06\/puxador-de-ziper-6-768x768.jpg 768w, https:\/\/www.plastitol.com.br\/wp-content\/uploads\/2023\/06\/puxador-de-ziper-6-600x600.jpg 600w, https:\/\/www.plastitol.com.br\/wp-content\/uploads\/2023\/06\/puxador-de-ziper-6-100x100.jpg 100w\" sizes=\"auto, (max-width: 901px) 100vw, 901px\" \/><\/figure><\/div>\n<\/div><\/div><\/div>\n\n\n\n<div class=\"wp-block-stackable-column stk-block-column stk-column stk-block stk-fc164d7\" data-v=\"4\" data-block-id=\"fc164d7\"><style>@media screen and (min-width:768px){.stk-fc164d7{flex:1 1 25% !important}}<\/style><div class=\"stk-column-wrapper stk-block-column__content stk-container stk-fc164d7-container stk--no-background stk--no-padding\"><div class=\"stk-block-content stk-inner-blocks stk-fc164d7-inner-blocks\">\n<div class=\"wp-block-stackable-image stk-block-image stk-block stk-baa683c stk--has-lightbox\" data-block-id=\"baa683c\"><figure class=\"stk-img-wrapper stk-image--shape-stretch\"><img loading=\"lazy\" decoding=\"async\" class=\"stk-img wp-image-1141\" src=\"https:\/\/www.ehcomunicacao.com.br\/plastitol\/wp-content\/uploads\/2023\/06\/puxador-de-ziper-7.jpg\" width=\"901\" height=\"901\" srcset=\"https:\/\/www.plastitol.com.br\/wp-content\/uploads\/2023\/06\/puxador-de-ziper-7.jpg 901w, https:\/\/www.plastitol.com.br\/wp-content\/uploads\/2023\/06\/puxador-de-ziper-7-300x300.jpg 300w, https:\/\/www.plastitol.com.br\/wp-content\/uploads\/2023\/06\/puxador-de-ziper-7-150x150.jpg 150w, https:\/\/www.plastitol.com.br\/wp-content\/uploads\/2023\/06\/puxador-de-ziper-7-768x768.jpg 768w, https:\/\/www.plastitol.com.br\/wp-content\/uploads\/2023\/06\/puxador-de-ziper-7-600x600.jpg 600w, https:\/\/www.plastitol.com.br\/wp-content\/uploads\/2023\/06\/puxador-de-ziper-7-100x100.jpg 100w\" sizes=\"auto, (max-width: 901px) 100vw, 901px\" \/><\/figure><\/div>\n<\/div><\/div><\/div>\n\n\n\n<div class=\"wp-block-stackable-column stk-block-column stk-column stk-block stk-a2d6567\" data-v=\"4\" data-block-id=\"a2d6567\"><style>@media screen and (min-width:768px){.stk-a2d6567{flex:1 1 25% !important}}<\/style><div class=\"stk-column-wrapper stk-block-column__content stk-container stk-a2d6567-container stk--no-background stk--no-padding\"><div class=\"stk-block-content stk-inner-blocks stk-a2d6567-inner-blocks\">\n<div class=\"wp-block-stackable-image stk-block-image stk-block stk-690adc6 stk--has-lightbox\" data-block-id=\"690adc6\"><figure class=\"stk-img-wrapper stk-image--shape-stretch\"><img loading=\"lazy\" decoding=\"async\" class=\"stk-img wp-image-1142\" src=\"https:\/\/www.ehcomunicacao.com.br\/plastitol\/wp-content\/uploads\/2023\/06\/puxador-de-ziper-8.jpg\" width=\"901\" height=\"901\" srcset=\"https:\/\/www.plastitol.com.br\/wp-content\/uploads\/2023\/06\/puxador-de-ziper-8.jpg 901w, https:\/\/www.plastitol.com.br\/wp-content\/uploads\/2023\/06\/puxador-de-ziper-8-300x300.jpg 300w, https:\/\/www.plastitol.com.br\/wp-content\/uploads\/2023\/06\/puxador-de-ziper-8-150x150.jpg 150w, https:\/\/www.plastitol.com.br\/wp-content\/uploads\/2023\/06\/puxador-de-ziper-8-768x768.jpg 768w, https:\/\/www.plastitol.com.br\/wp-content\/uploads\/2023\/06\/puxador-de-ziper-8-600x600.jpg 600w, https:\/\/www.plastitol.com.br\/wp-content\/uploads\/2023\/06\/puxador-de-ziper-8-100x100.jpg 100w\" sizes=\"auto, (max-width: 901px) 100vw, 901px\" \/><\/figure><\/div>\n<\/div><\/div><\/div>\n<\/div><\/div>\n","protected":false},"excerpt":{"rendered":"<p>Material: PVC flex\u00edvel at\u00f3xico e de alta durabilidadeImpress\u00e3o: em silk screem ou alto relevo nas duas faces ou em uma delas, dependendo do modeloFormatos: temos 5 modelos dispon\u00edveis, conforme imagens abaixoAcabamentos: dependendo do modelo, podem ser fornecidos abertos, para colagem no z\u00edper, fechados com tri\u00e2ngulo de metal ou apenas de encaixe. Consulte como se utiliza [&hellip;]<\/p>\n","protected":false},"author":1,"featured_media":0,"parent":0,"menu_order":0,"comment_status":"closed","ping_status":"closed","template":"","meta":{"footnotes":""},"class_list":["post-772","page","type-page","status-publish","hentry"],"blocksy_meta":{"page_structure_type":"type-1"},"featured_image_urls":{"full":"","thumbnail":"","medium":"","medium_large":"","large":"","1536x1536":"","2048x2048":""},"post_excerpt_stackable":"<p>Material: PVC flex\u00edvel at\u00f3xico e de alta durabilidadeImpress\u00e3o: em silk screem ou alto relevo nas duas faces ou em uma delas, dependendo do modeloFormatos: temos 5 modelos dispon\u00edveis, conforme imagens abaixoAcabamentos: dependendo do modelo, podem ser fornecidos abertos, para colagem no z\u00edper, fechados com tri\u00e2ngulo de metal ou apenas de encaixe. Consulte como se utiliza cada modelo.Cores: produzimos em qualquer cor, utilizando o padr\u00e3o Pantone.<\/p>\n","category_list":"","author_info":{"name":"plastitol","url":"https:\/\/www.plastitol.com.br\/?author=1"},"comments_num":"0 coment\u00e1rio","jetpack_sharing_enabled":true,"_links":{"self":[{"href":"https:\/\/www.plastitol.com.br\/index.php?rest_route=\/wp\/v2\/pages\/772","targetHints":{"allow":["GET"]}}],"collection":[{"href":"https:\/\/www.plastitol.com.br\/index.php?rest_route=\/wp\/v2\/pages"}],"about":[{"href":"https:\/\/www.plastitol.com.br\/index.php?rest_route=\/wp\/v2\/types\/page"}],"author":[{"embeddable":true,"href":"https:\/\/www.plastitol.com.br\/index.php?rest_route=\/wp\/v2\/users\/1"}],"replies":[{"embeddable":true,"href":"https:\/\/www.plastitol.com.br\/index.php?rest_route=%2Fwp%2Fv2%2Fcomments&post=772"}],"version-history":[{"count":3,"href":"https:\/\/www.plastitol.com.br\/index.php?rest_route=\/wp\/v2\/pages\/772\/revisions"}],"predecessor-version":[{"id":1152,"href":"https:\/\/www.plastitol.com.br\/index.php?rest_route=\/wp\/v2\/pages\/772\/revisions\/1152"}],"wp:attachment":[{"href":"https:\/\/www.plastitol.com.br\/index.php?rest_route=%2Fwp%2Fv2%2Fmedia&parent=772"}],"curies":[{"name":"wp","href":"https:\/\/api.w.org\/{rel}","templated":true}]}}