{"id":770,"date":"2023-06-21T17:11:29","date_gmt":"2023-06-21T20:11:29","guid":{"rendered":"https:\/\/www.ehcomunicacao.com.br\/plastitol\/?page_id=770"},"modified":"2023-06-23T12:32:02","modified_gmt":"2023-06-23T15:32:02","slug":"etiqueta-de-corino","status":"publish","type":"page","link":"https:\/\/www.plastitol.com.br\/?page_id=770","title":{"rendered":"Etiqueta de Corino"},"content":{"rendered":"\n<p><strong>Material<\/strong>: diversos tipos de corino e sint\u00e9ticos at\u00f3xicos e de alta durabilidade<br><strong>Impress\u00e3o<\/strong>: em hot stamping, baixo ou alto relevo ou silk screem em uma das faces da etiqueta<br><strong>Formatos<\/strong>: geralmente, estas etiquetas s\u00e3o fabricadas nos formatos retangular ou quadrado, mas \u00e9 poss\u00edvel produzir em outros formatos, mediante consulta.<br><strong>Finalidade<\/strong>: aplica\u00e7\u00e3o por costura ou termocolante em jeans, jaquetas, bolsas e mochilas<br><strong>Cores<\/strong>: temos uma variado cat\u00e1logo de cores e materiais. Consulte-nos!<\/p>\n\n\n\n<div class=\"wp-block-stackable-columns stk-block-columns stk-block stk-d3750e8\" data-block-id=\"d3750e8\"><div class=\"stk-row stk-inner-blocks stk-block-content stk-content-align stk-d3750e8-column\">\n<div class=\"wp-block-stackable-column stk-block-column stk-column stk-block stk-9a31405\" data-v=\"4\" data-block-id=\"9a31405\"><style>@media screen and (min-width:768px){.stk-9a31405{flex:1 1 25% !important}}<\/style><div class=\"stk-column-wrapper stk-block-column__content stk-container stk-9a31405-container stk--no-background stk--no-padding\"><div class=\"stk-block-content stk-inner-blocks stk-9a31405-inner-blocks\">\n<div class=\"wp-block-stackable-image stk-block-image stk-block stk-e027514 stk--has-lightbox\" data-block-id=\"e027514\"><figure class=\"stk-img-wrapper stk-image--shape-stretch\"><img loading=\"lazy\" decoding=\"async\" class=\"stk-img wp-image-1120\" src=\"https:\/\/www.ehcomunicacao.com.br\/plastitol\/wp-content\/uploads\/2023\/06\/etiqueta-jeans-corino-6.jpg\" width=\"901\" height=\"901\" srcset=\"https:\/\/www.plastitol.com.br\/wp-content\/uploads\/2023\/06\/etiqueta-jeans-corino-6.jpg 901w, https:\/\/www.plastitol.com.br\/wp-content\/uploads\/2023\/06\/etiqueta-jeans-corino-6-300x300.jpg 300w, https:\/\/www.plastitol.com.br\/wp-content\/uploads\/2023\/06\/etiqueta-jeans-corino-6-150x150.jpg 150w, https:\/\/www.plastitol.com.br\/wp-content\/uploads\/2023\/06\/etiqueta-jeans-corino-6-768x768.jpg 768w, https:\/\/www.plastitol.com.br\/wp-content\/uploads\/2023\/06\/etiqueta-jeans-corino-6-600x600.jpg 600w, https:\/\/www.plastitol.com.br\/wp-content\/uploads\/2023\/06\/etiqueta-jeans-corino-6-100x100.jpg 100w\" sizes=\"auto, (max-width: 901px) 100vw, 901px\" \/><\/figure><\/div>\n<\/div><\/div><\/div>\n\n\n\n<div class=\"wp-block-stackable-column stk-block-column stk-column stk-block stk-1855888\" data-v=\"4\" data-block-id=\"1855888\"><style>@media screen and (min-width:768px){.stk-1855888{flex:1 1 25% !important}}<\/style><div class=\"stk-column-wrapper stk-block-column__content stk-container stk-1855888-container stk--no-background stk--no-padding\"><div class=\"stk-block-content stk-inner-blocks stk-1855888-inner-blocks\">\n<div class=\"wp-block-stackable-image stk-block-image stk-block stk-44fcc4c stk--has-lightbox\" data-block-id=\"44fcc4c\"><figure class=\"stk-img-wrapper stk-image--shape-stretch\"><img loading=\"lazy\" decoding=\"async\" class=\"stk-img wp-image-1121\" src=\"https:\/\/www.ehcomunicacao.com.br\/plastitol\/wp-content\/uploads\/2023\/06\/etiqueta-jeans-corino-7.jpg\" width=\"901\" height=\"901\" srcset=\"https:\/\/www.plastitol.com.br\/wp-content\/uploads\/2023\/06\/etiqueta-jeans-corino-7.jpg 901w, https:\/\/www.plastitol.com.br\/wp-content\/uploads\/2023\/06\/etiqueta-jeans-corino-7-300x300.jpg 300w, https:\/\/www.plastitol.com.br\/wp-content\/uploads\/2023\/06\/etiqueta-jeans-corino-7-150x150.jpg 150w, https:\/\/www.plastitol.com.br\/wp-content\/uploads\/2023\/06\/etiqueta-jeans-corino-7-768x768.jpg 768w, https:\/\/www.plastitol.com.br\/wp-content\/uploads\/2023\/06\/etiqueta-jeans-corino-7-600x600.jpg 600w, https:\/\/www.plastitol.com.br\/wp-content\/uploads\/2023\/06\/etiqueta-jeans-corino-7-100x100.jpg 100w\" sizes=\"auto, (max-width: 901px) 100vw, 901px\" \/><\/figure><\/div>\n<\/div><\/div><\/div>\n\n\n\n<div class=\"wp-block-stackable-column stk-block-column stk-column stk-block stk-a1541b9\" data-v=\"4\" data-block-id=\"a1541b9\"><style>@media screen and (min-width:768px){.stk-a1541b9{flex:1 1 25% !important}}<\/style><div class=\"stk-column-wrapper stk-block-column__content stk-container stk-a1541b9-container stk--no-background stk--no-padding\"><div class=\"stk-block-content stk-inner-blocks stk-a1541b9-inner-blocks\">\n<div class=\"wp-block-stackable-image stk-block-image stk-block stk-227b551 stk--has-lightbox\" data-block-id=\"227b551\"><figure class=\"stk-img-wrapper stk-image--shape-stretch\"><img loading=\"lazy\" decoding=\"async\" class=\"stk-img wp-image-1115\" src=\"https:\/\/www.ehcomunicacao.com.br\/plastitol\/wp-content\/uploads\/2023\/06\/etiqueta-jeans-corino-1.jpg\" width=\"901\" height=\"901\" srcset=\"https:\/\/www.plastitol.com.br\/wp-content\/uploads\/2023\/06\/etiqueta-jeans-corino-1.jpg 901w, https:\/\/www.plastitol.com.br\/wp-content\/uploads\/2023\/06\/etiqueta-jeans-corino-1-300x300.jpg 300w, https:\/\/www.plastitol.com.br\/wp-content\/uploads\/2023\/06\/etiqueta-jeans-corino-1-150x150.jpg 150w, https:\/\/www.plastitol.com.br\/wp-content\/uploads\/2023\/06\/etiqueta-jeans-corino-1-768x768.jpg 768w, https:\/\/www.plastitol.com.br\/wp-content\/uploads\/2023\/06\/etiqueta-jeans-corino-1-600x600.jpg 600w, https:\/\/www.plastitol.com.br\/wp-content\/uploads\/2023\/06\/etiqueta-jeans-corino-1-100x100.jpg 100w\" sizes=\"auto, (max-width: 901px) 100vw, 901px\" \/><\/figure><\/div>\n<\/div><\/div><\/div>\n\n\n\n<div class=\"wp-block-stackable-column stk-block-column stk-column stk-block stk-0891a92\" data-v=\"4\" data-block-id=\"0891a92\"><style>@media screen and (min-width:768px){.stk-0891a92{flex:1 1 25% !important}}<\/style><div class=\"stk-column-wrapper stk-block-column__content stk-container stk-0891a92-container stk--no-background stk--no-padding\"><div class=\"stk-block-content stk-inner-blocks stk-0891a92-inner-blocks\">\n<div class=\"wp-block-stackable-image stk-block-image stk-block stk-53ff7c9 stk--has-lightbox\" data-block-id=\"53ff7c9\"><figure class=\"stk-img-wrapper stk-image--shape-stretch\"><img loading=\"lazy\" decoding=\"async\" class=\"stk-img wp-image-1116\" src=\"https:\/\/www.ehcomunicacao.com.br\/plastitol\/wp-content\/uploads\/2023\/06\/etiqueta-jeans-corino-2.jpg\" width=\"901\" height=\"901\" srcset=\"https:\/\/www.plastitol.com.br\/wp-content\/uploads\/2023\/06\/etiqueta-jeans-corino-2.jpg 901w, https:\/\/www.plastitol.com.br\/wp-content\/uploads\/2023\/06\/etiqueta-jeans-corino-2-300x300.jpg 300w, https:\/\/www.plastitol.com.br\/wp-content\/uploads\/2023\/06\/etiqueta-jeans-corino-2-150x150.jpg 150w, https:\/\/www.plastitol.com.br\/wp-content\/uploads\/2023\/06\/etiqueta-jeans-corino-2-768x768.jpg 768w, https:\/\/www.plastitol.com.br\/wp-content\/uploads\/2023\/06\/etiqueta-jeans-corino-2-600x600.jpg 600w, https:\/\/www.plastitol.com.br\/wp-content\/uploads\/2023\/06\/etiqueta-jeans-corino-2-100x100.jpg 100w\" sizes=\"auto, (max-width: 901px) 100vw, 901px\" \/><\/figure><\/div>\n<\/div><\/div><\/div>\n<\/div><\/div>\n\n\n\n<div class=\"wp-block-stackable-columns stk-block-columns stk-block stk-537e5b8\" data-block-id=\"537e5b8\"><div class=\"stk-row stk-inner-blocks stk-block-content stk-content-align stk-537e5b8-column\">\n<div class=\"wp-block-stackable-column stk-block-column stk-column stk-block stk-8af3d95\" data-v=\"4\" data-block-id=\"8af3d95\"><style>@media screen and (min-width:768px){.stk-8af3d95{flex:1 1 25% !important}}<\/style><div class=\"stk-column-wrapper stk-block-column__content stk-container stk-8af3d95-container stk--no-background stk--no-padding\"><div class=\"stk-block-content stk-inner-blocks stk-8af3d95-inner-blocks\">\n<div class=\"wp-block-stackable-image stk-block-image stk-block stk-d16557e stk--has-lightbox\" data-block-id=\"d16557e\"><figure class=\"stk-img-wrapper stk-image--shape-stretch\"><img loading=\"lazy\" decoding=\"async\" class=\"stk-img wp-image-1117\" src=\"https:\/\/www.ehcomunicacao.com.br\/plastitol\/wp-content\/uploads\/2023\/06\/etiqueta-jeans-corino-3.jpg\" width=\"901\" height=\"901\" srcset=\"https:\/\/www.plastitol.com.br\/wp-content\/uploads\/2023\/06\/etiqueta-jeans-corino-3.jpg 901w, https:\/\/www.plastitol.com.br\/wp-content\/uploads\/2023\/06\/etiqueta-jeans-corino-3-300x300.jpg 300w, https:\/\/www.plastitol.com.br\/wp-content\/uploads\/2023\/06\/etiqueta-jeans-corino-3-150x150.jpg 150w, https:\/\/www.plastitol.com.br\/wp-content\/uploads\/2023\/06\/etiqueta-jeans-corino-3-768x768.jpg 768w, https:\/\/www.plastitol.com.br\/wp-content\/uploads\/2023\/06\/etiqueta-jeans-corino-3-600x600.jpg 600w, https:\/\/www.plastitol.com.br\/wp-content\/uploads\/2023\/06\/etiqueta-jeans-corino-3-100x100.jpg 100w\" sizes=\"auto, (max-width: 901px) 100vw, 901px\" \/><\/figure><\/div>\n<\/div><\/div><\/div>\n\n\n\n<div class=\"wp-block-stackable-column stk-block-column stk-column stk-block stk-eb7188d\" data-v=\"4\" data-block-id=\"eb7188d\"><style>@media screen and (min-width:768px){.stk-eb7188d{flex:1 1 25% !important}}<\/style><div class=\"stk-column-wrapper stk-block-column__content stk-container stk-eb7188d-container stk--no-background stk--no-padding\"><div class=\"stk-block-content stk-inner-blocks stk-eb7188d-inner-blocks\">\n<div class=\"wp-block-stackable-image stk-block-image stk-block stk-4499935 stk--has-lightbox\" data-block-id=\"4499935\"><figure class=\"stk-img-wrapper stk-image--shape-stretch\"><img loading=\"lazy\" decoding=\"async\" class=\"stk-img wp-image-1118\" src=\"https:\/\/www.ehcomunicacao.com.br\/plastitol\/wp-content\/uploads\/2023\/06\/etiqueta-jeans-corino-4.jpg\" width=\"901\" height=\"901\" srcset=\"https:\/\/www.plastitol.com.br\/wp-content\/uploads\/2023\/06\/etiqueta-jeans-corino-4.jpg 901w, https:\/\/www.plastitol.com.br\/wp-content\/uploads\/2023\/06\/etiqueta-jeans-corino-4-300x300.jpg 300w, https:\/\/www.plastitol.com.br\/wp-content\/uploads\/2023\/06\/etiqueta-jeans-corino-4-150x150.jpg 150w, https:\/\/www.plastitol.com.br\/wp-content\/uploads\/2023\/06\/etiqueta-jeans-corino-4-768x768.jpg 768w, https:\/\/www.plastitol.com.br\/wp-content\/uploads\/2023\/06\/etiqueta-jeans-corino-4-600x600.jpg 600w, https:\/\/www.plastitol.com.br\/wp-content\/uploads\/2023\/06\/etiqueta-jeans-corino-4-100x100.jpg 100w\" sizes=\"auto, (max-width: 901px) 100vw, 901px\" \/><\/figure><\/div>\n<\/div><\/div><\/div>\n\n\n\n<div class=\"wp-block-stackable-column stk-block-column stk-column stk-block stk-403c831\" data-v=\"4\" data-block-id=\"403c831\"><style>@media screen and (min-width:768px){.stk-403c831{flex:1 1 25% !important}}<\/style><div class=\"stk-column-wrapper stk-block-column__content stk-container stk-403c831-container stk--no-background stk--no-padding\"><div class=\"stk-block-content stk-inner-blocks stk-403c831-inner-blocks\">\n<div class=\"wp-block-stackable-image stk-block-image stk-block stk-ffa04c2 stk--has-lightbox\" data-block-id=\"ffa04c2\"><figure class=\"stk-img-wrapper stk-image--shape-stretch\"><img loading=\"lazy\" decoding=\"async\" class=\"stk-img wp-image-1119\" src=\"https:\/\/www.ehcomunicacao.com.br\/plastitol\/wp-content\/uploads\/2023\/06\/etiqueta-jeans-corino-5.jpg\" width=\"901\" height=\"901\" srcset=\"https:\/\/www.plastitol.com.br\/wp-content\/uploads\/2023\/06\/etiqueta-jeans-corino-5.jpg 901w, https:\/\/www.plastitol.com.br\/wp-content\/uploads\/2023\/06\/etiqueta-jeans-corino-5-300x300.jpg 300w, https:\/\/www.plastitol.com.br\/wp-content\/uploads\/2023\/06\/etiqueta-jeans-corino-5-150x150.jpg 150w, https:\/\/www.plastitol.com.br\/wp-content\/uploads\/2023\/06\/etiqueta-jeans-corino-5-768x768.jpg 768w, https:\/\/www.plastitol.com.br\/wp-content\/uploads\/2023\/06\/etiqueta-jeans-corino-5-600x600.jpg 600w, https:\/\/www.plastitol.com.br\/wp-content\/uploads\/2023\/06\/etiqueta-jeans-corino-5-100x100.jpg 100w\" sizes=\"auto, (max-width: 901px) 100vw, 901px\" \/><\/figure><\/div>\n<\/div><\/div><\/div>\n\n\n\n<div class=\"wp-block-stackable-column stk-block-column stk-column stk-block stk-2f602f6\" data-v=\"4\" data-block-id=\"2f602f6\"><style>@media screen and (min-width:768px){.stk-2f602f6{flex:1 1 25% !important}}<\/style><div class=\"stk-column-wrapper stk-block-column__content stk-container stk-2f602f6-container stk--no-background stk--no-padding\"><div class=\"stk-block-content stk-inner-blocks stk-2f602f6-inner-blocks\">\n<div class=\"wp-block-stackable-image stk-block-image stk-block stk-6705f0a stk--has-lightbox\" data-block-id=\"6705f0a\"><figure class=\"stk-img-wrapper stk-image--shape-stretch\"><img loading=\"lazy\" decoding=\"async\" class=\"stk-img wp-image-1122\" src=\"https:\/\/www.ehcomunicacao.com.br\/plastitol\/wp-content\/uploads\/2023\/06\/etiqueta-jeans-corino-8.jpg\" width=\"901\" height=\"901\" srcset=\"https:\/\/www.plastitol.com.br\/wp-content\/uploads\/2023\/06\/etiqueta-jeans-corino-8.jpg 901w, https:\/\/www.plastitol.com.br\/wp-content\/uploads\/2023\/06\/etiqueta-jeans-corino-8-300x300.jpg 300w, https:\/\/www.plastitol.com.br\/wp-content\/uploads\/2023\/06\/etiqueta-jeans-corino-8-150x150.jpg 150w, https:\/\/www.plastitol.com.br\/wp-content\/uploads\/2023\/06\/etiqueta-jeans-corino-8-768x768.jpg 768w, https:\/\/www.plastitol.com.br\/wp-content\/uploads\/2023\/06\/etiqueta-jeans-corino-8-600x600.jpg 600w, https:\/\/www.plastitol.com.br\/wp-content\/uploads\/2023\/06\/etiqueta-jeans-corino-8-100x100.jpg 100w\" sizes=\"auto, (max-width: 901px) 100vw, 901px\" \/><\/figure><\/div>\n<\/div><\/div><\/div>\n<\/div><\/div>\n","protected":false},"excerpt":{"rendered":"<p>Material: diversos tipos de corino e sint\u00e9ticos at\u00f3xicos e de alta durabilidadeImpress\u00e3o: em hot stamping, baixo ou alto relevo ou silk screem em uma das faces da etiquetaFormatos: geralmente, estas etiquetas s\u00e3o fabricadas nos formatos retangular ou quadrado, mas \u00e9 poss\u00edvel produzir em outros formatos, mediante consulta.Finalidade: aplica\u00e7\u00e3o por costura ou termocolante em jeans, jaquetas, [&hellip;]<\/p>\n","protected":false},"author":1,"featured_media":0,"parent":0,"menu_order":0,"comment_status":"closed","ping_status":"closed","template":"","meta":{"footnotes":""},"class_list":["post-770","page","type-page","status-publish","hentry"],"blocksy_meta":{"page_structure_type":"type-1"},"featured_image_urls":{"full":"","thumbnail":"","medium":"","medium_large":"","large":"","1536x1536":"","2048x2048":""},"post_excerpt_stackable":"<p>Material: diversos tipos de corino e sint\u00e9ticos at\u00f3xicos e de alta durabilidadeImpress\u00e3o: em hot stamping, baixo ou alto relevo ou silk screem em uma das faces da etiquetaFormatos: geralmente, estas etiquetas s\u00e3o fabricadas nos formatos retangular ou quadrado, mas \u00e9 poss\u00edvel produzir em outros formatos, mediante consulta.Finalidade: aplica\u00e7\u00e3o por costura ou termocolante em jeans, jaquetas, bolsas e mochilasCores: temos uma variado cat\u00e1logo de cores e materiais. Consulte-nos!<\/p>\n","category_list":"","author_info":{"name":"plastitol","url":"https:\/\/www.plastitol.com.br\/?author=1"},"comments_num":"0 coment\u00e1rio","jetpack_sharing_enabled":true,"_links":{"self":[{"href":"https:\/\/www.plastitol.com.br\/index.php?rest_route=\/wp\/v2\/pages\/770","targetHints":{"allow":["GET"]}}],"collection":[{"href":"https:\/\/www.plastitol.com.br\/index.php?rest_route=\/wp\/v2\/pages"}],"about":[{"href":"https:\/\/www.plastitol.com.br\/index.php?rest_route=\/wp\/v2\/types\/page"}],"author":[{"embeddable":true,"href":"https:\/\/www.plastitol.com.br\/index.php?rest_route=\/wp\/v2\/users\/1"}],"replies":[{"embeddable":true,"href":"https:\/\/www.plastitol.com.br\/index.php?rest_route=%2Fwp%2Fv2%2Fcomments&post=770"}],"version-history":[{"count":4,"href":"https:\/\/www.plastitol.com.br\/index.php?rest_route=\/wp\/v2\/pages\/770\/revisions"}],"predecessor-version":[{"id":1145,"href":"https:\/\/www.plastitol.com.br\/index.php?rest_route=\/wp\/v2\/pages\/770\/revisions\/1145"}],"wp:attachment":[{"href":"https:\/\/www.plastitol.com.br\/index.php?rest_route=%2Fwp%2Fv2%2Fmedia&parent=770"}],"curies":[{"name":"wp","href":"https:\/\/api.w.org\/{rel}","templated":true}]}}