{"id":768,"date":"2023-06-21T17:11:12","date_gmt":"2023-06-21T20:11:12","guid":{"rendered":"https:\/\/www.ehcomunicacao.com.br\/plastitol\/?page_id=768"},"modified":"2023-06-23T12:31:06","modified_gmt":"2023-06-23T15:31:06","slug":"etiqueta-emborrachada","status":"publish","type":"page","link":"https:\/\/www.plastitol.com.br\/?page_id=768","title":{"rendered":"Etiqueta Emborrachada"},"content":{"rendered":"\n<p><strong>Material<\/strong>: PVC flex\u00edvel at\u00f3xico e de alta durabilidade<br><strong>Tipo<\/strong>: maci\u00e7o<br><strong>Impress\u00e3o<\/strong>: em alto relevo ou silk screem em uma das faces da etiqueta.<br><strong>Formatos<\/strong>: pode ser feito qualquer formato (formatos j\u00e1 existentes na empresa, como redondo, retangular, quadrado, cora\u00e7\u00e3o, entre muitos outros, proporcionam menores valores pela dispensa de ferramental de corte. Formatos especiais podem ser desenvolvidos pela empresa)<br><strong>Cores<\/strong>: produzimos em qualquer cor, utilizando o padr\u00e3o Pantone.<\/p>\n\n\n\n<div class=\"wp-block-stackable-columns stk-block-columns stk-block stk-ff0bec5\" data-block-id=\"ff0bec5\"><div class=\"stk-row stk-inner-blocks stk-block-content stk-content-align stk-ff0bec5-column\">\n<div class=\"wp-block-stackable-column stk-block-column stk-column stk-block stk-282d982\" data-v=\"4\" data-block-id=\"282d982\"><style>@media screen and (min-width:768px){.stk-282d982{flex:1 1 25% !important}}<\/style><div class=\"stk-column-wrapper stk-block-column__content stk-container stk-282d982-container stk--no-background stk--no-padding\"><div class=\"stk-block-content stk-inner-blocks stk-282d982-inner-blocks\">\n<div class=\"wp-block-stackable-image stk-block-image stk-block stk-883f068 stk--has-lightbox\" data-block-id=\"883f068\"><figure class=\"stk-img-wrapper stk-image--shape-stretch\"><img loading=\"lazy\" decoding=\"async\" class=\"stk-img wp-image-1103\" src=\"https:\/\/www.ehcomunicacao.com.br\/plastitol\/wp-content\/uploads\/2023\/06\/etiqueta-emborrachada-2.jpg\" width=\"901\" height=\"901\" srcset=\"https:\/\/www.plastitol.com.br\/wp-content\/uploads\/2023\/06\/etiqueta-emborrachada-2.jpg 901w, https:\/\/www.plastitol.com.br\/wp-content\/uploads\/2023\/06\/etiqueta-emborrachada-2-300x300.jpg 300w, https:\/\/www.plastitol.com.br\/wp-content\/uploads\/2023\/06\/etiqueta-emborrachada-2-150x150.jpg 150w, https:\/\/www.plastitol.com.br\/wp-content\/uploads\/2023\/06\/etiqueta-emborrachada-2-768x768.jpg 768w, https:\/\/www.plastitol.com.br\/wp-content\/uploads\/2023\/06\/etiqueta-emborrachada-2-600x600.jpg 600w, https:\/\/www.plastitol.com.br\/wp-content\/uploads\/2023\/06\/etiqueta-emborrachada-2-100x100.jpg 100w\" sizes=\"auto, (max-width: 901px) 100vw, 901px\" \/><\/figure><\/div>\n<\/div><\/div><\/div>\n\n\n\n<div class=\"wp-block-stackable-column stk-block-column stk-column stk-block stk-b86da7b\" data-v=\"4\" data-block-id=\"b86da7b\"><style>@media screen and (min-width:768px){.stk-b86da7b{flex:1 1 25% !important}}<\/style><div class=\"stk-column-wrapper stk-block-column__content stk-container stk-b86da7b-container stk--no-background stk--no-padding\"><div class=\"stk-block-content stk-inner-blocks stk-b86da7b-inner-blocks\">\n<div class=\"wp-block-stackable-image stk-block-image stk-block stk-47f81d9 stk--has-lightbox\" data-block-id=\"47f81d9\"><figure class=\"stk-img-wrapper stk-image--shape-stretch\"><img loading=\"lazy\" decoding=\"async\" class=\"stk-img wp-image-1107\" src=\"https:\/\/www.ehcomunicacao.com.br\/plastitol\/wp-content\/uploads\/2023\/06\/etiqueta-emborrachada-6.jpg\" width=\"901\" height=\"901\" srcset=\"https:\/\/www.plastitol.com.br\/wp-content\/uploads\/2023\/06\/etiqueta-emborrachada-6.jpg 901w, https:\/\/www.plastitol.com.br\/wp-content\/uploads\/2023\/06\/etiqueta-emborrachada-6-300x300.jpg 300w, https:\/\/www.plastitol.com.br\/wp-content\/uploads\/2023\/06\/etiqueta-emborrachada-6-150x150.jpg 150w, https:\/\/www.plastitol.com.br\/wp-content\/uploads\/2023\/06\/etiqueta-emborrachada-6-768x768.jpg 768w, https:\/\/www.plastitol.com.br\/wp-content\/uploads\/2023\/06\/etiqueta-emborrachada-6-600x600.jpg 600w, https:\/\/www.plastitol.com.br\/wp-content\/uploads\/2023\/06\/etiqueta-emborrachada-6-100x100.jpg 100w\" sizes=\"auto, (max-width: 901px) 100vw, 901px\" \/><\/figure><\/div>\n<\/div><\/div><\/div>\n\n\n\n<div class=\"wp-block-stackable-column stk-block-column stk-column stk-block stk-4b292bf\" data-v=\"4\" data-block-id=\"4b292bf\"><style>@media screen and (min-width:768px){.stk-4b292bf{flex:1 1 25% !important}}<\/style><div class=\"stk-column-wrapper stk-block-column__content stk-container stk-4b292bf-container stk--no-background stk--no-padding\"><div class=\"stk-block-content stk-inner-blocks stk-4b292bf-inner-blocks\">\n<div class=\"wp-block-stackable-image stk-block-image stk-block stk-8630e09 stk--has-lightbox\" data-block-id=\"8630e09\"><figure class=\"stk-img-wrapper stk-image--shape-stretch\"><img loading=\"lazy\" decoding=\"async\" class=\"stk-img wp-image-1102\" src=\"https:\/\/www.ehcomunicacao.com.br\/plastitol\/wp-content\/uploads\/2023\/06\/etiqueta-emborrachada-1.jpg\" width=\"901\" height=\"901\" srcset=\"https:\/\/www.plastitol.com.br\/wp-content\/uploads\/2023\/06\/etiqueta-emborrachada-1.jpg 901w, https:\/\/www.plastitol.com.br\/wp-content\/uploads\/2023\/06\/etiqueta-emborrachada-1-300x300.jpg 300w, https:\/\/www.plastitol.com.br\/wp-content\/uploads\/2023\/06\/etiqueta-emborrachada-1-150x150.jpg 150w, https:\/\/www.plastitol.com.br\/wp-content\/uploads\/2023\/06\/etiqueta-emborrachada-1-768x768.jpg 768w, https:\/\/www.plastitol.com.br\/wp-content\/uploads\/2023\/06\/etiqueta-emborrachada-1-600x600.jpg 600w, https:\/\/www.plastitol.com.br\/wp-content\/uploads\/2023\/06\/etiqueta-emborrachada-1-100x100.jpg 100w\" sizes=\"auto, (max-width: 901px) 100vw, 901px\" \/><\/figure><\/div>\n<\/div><\/div><\/div>\n\n\n\n<div class=\"wp-block-stackable-column stk-block-column stk-column stk-block stk-ef6b38a\" data-v=\"4\" data-block-id=\"ef6b38a\"><style>@media screen and (min-width:768px){.stk-ef6b38a{flex:1 1 25% !important}}<\/style><div class=\"stk-column-wrapper stk-block-column__content stk-container stk-ef6b38a-container stk--no-background stk--no-padding\"><div class=\"stk-block-content stk-inner-blocks stk-ef6b38a-inner-blocks\">\n<div class=\"wp-block-stackable-image stk-block-image stk-block stk-88a1d31 stk--has-lightbox\" data-block-id=\"88a1d31\"><figure class=\"stk-img-wrapper stk-image--shape-stretch\"><img loading=\"lazy\" decoding=\"async\" class=\"stk-img wp-image-1108\" src=\"https:\/\/www.ehcomunicacao.com.br\/plastitol\/wp-content\/uploads\/2023\/06\/etiqueta-emborrachada-7.jpg\" width=\"901\" height=\"901\" srcset=\"https:\/\/www.plastitol.com.br\/wp-content\/uploads\/2023\/06\/etiqueta-emborrachada-7.jpg 901w, https:\/\/www.plastitol.com.br\/wp-content\/uploads\/2023\/06\/etiqueta-emborrachada-7-300x300.jpg 300w, https:\/\/www.plastitol.com.br\/wp-content\/uploads\/2023\/06\/etiqueta-emborrachada-7-150x150.jpg 150w, https:\/\/www.plastitol.com.br\/wp-content\/uploads\/2023\/06\/etiqueta-emborrachada-7-768x768.jpg 768w, https:\/\/www.plastitol.com.br\/wp-content\/uploads\/2023\/06\/etiqueta-emborrachada-7-600x600.jpg 600w, https:\/\/www.plastitol.com.br\/wp-content\/uploads\/2023\/06\/etiqueta-emborrachada-7-100x100.jpg 100w\" sizes=\"auto, (max-width: 901px) 100vw, 901px\" \/><\/figure><\/div>\n<\/div><\/div><\/div>\n<\/div><\/div>\n\n\n\n<div class=\"wp-block-stackable-columns stk-block-columns stk-block stk-3699fc8\" data-block-id=\"3699fc8\"><div class=\"stk-row stk-inner-blocks stk-block-content stk-content-align stk-3699fc8-column\">\n<div class=\"wp-block-stackable-column stk-block-column stk-column stk-block stk-84b0022\" data-v=\"4\" data-block-id=\"84b0022\"><style>@media screen and (min-width:768px){.stk-84b0022{flex:1 1 25% !important}}<\/style><div class=\"stk-column-wrapper stk-block-column__content stk-container stk-84b0022-container stk--no-background stk--no-padding\"><div class=\"stk-block-content stk-inner-blocks stk-84b0022-inner-blocks\">\n<div class=\"wp-block-stackable-image stk-block-image stk-block stk-6326ca8 stk--has-lightbox\" data-block-id=\"6326ca8\"><figure class=\"stk-img-wrapper stk-image--shape-stretch\"><img loading=\"lazy\" decoding=\"async\" class=\"stk-img wp-image-1106\" src=\"https:\/\/www.ehcomunicacao.com.br\/plastitol\/wp-content\/uploads\/2023\/06\/etiqueta-emborrachada-5.jpg\" width=\"901\" height=\"901\" srcset=\"https:\/\/www.plastitol.com.br\/wp-content\/uploads\/2023\/06\/etiqueta-emborrachada-5.jpg 901w, https:\/\/www.plastitol.com.br\/wp-content\/uploads\/2023\/06\/etiqueta-emborrachada-5-300x300.jpg 300w, https:\/\/www.plastitol.com.br\/wp-content\/uploads\/2023\/06\/etiqueta-emborrachada-5-150x150.jpg 150w, https:\/\/www.plastitol.com.br\/wp-content\/uploads\/2023\/06\/etiqueta-emborrachada-5-768x768.jpg 768w, https:\/\/www.plastitol.com.br\/wp-content\/uploads\/2023\/06\/etiqueta-emborrachada-5-600x600.jpg 600w, https:\/\/www.plastitol.com.br\/wp-content\/uploads\/2023\/06\/etiqueta-emborrachada-5-100x100.jpg 100w\" sizes=\"auto, (max-width: 901px) 100vw, 901px\" \/><\/figure><\/div>\n<\/div><\/div><\/div>\n\n\n\n<div class=\"wp-block-stackable-column stk-block-column stk-column stk-block stk-c9876f7\" data-v=\"4\" data-block-id=\"c9876f7\"><style>@media screen and (min-width:768px){.stk-c9876f7{flex:1 1 25% !important}}<\/style><div class=\"stk-column-wrapper stk-block-column__content stk-container stk-c9876f7-container stk--no-background stk--no-padding\"><div class=\"stk-block-content stk-inner-blocks stk-c9876f7-inner-blocks\">\n<div class=\"wp-block-stackable-image stk-block-image stk-block stk-6313bf5 stk--has-lightbox\" data-block-id=\"6313bf5\"><figure class=\"stk-img-wrapper stk-image--shape-stretch\"><img loading=\"lazy\" decoding=\"async\" class=\"stk-img wp-image-1105\" src=\"https:\/\/www.ehcomunicacao.com.br\/plastitol\/wp-content\/uploads\/2023\/06\/etiqueta-emborrachada-4.jpg\" width=\"901\" height=\"901\" srcset=\"https:\/\/www.plastitol.com.br\/wp-content\/uploads\/2023\/06\/etiqueta-emborrachada-4.jpg 901w, https:\/\/www.plastitol.com.br\/wp-content\/uploads\/2023\/06\/etiqueta-emborrachada-4-300x300.jpg 300w, https:\/\/www.plastitol.com.br\/wp-content\/uploads\/2023\/06\/etiqueta-emborrachada-4-150x150.jpg 150w, https:\/\/www.plastitol.com.br\/wp-content\/uploads\/2023\/06\/etiqueta-emborrachada-4-768x768.jpg 768w, https:\/\/www.plastitol.com.br\/wp-content\/uploads\/2023\/06\/etiqueta-emborrachada-4-600x600.jpg 600w, https:\/\/www.plastitol.com.br\/wp-content\/uploads\/2023\/06\/etiqueta-emborrachada-4-100x100.jpg 100w\" sizes=\"auto, (max-width: 901px) 100vw, 901px\" \/><\/figure><\/div>\n<\/div><\/div><\/div>\n\n\n\n<div class=\"wp-block-stackable-column stk-block-column stk-column stk-block stk-434ac5b\" data-v=\"4\" data-block-id=\"434ac5b\"><style>@media screen and (min-width:768px){.stk-434ac5b{flex:1 1 25% !important}}<\/style><div class=\"stk-column-wrapper stk-block-column__content stk-container stk-434ac5b-container stk--no-background stk--no-padding\"><div class=\"stk-block-content stk-inner-blocks stk-434ac5b-inner-blocks\">\n<div class=\"wp-block-stackable-image stk-block-image stk-block stk-ed5cd4a stk--has-lightbox\" data-block-id=\"ed5cd4a\"><figure class=\"stk-img-wrapper stk-image--shape-stretch\"><img loading=\"lazy\" decoding=\"async\" class=\"stk-img wp-image-1109\" src=\"https:\/\/www.ehcomunicacao.com.br\/plastitol\/wp-content\/uploads\/2023\/06\/etiqueta-emborrachada-8.jpg\" width=\"901\" height=\"901\" srcset=\"https:\/\/www.plastitol.com.br\/wp-content\/uploads\/2023\/06\/etiqueta-emborrachada-8.jpg 901w, https:\/\/www.plastitol.com.br\/wp-content\/uploads\/2023\/06\/etiqueta-emborrachada-8-300x300.jpg 300w, https:\/\/www.plastitol.com.br\/wp-content\/uploads\/2023\/06\/etiqueta-emborrachada-8-150x150.jpg 150w, https:\/\/www.plastitol.com.br\/wp-content\/uploads\/2023\/06\/etiqueta-emborrachada-8-768x768.jpg 768w, https:\/\/www.plastitol.com.br\/wp-content\/uploads\/2023\/06\/etiqueta-emborrachada-8-600x600.jpg 600w, https:\/\/www.plastitol.com.br\/wp-content\/uploads\/2023\/06\/etiqueta-emborrachada-8-100x100.jpg 100w\" sizes=\"auto, (max-width: 901px) 100vw, 901px\" \/><\/figure><\/div>\n<\/div><\/div><\/div>\n\n\n\n<div class=\"wp-block-stackable-column stk-block-column stk-column stk-block stk-46f36bb\" data-v=\"4\" data-block-id=\"46f36bb\"><style>@media screen and (min-width:768px){.stk-46f36bb{flex:1 1 25% !important}}<\/style><div class=\"stk-column-wrapper stk-block-column__content stk-container stk-46f36bb-container stk--no-background stk--no-padding\"><div class=\"stk-block-content stk-inner-blocks stk-46f36bb-inner-blocks\">\n<div class=\"wp-block-stackable-image stk-block-image stk-block stk-444a259 stk--has-lightbox\" data-block-id=\"444a259\"><figure class=\"stk-img-wrapper stk-image--shape-stretch\"><img loading=\"lazy\" decoding=\"async\" class=\"stk-img wp-image-1104\" src=\"https:\/\/www.ehcomunicacao.com.br\/plastitol\/wp-content\/uploads\/2023\/06\/etiqueta-emborrachada-3.jpg\" width=\"901\" height=\"901\" srcset=\"https:\/\/www.plastitol.com.br\/wp-content\/uploads\/2023\/06\/etiqueta-emborrachada-3.jpg 901w, https:\/\/www.plastitol.com.br\/wp-content\/uploads\/2023\/06\/etiqueta-emborrachada-3-300x300.jpg 300w, https:\/\/www.plastitol.com.br\/wp-content\/uploads\/2023\/06\/etiqueta-emborrachada-3-150x150.jpg 150w, https:\/\/www.plastitol.com.br\/wp-content\/uploads\/2023\/06\/etiqueta-emborrachada-3-768x768.jpg 768w, https:\/\/www.plastitol.com.br\/wp-content\/uploads\/2023\/06\/etiqueta-emborrachada-3-600x600.jpg 600w, https:\/\/www.plastitol.com.br\/wp-content\/uploads\/2023\/06\/etiqueta-emborrachada-3-100x100.jpg 100w\" sizes=\"auto, (max-width: 901px) 100vw, 901px\" \/><\/figure><\/div>\n<\/div><\/div><\/div>\n<\/div><\/div>\n","protected":false},"excerpt":{"rendered":"<p>Material: PVC flex\u00edvel at\u00f3xico e de alta durabilidadeTipo: maci\u00e7oImpress\u00e3o: em alto relevo ou silk screem em uma das faces da etiqueta.Formatos: pode ser feito qualquer formato (formatos j\u00e1 existentes na empresa, como redondo, retangular, quadrado, cora\u00e7\u00e3o, entre muitos outros, proporcionam menores valores pela dispensa de ferramental de corte. Formatos especiais podem ser desenvolvidos pela empresa)Cores: [&hellip;]<\/p>\n","protected":false},"author":1,"featured_media":0,"parent":0,"menu_order":0,"comment_status":"closed","ping_status":"closed","template":"","meta":{"footnotes":""},"class_list":["post-768","page","type-page","status-publish","hentry"],"blocksy_meta":{"page_structure_type":"type-1"},"featured_image_urls":{"full":"","thumbnail":"","medium":"","medium_large":"","large":"","1536x1536":"","2048x2048":""},"post_excerpt_stackable":"<p>Material: PVC flex\u00edvel at\u00f3xico e de alta durabilidadeTipo: maci\u00e7oImpress\u00e3o: em alto relevo ou silk screem em uma das faces da etiqueta.Formatos: pode ser feito qualquer formato (formatos j\u00e1 existentes na empresa, como redondo, retangular, quadrado, cora\u00e7\u00e3o, entre muitos outros, proporcionam menores valores pela dispensa de ferramental de corte. Formatos especiais podem ser desenvolvidos pela empresa)Cores: produzimos em qualquer cor, utilizando o padr\u00e3o Pantone.<\/p>\n","category_list":"","author_info":{"name":"plastitol","url":"https:\/\/www.plastitol.com.br\/?author=1"},"comments_num":"0 coment\u00e1rio","jetpack_sharing_enabled":true,"_links":{"self":[{"href":"https:\/\/www.plastitol.com.br\/index.php?rest_route=\/wp\/v2\/pages\/768","targetHints":{"allow":["GET"]}}],"collection":[{"href":"https:\/\/www.plastitol.com.br\/index.php?rest_route=\/wp\/v2\/pages"}],"about":[{"href":"https:\/\/www.plastitol.com.br\/index.php?rest_route=\/wp\/v2\/types\/page"}],"author":[{"embeddable":true,"href":"https:\/\/www.plastitol.com.br\/index.php?rest_route=\/wp\/v2\/users\/1"}],"replies":[{"embeddable":true,"href":"https:\/\/www.plastitol.com.br\/index.php?rest_route=%2Fwp%2Fv2%2Fcomments&post=768"}],"version-history":[{"count":4,"href":"https:\/\/www.plastitol.com.br\/index.php?rest_route=\/wp\/v2\/pages\/768\/revisions"}],"predecessor-version":[{"id":1146,"href":"https:\/\/www.plastitol.com.br\/index.php?rest_route=\/wp\/v2\/pages\/768\/revisions\/1146"}],"wp:attachment":[{"href":"https:\/\/www.plastitol.com.br\/index.php?rest_route=%2Fwp%2Fv2%2Fmedia&parent=768"}],"curies":[{"name":"wp","href":"https:\/\/api.w.org\/{rel}","templated":true}]}}