{"id":759,"date":"2023-06-21T17:09:46","date_gmt":"2023-06-21T20:09:46","guid":{"rendered":"https:\/\/www.ehcomunicacao.com.br\/plastitol\/?page_id=759"},"modified":"2023-06-23T12:24:51","modified_gmt":"2023-06-23T15:24:51","slug":"chaveiro-cristal","status":"publish","type":"page","link":"https:\/\/www.plastitol.com.br\/?page_id=759","title":{"rendered":"Chaveiro Cristal"},"content":{"rendered":"\n<p><strong>Material<\/strong>: PVC flex\u00edvel cristal transparente at\u00f3xico e de alta durabilidade.<br><strong>Tipo<\/strong>: flutuante<br><strong>Impress\u00e3o<\/strong>: em silk screem nas duas faces do chaveiro.<br><strong>Formatos<\/strong>: pode ser feito qualquer formato (formatos j\u00e1 existentes na empresa, como redondo, retangular, quadrado, cora\u00e7\u00e3o, entre muitos outros, proporcionam menores valores pela dispensa de ferramental de corte. Formatos especiais podem ser desenvolvidos pela empresa)<br><strong>Acabamentos<\/strong>: cord\u00e3o de nylon, cord\u00e3o de metal, presilha, com argola ou mosquet\u00e3o.<br><strong>Cores<\/strong>: corpo transparente e estampa em qualquer cor, utilizando o padr\u00e3o Pantone.<\/p>\n\n\n\n<div class=\"wp-block-stackable-columns stk-block-columns stk-block stk-1323950\" data-block-id=\"1323950\"><div class=\"stk-row stk-inner-blocks stk-block-content stk-content-align stk-1323950-column\">\n<div class=\"wp-block-stackable-column stk-block-column stk-column stk-block stk-6d40936\" data-v=\"4\" data-block-id=\"6d40936\"><style>@media screen and (min-width:768px){.stk-6d40936{flex:1 1 25% !important}}<\/style><div class=\"stk-column-wrapper stk-block-column__content stk-container stk-6d40936-container stk--no-background stk--no-padding\"><div class=\"stk-block-content stk-inner-blocks stk-6d40936-inner-blocks\">\n<div class=\"wp-block-stackable-image stk-block-image stk-block stk-508cc43 stk--has-lightbox\" data-block-id=\"508cc43\"><style>.stk-508cc43 .stk-img-wrapper{width:100% !important;height:223px !important}<\/style><figure class=\"stk-img-wrapper stk-image--shape-stretch\"><img loading=\"lazy\" decoding=\"async\" class=\"stk-img wp-image-1036\" src=\"https:\/\/www.ehcomunicacao.com.br\/plastitol\/wp-content\/uploads\/2023\/06\/brindes.chaveiro-cristal-1.jpg\" width=\"901\" height=\"901\" srcset=\"https:\/\/www.plastitol.com.br\/wp-content\/uploads\/2023\/06\/brindes.chaveiro-cristal-1.jpg 901w, https:\/\/www.plastitol.com.br\/wp-content\/uploads\/2023\/06\/brindes.chaveiro-cristal-1-300x300.jpg 300w, https:\/\/www.plastitol.com.br\/wp-content\/uploads\/2023\/06\/brindes.chaveiro-cristal-1-150x150.jpg 150w, https:\/\/www.plastitol.com.br\/wp-content\/uploads\/2023\/06\/brindes.chaveiro-cristal-1-768x768.jpg 768w, https:\/\/www.plastitol.com.br\/wp-content\/uploads\/2023\/06\/brindes.chaveiro-cristal-1-600x600.jpg 600w, https:\/\/www.plastitol.com.br\/wp-content\/uploads\/2023\/06\/brindes.chaveiro-cristal-1-100x100.jpg 100w\" sizes=\"auto, (max-width: 901px) 100vw, 901px\" \/><\/figure><\/div>\n<\/div><\/div><\/div>\n\n\n\n<div class=\"wp-block-stackable-column stk-block-column stk-column stk-block stk-d7d35cf\" data-v=\"4\" data-block-id=\"d7d35cf\"><style>@media screen and (min-width:768px){.stk-d7d35cf{flex:1 1 25% !important}}<\/style><div class=\"stk-column-wrapper stk-block-column__content stk-container stk-d7d35cf-container stk--no-background stk--no-padding\"><div class=\"stk-block-content stk-inner-blocks stk-d7d35cf-inner-blocks\">\n<div class=\"wp-block-stackable-image stk-block-image stk-block stk-850d506 stk--has-lightbox\" data-block-id=\"850d506\"><style>.stk-850d506 .stk-img-wrapper{width:100% !important;height:223px !important}<\/style><figure class=\"stk-img-wrapper stk-image--shape-stretch\"><img loading=\"lazy\" decoding=\"async\" class=\"stk-img wp-image-1039\" src=\"https:\/\/www.ehcomunicacao.com.br\/plastitol\/wp-content\/uploads\/2023\/06\/brindes.chaveiro-cristal-4.jpg\" width=\"901\" height=\"901\" srcset=\"https:\/\/www.plastitol.com.br\/wp-content\/uploads\/2023\/06\/brindes.chaveiro-cristal-4.jpg 901w, https:\/\/www.plastitol.com.br\/wp-content\/uploads\/2023\/06\/brindes.chaveiro-cristal-4-300x300.jpg 300w, https:\/\/www.plastitol.com.br\/wp-content\/uploads\/2023\/06\/brindes.chaveiro-cristal-4-150x150.jpg 150w, https:\/\/www.plastitol.com.br\/wp-content\/uploads\/2023\/06\/brindes.chaveiro-cristal-4-768x768.jpg 768w, https:\/\/www.plastitol.com.br\/wp-content\/uploads\/2023\/06\/brindes.chaveiro-cristal-4-600x600.jpg 600w, https:\/\/www.plastitol.com.br\/wp-content\/uploads\/2023\/06\/brindes.chaveiro-cristal-4-100x100.jpg 100w\" sizes=\"auto, (max-width: 901px) 100vw, 901px\" \/><\/figure><\/div>\n<\/div><\/div><\/div>\n\n\n\n<div class=\"wp-block-stackable-column stk-block-column stk-column stk-block stk-77b0662\" data-v=\"4\" data-block-id=\"77b0662\"><style>@media screen and (min-width:768px){.stk-77b0662{flex:1 1 25% !important}}<\/style><div class=\"stk-column-wrapper stk-block-column__content stk-container stk-77b0662-container stk--no-background stk--no-padding\"><div class=\"stk-block-content stk-inner-blocks stk-77b0662-inner-blocks\">\n<div class=\"wp-block-stackable-image stk-block-image stk-block stk-d4a9b47 stk--has-lightbox\" data-block-id=\"d4a9b47\"><style>.stk-d4a9b47 .stk-img-wrapper{width:100% !important;height:223px !important}<\/style><figure class=\"stk-img-wrapper stk-image--shape-stretch\"><img loading=\"lazy\" decoding=\"async\" class=\"stk-img wp-image-1040\" src=\"https:\/\/www.ehcomunicacao.com.br\/plastitol\/wp-content\/uploads\/2023\/06\/brindes.chaveiro-cristal-5.jpg\" width=\"901\" height=\"901\" srcset=\"https:\/\/www.plastitol.com.br\/wp-content\/uploads\/2023\/06\/brindes.chaveiro-cristal-5.jpg 901w, https:\/\/www.plastitol.com.br\/wp-content\/uploads\/2023\/06\/brindes.chaveiro-cristal-5-300x300.jpg 300w, https:\/\/www.plastitol.com.br\/wp-content\/uploads\/2023\/06\/brindes.chaveiro-cristal-5-150x150.jpg 150w, https:\/\/www.plastitol.com.br\/wp-content\/uploads\/2023\/06\/brindes.chaveiro-cristal-5-768x768.jpg 768w, https:\/\/www.plastitol.com.br\/wp-content\/uploads\/2023\/06\/brindes.chaveiro-cristal-5-600x600.jpg 600w, https:\/\/www.plastitol.com.br\/wp-content\/uploads\/2023\/06\/brindes.chaveiro-cristal-5-100x100.jpg 100w\" sizes=\"auto, (max-width: 901px) 100vw, 901px\" \/><\/figure><\/div>\n<\/div><\/div><\/div>\n\n\n\n<div class=\"wp-block-stackable-column stk-block-column stk-column stk-block stk-2ee1979\" data-v=\"4\" data-block-id=\"2ee1979\"><style>@media screen and (min-width:768px){.stk-2ee1979{flex:1 1 25% !important}}<\/style><div class=\"stk-column-wrapper stk-block-column__content stk-container stk-2ee1979-container stk--no-background stk--no-padding\"><div class=\"stk-block-content stk-inner-blocks stk-2ee1979-inner-blocks\">\n<div class=\"wp-block-stackable-image stk-block-image stk-block stk-4fd9a1b stk--has-lightbox\" data-block-id=\"4fd9a1b\"><style>.stk-4fd9a1b .stk-img-wrapper{width:100% !important;height:223px !important}<\/style><figure class=\"stk-img-wrapper stk-image--shape-stretch\"><img loading=\"lazy\" decoding=\"async\" class=\"stk-img wp-image-1037\" src=\"https:\/\/www.ehcomunicacao.com.br\/plastitol\/wp-content\/uploads\/2023\/06\/brindes.chaveiro-cristal-2.jpg\" width=\"901\" height=\"901\" srcset=\"https:\/\/www.plastitol.com.br\/wp-content\/uploads\/2023\/06\/brindes.chaveiro-cristal-2.jpg 901w, https:\/\/www.plastitol.com.br\/wp-content\/uploads\/2023\/06\/brindes.chaveiro-cristal-2-300x300.jpg 300w, https:\/\/www.plastitol.com.br\/wp-content\/uploads\/2023\/06\/brindes.chaveiro-cristal-2-150x150.jpg 150w, https:\/\/www.plastitol.com.br\/wp-content\/uploads\/2023\/06\/brindes.chaveiro-cristal-2-768x768.jpg 768w, https:\/\/www.plastitol.com.br\/wp-content\/uploads\/2023\/06\/brindes.chaveiro-cristal-2-600x600.jpg 600w, https:\/\/www.plastitol.com.br\/wp-content\/uploads\/2023\/06\/brindes.chaveiro-cristal-2-100x100.jpg 100w\" sizes=\"auto, (max-width: 901px) 100vw, 901px\" \/><\/figure><\/div>\n<\/div><\/div><\/div>\n<\/div><\/div>\n\n\n\n<div class=\"wp-block-stackable-columns stk-block-columns stk-block stk-9a2ec7e\" data-block-id=\"9a2ec7e\"><div class=\"stk-row stk-inner-blocks stk-block-content stk-content-align stk-9a2ec7e-column\">\n<div class=\"wp-block-stackable-column stk-block-column stk-column stk-block stk-d69cfcf\" data-v=\"4\" data-block-id=\"d69cfcf\"><style>@media screen and (min-width:768px){.stk-d69cfcf{flex:1 1 25% !important}}<\/style><div class=\"stk-column-wrapper stk-block-column__content stk-container stk-d69cfcf-container stk--no-background stk--no-padding\"><div class=\"stk-block-content stk-inner-blocks stk-d69cfcf-inner-blocks\">\n<div class=\"wp-block-stackable-image stk-block-image stk-block stk-17b8573 stk--has-lightbox\" data-block-id=\"17b8573\"><style>.stk-17b8573 .stk-img-wrapper{width:100% !important;height:223px !important}<\/style><figure class=\"stk-img-wrapper stk-image--shape-stretch\"><img loading=\"lazy\" decoding=\"async\" class=\"stk-img wp-image-1038\" src=\"https:\/\/www.ehcomunicacao.com.br\/plastitol\/wp-content\/uploads\/2023\/06\/brindes.chaveiro-cristal-3.jpg\" width=\"901\" height=\"901\" srcset=\"https:\/\/www.plastitol.com.br\/wp-content\/uploads\/2023\/06\/brindes.chaveiro-cristal-3.jpg 901w, https:\/\/www.plastitol.com.br\/wp-content\/uploads\/2023\/06\/brindes.chaveiro-cristal-3-300x300.jpg 300w, https:\/\/www.plastitol.com.br\/wp-content\/uploads\/2023\/06\/brindes.chaveiro-cristal-3-150x150.jpg 150w, https:\/\/www.plastitol.com.br\/wp-content\/uploads\/2023\/06\/brindes.chaveiro-cristal-3-768x768.jpg 768w, https:\/\/www.plastitol.com.br\/wp-content\/uploads\/2023\/06\/brindes.chaveiro-cristal-3-600x600.jpg 600w, https:\/\/www.plastitol.com.br\/wp-content\/uploads\/2023\/06\/brindes.chaveiro-cristal-3-100x100.jpg 100w\" sizes=\"auto, (max-width: 901px) 100vw, 901px\" \/><\/figure><\/div>\n<\/div><\/div><\/div>\n\n\n\n<div class=\"wp-block-stackable-column stk-block-column stk-column stk-block stk-ee27846\" data-v=\"4\" data-block-id=\"ee27846\"><style>@media screen and (min-width:768px){.stk-ee27846{flex:1 1 25% !important}}<\/style><div class=\"stk-column-wrapper stk-block-column__content stk-container stk-ee27846-container stk--no-background stk--no-padding\"><div class=\"stk-block-content stk-inner-blocks stk-ee27846-inner-blocks\">\n<div class=\"wp-block-stackable-image stk-block-image stk-block stk-699a7c2 stk--has-lightbox\" data-block-id=\"699a7c2\"><style>.stk-699a7c2 .stk-img-wrapper{width:100% !important;height:223px !important}<\/style><figure class=\"stk-img-wrapper stk-image--shape-stretch\"><img loading=\"lazy\" decoding=\"async\" class=\"stk-img wp-image-1086\" src=\"https:\/\/www.ehcomunicacao.com.br\/plastitol\/wp-content\/uploads\/2023\/06\/brindes.chaveiro-cristal-8.jpg\" width=\"901\" height=\"901\" srcset=\"https:\/\/www.plastitol.com.br\/wp-content\/uploads\/2023\/06\/brindes.chaveiro-cristal-8.jpg 901w, https:\/\/www.plastitol.com.br\/wp-content\/uploads\/2023\/06\/brindes.chaveiro-cristal-8-300x300.jpg 300w, https:\/\/www.plastitol.com.br\/wp-content\/uploads\/2023\/06\/brindes.chaveiro-cristal-8-150x150.jpg 150w, https:\/\/www.plastitol.com.br\/wp-content\/uploads\/2023\/06\/brindes.chaveiro-cristal-8-768x768.jpg 768w, https:\/\/www.plastitol.com.br\/wp-content\/uploads\/2023\/06\/brindes.chaveiro-cristal-8-600x600.jpg 600w, https:\/\/www.plastitol.com.br\/wp-content\/uploads\/2023\/06\/brindes.chaveiro-cristal-8-100x100.jpg 100w\" sizes=\"auto, (max-width: 901px) 100vw, 901px\" \/><\/figure><\/div>\n<\/div><\/div><\/div>\n\n\n\n<div class=\"wp-block-stackable-column stk-block-column stk-column stk-block stk-754f753\" data-v=\"4\" data-block-id=\"754f753\"><style>@media screen and (min-width:768px){.stk-754f753{flex:1 1 25% !important}}<\/style><div class=\"stk-column-wrapper stk-block-column__content stk-container stk-754f753-container stk--no-background stk--no-padding\"><div class=\"stk-block-content stk-inner-blocks stk-754f753-inner-blocks\">\n<div class=\"wp-block-stackable-image stk-block-image stk-block stk-4fe2b46 stk--has-lightbox\" data-block-id=\"4fe2b46\"><style>.stk-4fe2b46 .stk-img-wrapper{width:100% !important;height:223px !important}<\/style><figure class=\"stk-img-wrapper stk-image--shape-stretch\"><img loading=\"lazy\" decoding=\"async\" class=\"stk-img wp-image-1085\" src=\"https:\/\/www.ehcomunicacao.com.br\/plastitol\/wp-content\/uploads\/2023\/06\/brindes.chaveiro-cristal-7.jpg\" width=\"901\" height=\"901\" srcset=\"https:\/\/www.plastitol.com.br\/wp-content\/uploads\/2023\/06\/brindes.chaveiro-cristal-7.jpg 901w, https:\/\/www.plastitol.com.br\/wp-content\/uploads\/2023\/06\/brindes.chaveiro-cristal-7-300x300.jpg 300w, https:\/\/www.plastitol.com.br\/wp-content\/uploads\/2023\/06\/brindes.chaveiro-cristal-7-150x150.jpg 150w, https:\/\/www.plastitol.com.br\/wp-content\/uploads\/2023\/06\/brindes.chaveiro-cristal-7-768x768.jpg 768w, https:\/\/www.plastitol.com.br\/wp-content\/uploads\/2023\/06\/brindes.chaveiro-cristal-7-600x600.jpg 600w, https:\/\/www.plastitol.com.br\/wp-content\/uploads\/2023\/06\/brindes.chaveiro-cristal-7-100x100.jpg 100w\" sizes=\"auto, (max-width: 901px) 100vw, 901px\" \/><\/figure><\/div>\n<\/div><\/div><\/div>\n\n\n\n<div class=\"wp-block-stackable-column stk-block-column stk-column stk-block stk-be018b1\" data-v=\"4\" data-block-id=\"be018b1\"><style>@media screen and (min-width:768px){.stk-be018b1{flex:1 1 25% !important}}<\/style><div class=\"stk-column-wrapper stk-block-column__content stk-container stk-be018b1-container stk--no-background stk--no-padding\"><div class=\"stk-block-content stk-inner-blocks stk-be018b1-inner-blocks\">\n<div class=\"wp-block-stackable-image stk-block-image stk-block stk-fd91669 stk--has-lightbox\" data-block-id=\"fd91669\"><style>.stk-fd91669 .stk-img-wrapper{width:100% !important;height:223px !important}<\/style><figure class=\"stk-img-wrapper stk-image--shape-stretch\"><img loading=\"lazy\" decoding=\"async\" class=\"stk-img wp-image-1084\" src=\"https:\/\/www.ehcomunicacao.com.br\/plastitol\/wp-content\/uploads\/2023\/06\/brindes.chaveiro-cristal-6.jpg\" width=\"901\" height=\"901\" srcset=\"https:\/\/www.plastitol.com.br\/wp-content\/uploads\/2023\/06\/brindes.chaveiro-cristal-6.jpg 901w, https:\/\/www.plastitol.com.br\/wp-content\/uploads\/2023\/06\/brindes.chaveiro-cristal-6-300x300.jpg 300w, https:\/\/www.plastitol.com.br\/wp-content\/uploads\/2023\/06\/brindes.chaveiro-cristal-6-150x150.jpg 150w, https:\/\/www.plastitol.com.br\/wp-content\/uploads\/2023\/06\/brindes.chaveiro-cristal-6-768x768.jpg 768w, https:\/\/www.plastitol.com.br\/wp-content\/uploads\/2023\/06\/brindes.chaveiro-cristal-6-600x600.jpg 600w, https:\/\/www.plastitol.com.br\/wp-content\/uploads\/2023\/06\/brindes.chaveiro-cristal-6-100x100.jpg 100w\" sizes=\"auto, (max-width: 901px) 100vw, 901px\" \/><\/figure><\/div>\n<\/div><\/div><\/div>\n<\/div><\/div>\n","protected":false},"excerpt":{"rendered":"<p>Material: PVC flex\u00edvel cristal transparente at\u00f3xico e de alta durabilidade.Tipo: flutuanteImpress\u00e3o: em silk screem nas duas faces do chaveiro.Formatos: pode ser feito qualquer formato (formatos j\u00e1 existentes na empresa, como redondo, retangular, quadrado, cora\u00e7\u00e3o, entre muitos outros, proporcionam menores valores pela dispensa de ferramental de corte. Formatos especiais podem ser desenvolvidos pela empresa)Acabamentos: cord\u00e3o de [&hellip;]<\/p>\n","protected":false},"author":1,"featured_media":0,"parent":0,"menu_order":0,"comment_status":"closed","ping_status":"closed","template":"","meta":{"footnotes":""},"class_list":["post-759","page","type-page","status-publish","hentry"],"blocksy_meta":{"page_structure_type":"type-1"},"featured_image_urls":{"full":"","thumbnail":"","medium":"","medium_large":"","large":"","1536x1536":"","2048x2048":""},"post_excerpt_stackable":"<p>Material: PVC flex\u00edvel cristal transparente at\u00f3xico e de alta durabilidade.Tipo: flutuanteImpress\u00e3o: em silk screem nas duas faces do chaveiro.Formatos: pode ser feito qualquer formato (formatos j\u00e1 existentes na empresa, como redondo, retangular, quadrado, cora\u00e7\u00e3o, entre muitos outros, proporcionam menores valores pela dispensa de ferramental de corte. Formatos especiais podem ser desenvolvidos pela empresa)Acabamentos: cord\u00e3o de nylon, cord\u00e3o de metal, presilha, com argola ou mosquet\u00e3o.Cores: corpo transparente e estampa em qualquer cor, utilizando o padr\u00e3o Pantone.<\/p>\n","category_list":"","author_info":{"name":"plastitol","url":"https:\/\/www.plastitol.com.br\/?author=1"},"comments_num":"0 coment\u00e1rio","jetpack_sharing_enabled":true,"_links":{"self":[{"href":"https:\/\/www.plastitol.com.br\/index.php?rest_route=\/wp\/v2\/pages\/759","targetHints":{"allow":["GET"]}}],"collection":[{"href":"https:\/\/www.plastitol.com.br\/index.php?rest_route=\/wp\/v2\/pages"}],"about":[{"href":"https:\/\/www.plastitol.com.br\/index.php?rest_route=\/wp\/v2\/types\/page"}],"author":[{"embeddable":true,"href":"https:\/\/www.plastitol.com.br\/index.php?rest_route=\/wp\/v2\/users\/1"}],"replies":[{"embeddable":true,"href":"https:\/\/www.plastitol.com.br\/index.php?rest_route=%2Fwp%2Fv2%2Fcomments&post=759"}],"version-history":[{"count":3,"href":"https:\/\/www.plastitol.com.br\/index.php?rest_route=\/wp\/v2\/pages\/759\/revisions"}],"predecessor-version":[{"id":1088,"href":"https:\/\/www.plastitol.com.br\/index.php?rest_route=\/wp\/v2\/pages\/759\/revisions\/1088"}],"wp:attachment":[{"href":"https:\/\/www.plastitol.com.br\/index.php?rest_route=%2Fwp%2Fv2%2Fmedia&parent=759"}],"curies":[{"name":"wp","href":"https:\/\/api.w.org\/{rel}","templated":true}]}}