{"id":717,"date":"2023-06-21T15:51:25","date_gmt":"2023-06-21T18:51:25","guid":{"rendered":"https:\/\/www.ehcomunicacao.com.br\/plastitol\/?page_id=717"},"modified":"2023-06-22T17:23:56","modified_gmt":"2023-06-22T20:23:56","slug":"chaveiro-flutuante-alto-relevo","status":"publish","type":"page","link":"https:\/\/www.plastitol.com.br\/?page_id=717","title":{"rendered":"Chaveiro Flutuante Alto Relevo"},"content":{"rendered":"\n<p><strong>Material<\/strong>: PVC flex\u00edvel at\u00f3xico e de alta durabilidade<br><strong>Tipo<\/strong>: flutuante<br><strong>Impress\u00e3o<\/strong>: em alto relevo emborrachado nas duas faces do chaveiro<br><strong>Formatos<\/strong>: pode ser feito qualquer formato (formatos j\u00e1 existentes na empresa, como redondo, retangular, quadrado, cora\u00e7\u00e3o, entre muitos outros, proporcionam menores valores pela dispensa de ferramental de corte. Formatos especiais podem ser desenvolvidos pela empresa)<br><strong>Acabamentos<\/strong>: cord\u00e3o de nylon, cord\u00e3o de metal, presilha, com argola ou mosquet\u00e3o.<br><strong>Cores<\/strong>: produzimos em qualquer cor, utilizando o padr\u00e3o Pantone.<br><\/p>\n\n\n\n<div class=\"wp-block-stackable-columns stk-block-columns stk-block stk-932f635\" data-block-id=\"932f635\"><div class=\"stk-row stk-inner-blocks stk-block-content stk-content-align stk-932f635-column\">\n<div class=\"wp-block-stackable-column stk-block-column stk-column stk-block stk-32f2fba\" data-v=\"4\" data-block-id=\"32f2fba\"><style>@media screen and (min-width:768px){.stk-32f2fba{flex:1 1 25% !important}}<\/style><div class=\"stk-column-wrapper stk-block-column__content stk-container stk-32f2fba-container stk--no-background stk--no-padding\"><div class=\"stk-block-content stk-inner-blocks stk-32f2fba-inner-blocks\">\n<div class=\"wp-block-stackable-image stk-block-image stk-block stk-ad235fa stk--has-lightbox\" data-block-id=\"ad235fa\"><figure class=\"stk-img-wrapper stk-image--shape-stretch\"><img loading=\"lazy\" decoding=\"async\" class=\"stk-img wp-image-968\" src=\"https:\/\/www.ehcomunicacao.com.br\/plastitol\/wp-content\/uploads\/2023\/06\/brindes-chaveiro-flutuante-alto-relevo-1.jpg\" width=\"901\" height=\"901\" srcset=\"https:\/\/www.plastitol.com.br\/wp-content\/uploads\/2023\/06\/brindes-chaveiro-flutuante-alto-relevo-1.jpg 901w, https:\/\/www.plastitol.com.br\/wp-content\/uploads\/2023\/06\/brindes-chaveiro-flutuante-alto-relevo-1-300x300.jpg 300w, https:\/\/www.plastitol.com.br\/wp-content\/uploads\/2023\/06\/brindes-chaveiro-flutuante-alto-relevo-1-150x150.jpg 150w, https:\/\/www.plastitol.com.br\/wp-content\/uploads\/2023\/06\/brindes-chaveiro-flutuante-alto-relevo-1-768x768.jpg 768w, https:\/\/www.plastitol.com.br\/wp-content\/uploads\/2023\/06\/brindes-chaveiro-flutuante-alto-relevo-1-600x600.jpg 600w, https:\/\/www.plastitol.com.br\/wp-content\/uploads\/2023\/06\/brindes-chaveiro-flutuante-alto-relevo-1-100x100.jpg 100w\" sizes=\"auto, (max-width: 901px) 100vw, 901px\" \/><\/figure><\/div>\n<\/div><\/div><\/div>\n\n\n\n<div class=\"wp-block-stackable-column stk-block-column stk-column stk-block stk-da013e1\" data-v=\"4\" data-block-id=\"da013e1\"><style>@media screen and (min-width:768px){.stk-da013e1{flex:1 1 25% !important}}<\/style><div class=\"stk-column-wrapper stk-block-column__content stk-container stk-da013e1-container stk--no-background stk--no-padding\"><div class=\"stk-block-content stk-inner-blocks stk-da013e1-inner-blocks\">\n<div class=\"wp-block-stackable-image stk-block-image stk-block stk-fbd972a stk--has-lightbox\" data-block-id=\"fbd972a\"><figure class=\"stk-img-wrapper stk-image--shape-stretch\"><img loading=\"lazy\" decoding=\"async\" class=\"stk-img wp-image-969\" src=\"https:\/\/www.ehcomunicacao.com.br\/plastitol\/wp-content\/uploads\/2023\/06\/brindes-chaveiro-flutuante-alto-relevo-2.jpg\" width=\"901\" height=\"901\" srcset=\"https:\/\/www.plastitol.com.br\/wp-content\/uploads\/2023\/06\/brindes-chaveiro-flutuante-alto-relevo-2.jpg 901w, https:\/\/www.plastitol.com.br\/wp-content\/uploads\/2023\/06\/brindes-chaveiro-flutuante-alto-relevo-2-300x300.jpg 300w, https:\/\/www.plastitol.com.br\/wp-content\/uploads\/2023\/06\/brindes-chaveiro-flutuante-alto-relevo-2-150x150.jpg 150w, https:\/\/www.plastitol.com.br\/wp-content\/uploads\/2023\/06\/brindes-chaveiro-flutuante-alto-relevo-2-768x768.jpg 768w, https:\/\/www.plastitol.com.br\/wp-content\/uploads\/2023\/06\/brindes-chaveiro-flutuante-alto-relevo-2-600x600.jpg 600w, https:\/\/www.plastitol.com.br\/wp-content\/uploads\/2023\/06\/brindes-chaveiro-flutuante-alto-relevo-2-100x100.jpg 100w\" sizes=\"auto, (max-width: 901px) 100vw, 901px\" \/><\/figure><\/div>\n<\/div><\/div><\/div>\n\n\n\n<div class=\"wp-block-stackable-column stk-block-column stk-column stk-block stk-2751b98\" data-v=\"4\" data-block-id=\"2751b98\"><style>@media screen and (min-width:768px){.stk-2751b98{flex:1 1 25% !important}}<\/style><div class=\"stk-column-wrapper stk-block-column__content stk-container stk-2751b98-container stk--no-background stk--no-padding\"><div class=\"stk-block-content stk-inner-blocks stk-2751b98-inner-blocks\">\n<div class=\"wp-block-stackable-image stk-block-image stk-block stk-636a018 stk--has-lightbox\" data-block-id=\"636a018\"><figure class=\"stk-img-wrapper stk-image--shape-stretch\"><img loading=\"lazy\" decoding=\"async\" class=\"stk-img wp-image-970\" src=\"https:\/\/www.ehcomunicacao.com.br\/plastitol\/wp-content\/uploads\/2023\/06\/brindes-chaveiro-flutuante-alto-relevo-3.jpg\" width=\"905\" height=\"897\" srcset=\"https:\/\/www.plastitol.com.br\/wp-content\/uploads\/2023\/06\/brindes-chaveiro-flutuante-alto-relevo-3.jpg 905w, https:\/\/www.plastitol.com.br\/wp-content\/uploads\/2023\/06\/brindes-chaveiro-flutuante-alto-relevo-3-300x297.jpg 300w, https:\/\/www.plastitol.com.br\/wp-content\/uploads\/2023\/06\/brindes-chaveiro-flutuante-alto-relevo-3-150x150.jpg 150w, https:\/\/www.plastitol.com.br\/wp-content\/uploads\/2023\/06\/brindes-chaveiro-flutuante-alto-relevo-3-768x761.jpg 768w, https:\/\/www.plastitol.com.br\/wp-content\/uploads\/2023\/06\/brindes-chaveiro-flutuante-alto-relevo-3-600x595.jpg 600w, https:\/\/www.plastitol.com.br\/wp-content\/uploads\/2023\/06\/brindes-chaveiro-flutuante-alto-relevo-3-100x100.jpg 100w\" sizes=\"auto, (max-width: 905px) 100vw, 905px\" \/><\/figure><\/div>\n<\/div><\/div><\/div>\n\n\n\n<div class=\"wp-block-stackable-column stk-block-column stk-column stk-block stk-10f64eb\" data-v=\"4\" data-block-id=\"10f64eb\"><style>@media screen and (min-width:768px){.stk-10f64eb{flex:1 1 25% !important}}<\/style><div class=\"stk-column-wrapper stk-block-column__content stk-container stk-10f64eb-container stk--no-background stk--no-padding\"><div class=\"stk-block-content stk-inner-blocks stk-10f64eb-inner-blocks\">\n<div class=\"wp-block-stackable-image stk-block-image stk-block stk-3fbf595 stk--has-lightbox\" data-block-id=\"3fbf595\"><figure class=\"stk-img-wrapper stk-image--shape-stretch\"><img loading=\"lazy\" decoding=\"async\" class=\"stk-img wp-image-971\" src=\"https:\/\/www.ehcomunicacao.com.br\/plastitol\/wp-content\/uploads\/2023\/06\/brindes-chaveiro-flutuante-alto-relevo-4.jpg\" width=\"1093\" height=\"1083\" srcset=\"https:\/\/www.plastitol.com.br\/wp-content\/uploads\/2023\/06\/brindes-chaveiro-flutuante-alto-relevo-4.jpg 1093w, https:\/\/www.plastitol.com.br\/wp-content\/uploads\/2023\/06\/brindes-chaveiro-flutuante-alto-relevo-4-300x297.jpg 300w, https:\/\/www.plastitol.com.br\/wp-content\/uploads\/2023\/06\/brindes-chaveiro-flutuante-alto-relevo-4-1024x1015.jpg 1024w, https:\/\/www.plastitol.com.br\/wp-content\/uploads\/2023\/06\/brindes-chaveiro-flutuante-alto-relevo-4-150x150.jpg 150w, https:\/\/www.plastitol.com.br\/wp-content\/uploads\/2023\/06\/brindes-chaveiro-flutuante-alto-relevo-4-768x761.jpg 768w, https:\/\/www.plastitol.com.br\/wp-content\/uploads\/2023\/06\/brindes-chaveiro-flutuante-alto-relevo-4-600x595.jpg 600w, https:\/\/www.plastitol.com.br\/wp-content\/uploads\/2023\/06\/brindes-chaveiro-flutuante-alto-relevo-4-100x100.jpg 100w\" sizes=\"auto, (max-width: 1093px) 100vw, 1093px\" \/><\/figure><\/div>\n<\/div><\/div><\/div>\n<\/div><\/div>\n\n\n\n<div class=\"wp-block-stackable-columns stk-block-columns stk-block stk-edfea6c\" data-block-id=\"edfea6c\"><div class=\"stk-row stk-inner-blocks stk-block-content stk-content-align stk-edfea6c-column\">\n<div class=\"wp-block-stackable-column stk-block-column stk-column stk-block stk-03ba916\" data-v=\"4\" data-block-id=\"03ba916\"><style>@media screen and (min-width:768px){.stk-03ba916{flex:1 1 25% !important}}<\/style><div class=\"stk-column-wrapper stk-block-column__content stk-container stk-03ba916-container stk--no-background stk--no-padding\"><div class=\"stk-block-content stk-inner-blocks stk-03ba916-inner-blocks\">\n<div class=\"wp-block-stackable-image stk-block-image stk-block stk-9ab76b4 stk--has-lightbox\" data-block-id=\"9ab76b4\"><figure class=\"stk-img-wrapper stk-image--shape-stretch\"><img loading=\"lazy\" decoding=\"async\" class=\"stk-img wp-image-976\" src=\"https:\/\/www.ehcomunicacao.com.br\/plastitol\/wp-content\/uploads\/2023\/06\/brindes-chaveiro-flutuante-alto-relevo-5.jpg\" width=\"1250\" height=\"1237\" srcset=\"https:\/\/www.plastitol.com.br\/wp-content\/uploads\/2023\/06\/brindes-chaveiro-flutuante-alto-relevo-5.jpg 1250w, https:\/\/www.plastitol.com.br\/wp-content\/uploads\/2023\/06\/brindes-chaveiro-flutuante-alto-relevo-5-300x297.jpg 300w, https:\/\/www.plastitol.com.br\/wp-content\/uploads\/2023\/06\/brindes-chaveiro-flutuante-alto-relevo-5-1024x1013.jpg 1024w, https:\/\/www.plastitol.com.br\/wp-content\/uploads\/2023\/06\/brindes-chaveiro-flutuante-alto-relevo-5-768x760.jpg 768w, https:\/\/www.plastitol.com.br\/wp-content\/uploads\/2023\/06\/brindes-chaveiro-flutuante-alto-relevo-5-600x594.jpg 600w, https:\/\/www.plastitol.com.br\/wp-content\/uploads\/2023\/06\/brindes-chaveiro-flutuante-alto-relevo-5-100x100.jpg 100w\" sizes=\"auto, (max-width: 1250px) 100vw, 1250px\" \/><\/figure><\/div>\n<\/div><\/div><\/div>\n\n\n\n<div class=\"wp-block-stackable-column stk-block-column stk-column stk-block stk-60110da\" data-v=\"4\" data-block-id=\"60110da\"><style>@media screen and (min-width:768px){.stk-60110da{flex:1 1 25% !important}}<\/style><div class=\"stk-column-wrapper stk-block-column__content stk-container stk-60110da-container stk--no-background stk--no-padding\"><div class=\"stk-block-content stk-inner-blocks stk-60110da-inner-blocks\">\n<div class=\"wp-block-stackable-image stk-block-image stk-block stk-7f73929 stk--has-lightbox\" data-block-id=\"7f73929\"><figure class=\"stk-img-wrapper stk-image--shape-stretch\"><img loading=\"lazy\" decoding=\"async\" class=\"stk-img wp-image-977\" src=\"https:\/\/www.ehcomunicacao.com.br\/plastitol\/wp-content\/uploads\/2023\/06\/brindes-chaveiro-flutuante-alto-relevo-6.jpg\" width=\"901\" height=\"901\" srcset=\"https:\/\/www.plastitol.com.br\/wp-content\/uploads\/2023\/06\/brindes-chaveiro-flutuante-alto-relevo-6.jpg 901w, https:\/\/www.plastitol.com.br\/wp-content\/uploads\/2023\/06\/brindes-chaveiro-flutuante-alto-relevo-6-300x300.jpg 300w, https:\/\/www.plastitol.com.br\/wp-content\/uploads\/2023\/06\/brindes-chaveiro-flutuante-alto-relevo-6-150x150.jpg 150w, https:\/\/www.plastitol.com.br\/wp-content\/uploads\/2023\/06\/brindes-chaveiro-flutuante-alto-relevo-6-768x768.jpg 768w, https:\/\/www.plastitol.com.br\/wp-content\/uploads\/2023\/06\/brindes-chaveiro-flutuante-alto-relevo-6-600x600.jpg 600w, https:\/\/www.plastitol.com.br\/wp-content\/uploads\/2023\/06\/brindes-chaveiro-flutuante-alto-relevo-6-100x100.jpg 100w\" sizes=\"auto, (max-width: 901px) 100vw, 901px\" \/><\/figure><\/div>\n<\/div><\/div><\/div>\n\n\n\n<div class=\"wp-block-stackable-column stk-block-column stk-column stk-block stk-f13de31\" data-v=\"4\" data-block-id=\"f13de31\"><style>@media screen and (min-width:768px){.stk-f13de31{flex:1 1 25% !important}}<\/style><div class=\"stk-column-wrapper stk-block-column__content stk-container stk-f13de31-container stk--no-background stk--no-padding\"><div class=\"stk-block-content stk-inner-blocks stk-f13de31-inner-blocks\">\n<div class=\"wp-block-stackable-image stk-block-image stk-block stk-5aae93b stk--has-lightbox\" data-block-id=\"5aae93b\"><figure class=\"stk-img-wrapper stk-image--shape-stretch\"><img loading=\"lazy\" decoding=\"async\" class=\"stk-img wp-image-979\" src=\"https:\/\/www.ehcomunicacao.com.br\/plastitol\/wp-content\/uploads\/2023\/06\/brindes-chaveiro-flutuante-alto-relevo-7.jpg\" width=\"901\" height=\"901\" srcset=\"https:\/\/www.plastitol.com.br\/wp-content\/uploads\/2023\/06\/brindes-chaveiro-flutuante-alto-relevo-7.jpg 901w, https:\/\/www.plastitol.com.br\/wp-content\/uploads\/2023\/06\/brindes-chaveiro-flutuante-alto-relevo-7-300x300.jpg 300w, https:\/\/www.plastitol.com.br\/wp-content\/uploads\/2023\/06\/brindes-chaveiro-flutuante-alto-relevo-7-150x150.jpg 150w, https:\/\/www.plastitol.com.br\/wp-content\/uploads\/2023\/06\/brindes-chaveiro-flutuante-alto-relevo-7-768x768.jpg 768w, https:\/\/www.plastitol.com.br\/wp-content\/uploads\/2023\/06\/brindes-chaveiro-flutuante-alto-relevo-7-600x600.jpg 600w, https:\/\/www.plastitol.com.br\/wp-content\/uploads\/2023\/06\/brindes-chaveiro-flutuante-alto-relevo-7-100x100.jpg 100w\" sizes=\"auto, (max-width: 901px) 100vw, 901px\" \/><\/figure><\/div>\n<\/div><\/div><\/div>\n\n\n\n<div class=\"wp-block-stackable-column stk-block-column stk-column stk-block stk-f6f2a18\" data-v=\"4\" data-block-id=\"f6f2a18\"><style>@media screen and (min-width:768px){.stk-f6f2a18{flex:1 1 25% !important}}<\/style><div class=\"stk-column-wrapper stk-block-column__content stk-container stk-f6f2a18-container stk--no-background stk--no-padding\"><div class=\"stk-block-content stk-inner-blocks stk-f6f2a18-inner-blocks\">\n<div class=\"wp-block-stackable-image stk-block-image stk-block stk-b46869d stk--has-lightbox\" data-block-id=\"b46869d\"><figure class=\"stk-img-wrapper stk-image--shape-stretch\"><img loading=\"lazy\" decoding=\"async\" class=\"stk-img wp-image-980\" src=\"https:\/\/www.ehcomunicacao.com.br\/plastitol\/wp-content\/uploads\/2023\/06\/brindes-chaveiro-flutuante-alto-relevo-8.jpg\" width=\"901\" height=\"901\" srcset=\"https:\/\/www.plastitol.com.br\/wp-content\/uploads\/2023\/06\/brindes-chaveiro-flutuante-alto-relevo-8.jpg 901w, https:\/\/www.plastitol.com.br\/wp-content\/uploads\/2023\/06\/brindes-chaveiro-flutuante-alto-relevo-8-300x300.jpg 300w, https:\/\/www.plastitol.com.br\/wp-content\/uploads\/2023\/06\/brindes-chaveiro-flutuante-alto-relevo-8-150x150.jpg 150w, https:\/\/www.plastitol.com.br\/wp-content\/uploads\/2023\/06\/brindes-chaveiro-flutuante-alto-relevo-8-768x768.jpg 768w, https:\/\/www.plastitol.com.br\/wp-content\/uploads\/2023\/06\/brindes-chaveiro-flutuante-alto-relevo-8-600x600.jpg 600w, https:\/\/www.plastitol.com.br\/wp-content\/uploads\/2023\/06\/brindes-chaveiro-flutuante-alto-relevo-8-100x100.jpg 100w\" sizes=\"auto, (max-width: 901px) 100vw, 901px\" \/><\/figure><\/div>\n<\/div><\/div><\/div>\n<\/div><\/div>\n\n\n\n<div class=\"wp-block-stackable-columns stk-block-columns stk-block stk-b6a57d9\" data-block-id=\"b6a57d9\"><div class=\"stk-row stk-inner-blocks stk-block-content stk-content-align stk-b6a57d9-column\">\n<div class=\"wp-block-stackable-column stk-block-column stk-column stk-block stk-58b169c\" data-v=\"4\" data-block-id=\"58b169c\"><style>@media screen and (min-width:768px){.stk-58b169c{flex:1 1 25% !important}}<\/style><div class=\"stk-column-wrapper stk-block-column__content stk-container stk-58b169c-container stk--no-background stk--no-padding\"><div class=\"stk-block-content stk-inner-blocks stk-58b169c-inner-blocks\">\n<div class=\"wp-block-stackable-image stk-block-image stk-block stk-3e9f213 stk--has-lightbox\" data-block-id=\"3e9f213\"><figure class=\"stk-img-wrapper stk-image--shape-stretch\"><img loading=\"lazy\" decoding=\"async\" class=\"stk-img wp-image-1070\" src=\"https:\/\/www.ehcomunicacao.com.br\/plastitol\/wp-content\/uploads\/2023\/06\/brindes-chaveiro-flutuante-alto-relevo-12.jpg\" width=\"901\" height=\"901\" srcset=\"https:\/\/www.plastitol.com.br\/wp-content\/uploads\/2023\/06\/brindes-chaveiro-flutuante-alto-relevo-12.jpg 901w, https:\/\/www.plastitol.com.br\/wp-content\/uploads\/2023\/06\/brindes-chaveiro-flutuante-alto-relevo-12-300x300.jpg 300w, https:\/\/www.plastitol.com.br\/wp-content\/uploads\/2023\/06\/brindes-chaveiro-flutuante-alto-relevo-12-150x150.jpg 150w, https:\/\/www.plastitol.com.br\/wp-content\/uploads\/2023\/06\/brindes-chaveiro-flutuante-alto-relevo-12-768x768.jpg 768w, https:\/\/www.plastitol.com.br\/wp-content\/uploads\/2023\/06\/brindes-chaveiro-flutuante-alto-relevo-12-600x600.jpg 600w, https:\/\/www.plastitol.com.br\/wp-content\/uploads\/2023\/06\/brindes-chaveiro-flutuante-alto-relevo-12-100x100.jpg 100w\" sizes=\"auto, (max-width: 901px) 100vw, 901px\" \/><\/figure><\/div>\n<\/div><\/div><\/div>\n\n\n\n<div class=\"wp-block-stackable-column stk-block-column stk-column stk-block stk-7963abd\" data-v=\"4\" data-block-id=\"7963abd\"><style>@media screen and (min-width:768px){.stk-7963abd{flex:1 1 25% !important}}<\/style><div class=\"stk-column-wrapper stk-block-column__content stk-container stk-7963abd-container stk--no-background stk--no-padding\"><div class=\"stk-block-content stk-inner-blocks stk-7963abd-inner-blocks\">\n<div class=\"wp-block-stackable-image stk-block-image stk-block stk-1410e5a stk--has-lightbox\" data-block-id=\"1410e5a\"><figure class=\"stk-img-wrapper stk-image--shape-stretch\"><img loading=\"lazy\" decoding=\"async\" class=\"stk-img wp-image-1069\" src=\"https:\/\/www.ehcomunicacao.com.br\/plastitol\/wp-content\/uploads\/2023\/06\/brindes-chaveiro-flutuante-alto-relevo-11.jpg\" width=\"901\" height=\"904\" srcset=\"https:\/\/www.plastitol.com.br\/wp-content\/uploads\/2023\/06\/brindes-chaveiro-flutuante-alto-relevo-11.jpg 901w, https:\/\/www.plastitol.com.br\/wp-content\/uploads\/2023\/06\/brindes-chaveiro-flutuante-alto-relevo-11-300x301.jpg 300w, https:\/\/www.plastitol.com.br\/wp-content\/uploads\/2023\/06\/brindes-chaveiro-flutuante-alto-relevo-11-150x150.jpg 150w, https:\/\/www.plastitol.com.br\/wp-content\/uploads\/2023\/06\/brindes-chaveiro-flutuante-alto-relevo-11-768x771.jpg 768w, https:\/\/www.plastitol.com.br\/wp-content\/uploads\/2023\/06\/brindes-chaveiro-flutuante-alto-relevo-11-600x602.jpg 600w, https:\/\/www.plastitol.com.br\/wp-content\/uploads\/2023\/06\/brindes-chaveiro-flutuante-alto-relevo-11-100x100.jpg 100w\" sizes=\"auto, (max-width: 901px) 100vw, 901px\" \/><\/figure><\/div>\n<\/div><\/div><\/div>\n\n\n\n<div class=\"wp-block-stackable-column stk-block-column stk-column stk-block stk-c1f4d74\" data-v=\"4\" data-block-id=\"c1f4d74\"><style>@media screen and (min-width:768px){.stk-c1f4d74{flex:1 1 25% !important}}<\/style><div class=\"stk-column-wrapper stk-block-column__content stk-container stk-c1f4d74-container stk--no-background stk--no-padding\"><div class=\"stk-block-content stk-inner-blocks stk-c1f4d74-inner-blocks\">\n<div class=\"wp-block-stackable-image stk-block-image stk-block stk-a336276 stk--has-lightbox\" data-block-id=\"a336276\"><figure class=\"stk-img-wrapper stk-image--shape-stretch\"><img loading=\"lazy\" decoding=\"async\" class=\"stk-img wp-image-1068\" src=\"https:\/\/www.ehcomunicacao.com.br\/plastitol\/wp-content\/uploads\/2023\/06\/brindes-chaveiro-flutuante-alto-relevo-10.jpg\" width=\"901\" height=\"901\" srcset=\"https:\/\/www.plastitol.com.br\/wp-content\/uploads\/2023\/06\/brindes-chaveiro-flutuante-alto-relevo-10.jpg 901w, https:\/\/www.plastitol.com.br\/wp-content\/uploads\/2023\/06\/brindes-chaveiro-flutuante-alto-relevo-10-300x300.jpg 300w, https:\/\/www.plastitol.com.br\/wp-content\/uploads\/2023\/06\/brindes-chaveiro-flutuante-alto-relevo-10-150x150.jpg 150w, https:\/\/www.plastitol.com.br\/wp-content\/uploads\/2023\/06\/brindes-chaveiro-flutuante-alto-relevo-10-768x768.jpg 768w, https:\/\/www.plastitol.com.br\/wp-content\/uploads\/2023\/06\/brindes-chaveiro-flutuante-alto-relevo-10-600x600.jpg 600w, https:\/\/www.plastitol.com.br\/wp-content\/uploads\/2023\/06\/brindes-chaveiro-flutuante-alto-relevo-10-100x100.jpg 100w\" sizes=\"auto, (max-width: 901px) 100vw, 901px\" \/><\/figure><\/div>\n<\/div><\/div><\/div>\n\n\n\n<div class=\"wp-block-stackable-column stk-block-column stk-column stk-block stk-4fecd56\" data-v=\"4\" data-block-id=\"4fecd56\"><style>@media screen and (min-width:768px){.stk-4fecd56{flex:1 1 25% !important}}<\/style><div class=\"stk-column-wrapper stk-block-column__content stk-container stk-4fecd56-container stk--no-background stk--no-padding\"><div class=\"stk-block-content stk-inner-blocks stk-4fecd56-inner-blocks\">\n<div class=\"wp-block-stackable-image stk-block-image stk-block stk-f28b6e4 stk--has-lightbox\" data-block-id=\"f28b6e4\"><figure class=\"stk-img-wrapper stk-image--shape-stretch\"><img loading=\"lazy\" decoding=\"async\" class=\"stk-img wp-image-1067\" src=\"https:\/\/www.ehcomunicacao.com.br\/plastitol\/wp-content\/uploads\/2023\/06\/brindes-chaveiro-flutuante-alto-relevo-9.jpg\" width=\"901\" height=\"901\" srcset=\"https:\/\/www.plastitol.com.br\/wp-content\/uploads\/2023\/06\/brindes-chaveiro-flutuante-alto-relevo-9.jpg 901w, https:\/\/www.plastitol.com.br\/wp-content\/uploads\/2023\/06\/brindes-chaveiro-flutuante-alto-relevo-9-300x300.jpg 300w, https:\/\/www.plastitol.com.br\/wp-content\/uploads\/2023\/06\/brindes-chaveiro-flutuante-alto-relevo-9-150x150.jpg 150w, https:\/\/www.plastitol.com.br\/wp-content\/uploads\/2023\/06\/brindes-chaveiro-flutuante-alto-relevo-9-768x768.jpg 768w, https:\/\/www.plastitol.com.br\/wp-content\/uploads\/2023\/06\/brindes-chaveiro-flutuante-alto-relevo-9-600x600.jpg 600w, https:\/\/www.plastitol.com.br\/wp-content\/uploads\/2023\/06\/brindes-chaveiro-flutuante-alto-relevo-9-100x100.jpg 100w\" sizes=\"auto, (max-width: 901px) 100vw, 901px\" \/><\/figure><\/div>\n<\/div><\/div><\/div>\n<\/div><\/div>\n","protected":false},"excerpt":{"rendered":"<p>Material: PVC flex\u00edvel at\u00f3xico e de alta durabilidadeTipo: flutuanteImpress\u00e3o: em alto relevo emborrachado nas duas faces do chaveiroFormatos: pode ser feito qualquer formato (formatos j\u00e1 existentes na empresa, como redondo, retangular, quadrado, cora\u00e7\u00e3o, entre muitos outros, proporcionam menores valores pela dispensa de ferramental de corte. Formatos especiais podem ser desenvolvidos pela empresa)Acabamentos: cord\u00e3o de nylon, [&hellip;]<\/p>\n","protected":false},"author":1,"featured_media":0,"parent":0,"menu_order":0,"comment_status":"closed","ping_status":"closed","template":"","meta":{"footnotes":""},"class_list":["post-717","page","type-page","status-publish","hentry"],"blocksy_meta":{"page_structure_type":"type-1"},"featured_image_urls":{"full":"","thumbnail":"","medium":"","medium_large":"","large":"","1536x1536":"","2048x2048":""},"post_excerpt_stackable":"<p>Material: PVC flex\u00edvel at\u00f3xico e de alta durabilidadeTipo: flutuanteImpress\u00e3o: em alto relevo emborrachado nas duas faces do chaveiroFormatos: pode ser feito qualquer formato (formatos j\u00e1 existentes na empresa, como redondo, retangular, quadrado, cora\u00e7\u00e3o, entre muitos outros, proporcionam menores valores pela dispensa de ferramental de corte. Formatos especiais podem ser desenvolvidos pela empresa)Acabamentos: cord\u00e3o de nylon, cord\u00e3o de metal, presilha, com argola ou mosquet\u00e3o.Cores: produzimos em qualquer cor, utilizando o padr\u00e3o Pantone.<\/p>\n","category_list":"","author_info":{"name":"plastitol","url":"https:\/\/www.plastitol.com.br\/?author=1"},"comments_num":"0 coment\u00e1rio","jetpack_sharing_enabled":true,"_links":{"self":[{"href":"https:\/\/www.plastitol.com.br\/index.php?rest_route=\/wp\/v2\/pages\/717","targetHints":{"allow":["GET"]}}],"collection":[{"href":"https:\/\/www.plastitol.com.br\/index.php?rest_route=\/wp\/v2\/pages"}],"about":[{"href":"https:\/\/www.plastitol.com.br\/index.php?rest_route=\/wp\/v2\/types\/page"}],"author":[{"embeddable":true,"href":"https:\/\/www.plastitol.com.br\/index.php?rest_route=\/wp\/v2\/users\/1"}],"replies":[{"embeddable":true,"href":"https:\/\/www.plastitol.com.br\/index.php?rest_route=%2Fwp%2Fv2%2Fcomments&post=717"}],"version-history":[{"count":13,"href":"https:\/\/www.plastitol.com.br\/index.php?rest_route=\/wp\/v2\/pages\/717\/revisions"}],"predecessor-version":[{"id":1071,"href":"https:\/\/www.plastitol.com.br\/index.php?rest_route=\/wp\/v2\/pages\/717\/revisions\/1071"}],"wp:attachment":[{"href":"https:\/\/www.plastitol.com.br\/index.php?rest_route=%2Fwp%2Fv2%2Fmedia&parent=717"}],"curies":[{"name":"wp","href":"https:\/\/api.w.org\/{rel}","templated":true}]}}