{"id":203,"date":"2021-12-17T16:46:02","date_gmt":"2021-12-17T19:46:02","guid":{"rendered":"https:\/\/demo.creativethemes.com\/blocksy\/garderobe\/?page_id=203"},"modified":"2023-06-25T15:02:53","modified_gmt":"2023-06-25T18:02:53","slug":"about-us","status":"publish","type":"page","link":"https:\/\/www.plastitol.com.br\/?page_id=203","title":{"rendered":"A Empresa"},"content":{"rendered":"\n<div class=\"wp-block-stackable-columns alignfull stk-block-columns stk-block stk-fe8938c stk-block-background\" data-block-id=\"fe8938c\"><style>.stk-fe8938c{background-color:transparent !important}.stk-fe8938c:before{background-color:transparent !important}<\/style><div class=\"stk-row stk-inner-blocks stk-block-content stk-content-align stk-fe8938c-column alignfull\">\n<div class=\"wp-block-stackable-column stk-block-column stk-column stk-block stk-85f71ec stk-block-background\" data-v=\"4\" data-block-id=\"85f71ec\"><style>.stk-85f71ec-container{margin-top:0px !important;margin-right:0px !important;margin-bottom:0px !important;margin-left:0px !important;max-width:1500px !important}.stk-85f71ec{background-color:var(--theme-palette-color-6,#e8e8e8) !important;left:-14px !important}.stk-85f71ec:before{background-color:var(--theme-palette-color-6,#e8e8e8) !important}<\/style><div class=\"stk-column-wrapper stk-block-column__content stk-container stk-85f71ec-container stk--no-background stk--no-padding\"><div class=\"has-text-align-right stk-block-content stk-inner-blocks stk-85f71ec-inner-blocks\">\n<div class=\"wp-block-stackable-heading stk-block-heading stk-block-heading--v2 stk-block stk-1de1bb3\" id=\"sobre-nos\" data-block-id=\"1de1bb3\"><style>.stk-1de1bb3 .stk-block-heading__text{font-size:40px !important}@media screen and (max-width:1023px){.stk-1de1bb3 .stk-block-heading__text{font-size:40px !important}}<\/style><h2 class=\"stk-block-heading__text has-text-align-left\">Sobre n\u00f3s<\/h2><\/div>\n\n\n\n<p class=\"has-text-align-left\">Tendo como principal t\u00e9cnica a fabrica\u00e7\u00e3o de materiais emborrachados em alto relevo (chaveiros maci\u00e7os e flutuantes, etiquetas, b\u00f3tons, porta-copos, porta-celulares, porta-retratos, etc), a empresa fornece a seus clientes uma forma eficiente e de baixo custo para destacar e divulgar suas marcas. <\/p>\n\n\n\n<p class=\"has-text-align-left\">Situada na cidade de Petr\u00f3polis-RJ, a Plastitol est\u00e1 h\u00e1 mais de 30 anos no mercado promocional brasileiro, oferecendo produtos de alta tecnologia, qualidade e excelente aspecto visual.<\/p>\n\n\n\n<p class=\"has-text-align-left\">A Plastitol tem, ainda, produtos como: camisas, bon\u00e9s, canetas, \u00edm\u00e3s de geladeira, etiquetas, etc.<\/p>\n\n\n\n<div class=\"wp-block-stackable-columns stk-block-columns stk-block stk-5039c8f\" data-block-id=\"5039c8f\"><div class=\"stk-row stk-inner-blocks stk-block-content stk-content-align stk-5039c8f-column\">\n<div class=\"wp-block-stackable-column stk-block-column stk-column stk-block stk-b207a8c\" data-v=\"4\" data-block-id=\"b207a8c\"><style>@media screen and (min-width:768px){.stk-b207a8c{flex:1 1 25% !important}}<\/style><div class=\"stk-column-wrapper stk-block-column__content stk-container stk-b207a8c-container stk--no-background stk--no-padding\"><div class=\"stk-block-content stk-inner-blocks stk-b207a8c-inner-blocks\">\n<div class=\"wp-block-stackable-image stk-block-image stk-block stk-683c234\" data-block-id=\"683c234\"><figure class=\"stk-img-wrapper stk-image--shape-stretch\"><img loading=\"lazy\" decoding=\"async\" class=\"stk-img wp-image-880\" src=\"https:\/\/www.ehcomunicacao.com.br\/plastitol\/wp-content\/uploads\/2023\/06\/destaque-retangular-produto-chaveiro-flutuante-relevo.jpg\" width=\"939\" height=\"1251\" srcset=\"https:\/\/www.plastitol.com.br\/wp-content\/uploads\/2023\/06\/destaque-retangular-produto-chaveiro-flutuante-relevo.jpg 939w, https:\/\/www.plastitol.com.br\/wp-content\/uploads\/2023\/06\/destaque-retangular-produto-chaveiro-flutuante-relevo-225x300.jpg 225w, https:\/\/www.plastitol.com.br\/wp-content\/uploads\/2023\/06\/destaque-retangular-produto-chaveiro-flutuante-relevo-769x1024.jpg 769w, https:\/\/www.plastitol.com.br\/wp-content\/uploads\/2023\/06\/destaque-retangular-produto-chaveiro-flutuante-relevo-768x1023.jpg 768w, https:\/\/www.plastitol.com.br\/wp-content\/uploads\/2023\/06\/destaque-retangular-produto-chaveiro-flutuante-relevo-300x400.jpg 300w, https:\/\/www.plastitol.com.br\/wp-content\/uploads\/2023\/06\/destaque-retangular-produto-chaveiro-flutuante-relevo-600x799.jpg 600w\" sizes=\"auto, (max-width: 939px) 100vw, 939px\" \/><\/figure><\/div>\n<\/div><\/div><\/div>\n\n\n\n<div class=\"wp-block-stackable-column stk-block-column stk-column stk-block stk-e404c5d\" data-v=\"4\" data-block-id=\"e404c5d\"><style>@media screen and (min-width:768px){.stk-e404c5d{flex:1 1 25% !important}}<\/style><div class=\"stk-column-wrapper stk-block-column__content stk-container stk-e404c5d-container stk--no-background stk--no-padding\"><div class=\"stk-block-content stk-inner-blocks stk-e404c5d-inner-blocks\">\n<div class=\"wp-block-stackable-image stk-block-image stk-block stk-344505c\" data-block-id=\"344505c\"><figure class=\"stk-img-wrapper stk-image--shape-stretch\"><img loading=\"lazy\" decoding=\"async\" class=\"stk-img wp-image-892\" src=\"https:\/\/www.ehcomunicacao.com.br\/plastitol\/wp-content\/uploads\/2023\/06\/destaque-retangular-produto-puxador.jpg\" width=\"939\" height=\"1251\" srcset=\"https:\/\/www.plastitol.com.br\/wp-content\/uploads\/2023\/06\/destaque-retangular-produto-puxador.jpg 939w, https:\/\/www.plastitol.com.br\/wp-content\/uploads\/2023\/06\/destaque-retangular-produto-puxador-225x300.jpg 225w, https:\/\/www.plastitol.com.br\/wp-content\/uploads\/2023\/06\/destaque-retangular-produto-puxador-769x1024.jpg 769w, https:\/\/www.plastitol.com.br\/wp-content\/uploads\/2023\/06\/destaque-retangular-produto-puxador-768x1023.jpg 768w, https:\/\/www.plastitol.com.br\/wp-content\/uploads\/2023\/06\/destaque-retangular-produto-puxador-300x400.jpg 300w, https:\/\/www.plastitol.com.br\/wp-content\/uploads\/2023\/06\/destaque-retangular-produto-puxador-600x799.jpg 600w\" sizes=\"auto, (max-width: 939px) 100vw, 939px\" \/><\/figure><\/div>\n<\/div><\/div><\/div>\n\n\n\n<div class=\"wp-block-stackable-column stk-block-column stk-column stk-block stk-df78c53\" data-v=\"4\" data-block-id=\"df78c53\"><style>@media screen and (min-width:768px){.stk-df78c53{flex:1 1 25% !important}}<\/style><div class=\"stk-column-wrapper stk-block-column__content stk-container stk-df78c53-container stk--no-background stk--no-padding\"><div class=\"stk-block-content stk-inner-blocks stk-df78c53-inner-blocks\">\n<div class=\"wp-block-stackable-image stk-block-image stk-block stk-cde7e67\" data-block-id=\"cde7e67\"><figure class=\"stk-img-wrapper stk-image--shape-stretch\"><img loading=\"lazy\" decoding=\"async\" class=\"stk-img wp-image-1227\" src=\"https:\/\/www.ehcomunicacao.com.br\/plastitol\/wp-content\/uploads\/2023\/06\/destaque-retangular-produto-etiqueta2.jpg\" width=\"939\" height=\"1251\" srcset=\"https:\/\/www.plastitol.com.br\/wp-content\/uploads\/2023\/06\/destaque-retangular-produto-etiqueta2.jpg 939w, https:\/\/www.plastitol.com.br\/wp-content\/uploads\/2023\/06\/destaque-retangular-produto-etiqueta2-225x300.jpg 225w, https:\/\/www.plastitol.com.br\/wp-content\/uploads\/2023\/06\/destaque-retangular-produto-etiqueta2-769x1024.jpg 769w, https:\/\/www.plastitol.com.br\/wp-content\/uploads\/2023\/06\/destaque-retangular-produto-etiqueta2-768x1023.jpg 768w, https:\/\/www.plastitol.com.br\/wp-content\/uploads\/2023\/06\/destaque-retangular-produto-etiqueta2-300x400.jpg 300w, https:\/\/www.plastitol.com.br\/wp-content\/uploads\/2023\/06\/destaque-retangular-produto-etiqueta2-600x799.jpg 600w\" sizes=\"auto, (max-width: 939px) 100vw, 939px\" \/><\/figure><\/div>\n<\/div><\/div><\/div>\n\n\n\n<div class=\"wp-block-stackable-column stk-block-column stk-column stk-block stk-ff29352\" data-v=\"4\" data-block-id=\"ff29352\"><style>@media screen and (min-width:768px){.stk-ff29352{flex:1 1 25% !important}}<\/style><div class=\"stk-column-wrapper stk-block-column__content stk-container stk-ff29352-container stk--no-background stk--no-padding\"><div class=\"stk-block-content stk-inner-blocks stk-ff29352-inner-blocks\">\n<div class=\"wp-block-stackable-image stk-block-image stk-block stk-9482181\" data-block-id=\"9482181\"><figure class=\"stk-img-wrapper stk-image--shape-stretch\"><img loading=\"lazy\" decoding=\"async\" class=\"stk-img wp-image-882\" src=\"https:\/\/www.ehcomunicacao.com.br\/plastitol\/wp-content\/uploads\/2023\/06\/destaque-retangular-produto-chaveiro-gel.jpg\" width=\"939\" height=\"1251\" srcset=\"https:\/\/www.plastitol.com.br\/wp-content\/uploads\/2023\/06\/destaque-retangular-produto-chaveiro-gel.jpg 939w, https:\/\/www.plastitol.com.br\/wp-content\/uploads\/2023\/06\/destaque-retangular-produto-chaveiro-gel-225x300.jpg 225w, https:\/\/www.plastitol.com.br\/wp-content\/uploads\/2023\/06\/destaque-retangular-produto-chaveiro-gel-769x1024.jpg 769w, https:\/\/www.plastitol.com.br\/wp-content\/uploads\/2023\/06\/destaque-retangular-produto-chaveiro-gel-768x1023.jpg 768w, https:\/\/www.plastitol.com.br\/wp-content\/uploads\/2023\/06\/destaque-retangular-produto-chaveiro-gel-300x400.jpg 300w, https:\/\/www.plastitol.com.br\/wp-content\/uploads\/2023\/06\/destaque-retangular-produto-chaveiro-gel-600x799.jpg 600w\" sizes=\"auto, (max-width: 939px) 100vw, 939px\" \/><\/figure><\/div>\n<\/div><\/div><\/div>\n<\/div><\/div>\n<\/div><\/div><\/div>\n<\/div><\/div>\n\n\n\n<div class=\"wp-block-stackable-heading stk-block-heading stk-block-heading--v2 stk-block stk-faa5f7c\" id=\"departamento-de-criacao-e-personalizacao-de-produtos\" data-block-id=\"faa5f7c\"><style>.stk-faa5f7c{margin-bottom:18px !important}<\/style><h2 class=\"stk-block-heading__text\">Departamento de Cria\u00e7\u00e3o e Personaliza\u00e7\u00e3o de Produtos<\/h2><\/div>\n\n\n\n<p>A Plastitol possui uma equipe especializada para criar novos produtos e personalizar em qualquer formato, tamanho ou combina\u00e7\u00e3o de cores. <\/p>\n\n\n\n<p>A Plastitol Brindes desenvolve, ainda, layouts e amostras para que os seus pedidos possam ser fechados com mais facilidade e total aprova\u00e7\u00e3o dos clientes. Para que n\u00e3o haja d\u00favidas sobre o produto final, a Plastitol envia uma \u201camostra virtual\u201d, dando a total seguran\u00e7a sobre o resultado final da produ\u00e7\u00e3o.<\/p>\n\n\n\n<p>A empresa tamb\u00e9m desenvolve <strong>LOGOMARCAS <\/strong>e <strong>DESENHOS <\/strong>para os clientes que ainda n\u00e3o os possui. Para isso, a Plastitol Brindes Personalizados conta com um eficiente suporte de arte-finalistas e desenhistas.<\/p>\n\n\n\n<p><strong>CONSULTE-NOS PARA SABER VALORES E CONDI\u00c7\u00d5ES DESSES SERVI\u00c7OS<\/strong><\/p>\n\n\n\n<div class=\"wp-block-stackable-image stk-block-image stk-block stk-4b561b6\" data-block-id=\"4b561b6\"><figure class=\"stk-img-wrapper stk-image--shape-stretch\"><img loading=\"lazy\" decoding=\"async\" class=\"stk-img wp-image-925\" src=\"https:\/\/www.ehcomunicacao.com.br\/plastitol\/wp-content\/uploads\/2023\/06\/desenvolimento-produtos.webp\" width=\"1920\" height=\"805\" srcset=\"https:\/\/www.plastitol.com.br\/wp-content\/uploads\/2023\/06\/desenvolimento-produtos.webp 1920w, https:\/\/www.plastitol.com.br\/wp-content\/uploads\/2023\/06\/desenvolimento-produtos-300x126.webp 300w, https:\/\/www.plastitol.com.br\/wp-content\/uploads\/2023\/06\/desenvolimento-produtos-1024x429.webp 1024w, https:\/\/www.plastitol.com.br\/wp-content\/uploads\/2023\/06\/desenvolimento-produtos-768x322.webp 768w, https:\/\/www.plastitol.com.br\/wp-content\/uploads\/2023\/06\/desenvolimento-produtos-1536x644.webp 1536w, https:\/\/www.plastitol.com.br\/wp-content\/uploads\/2023\/06\/desenvolimento-produtos-600x252.webp 600w\" sizes=\"auto, (max-width: 1920px) 100vw, 1920px\" \/><\/figure><\/div>\n\n\n\n<div class=\"wp-block-stackable-heading stk-block-heading stk-block-heading--v2 stk-block stk-29d5fdb\" id=\"onde-atuamos\" data-block-id=\"29d5fdb\"><h2 class=\"stk-block-heading__text\">Onde Atuamos<\/h2><\/div>\n\n\n\n<div class=\"wp-block-stackable-text stk-block-text stk-block stk-f76b9cd\" data-block-id=\"f76b9cd\"><p class=\"stk-block-text__text\"><\/p><\/div>\n\n\n\n<div class=\"wp-block-stackable-columns stk-block-columns stk-block stk-61687e6\" data-block-id=\"61687e6\"><div class=\"stk-row stk-inner-blocks stk-block-content stk-content-align stk-61687e6-column\">\n<div class=\"wp-block-stackable-column stk-block-column stk-column stk-block stk-1ced4b9\" data-v=\"4\" data-block-id=\"1ced4b9\"><div class=\"stk-column-wrapper stk-block-column__content stk-container stk-1ced4b9-container stk--no-background stk--no-padding\"><div class=\"stk-block-content stk-inner-blocks stk-1ced4b9-inner-blocks\"><div class=\"map_wrapper\" id=\"map_wrapper_928\">\n<div class=\"map_box\" style=\"max-width:2000px\">\n<div class=\"map_aspect_ratio\" style=\"padding-top:56%\" data-padding-top=\"56%\" data-padding-top-mobile=\"0%\">\n<div class=\"map_container\">\n<div class=\"map_render map_loading\" id=\"map_928\"><\/div>\n<\/div>\n<\/div>\n<\/div>\n<\/div>\n<\/div><\/div><\/div>\n\n\n\n<div class=\"wp-block-stackable-column stk-block-column stk-column stk-block stk-cde67ba\" data-v=\"4\" data-block-id=\"cde67ba\"><div class=\"stk-column-wrapper stk-block-column__content stk-container stk-cde67ba-container stk--no-background stk--no-padding\"><div class=\"stk-block-content stk-inner-blocks stk-cde67ba-inner-blocks\"><div class=\"map_wrapper\" id=\"map_wrapper_933\">\n<div class=\"map_box\" style=\"max-width:2000px\">\n<div class=\"map_aspect_ratio\" style=\"padding-top:56%\" data-padding-top=\"56%\" data-padding-top-mobile=\"0%\">\n<div class=\"map_container\">\n<div class=\"map_render map_loading\" id=\"map_933\"><\/div>\n<\/div>\n<\/div>\n<\/div>\n<\/div>\n<\/div><\/div><\/div>\n<\/div><\/div>\n","protected":false},"excerpt":{"rendered":"<p>Sobre n\u00f3s Tendo como principal t\u00e9cnica a fabrica\u00e7\u00e3o de materiais emborrachados em alto relevo (chaveiros maci\u00e7os e flutuantes, etiquetas, b\u00f3tons, porta-copos, porta-celulares, porta-retratos, etc), a empresa fornece a seus clientes uma forma eficiente e de baixo custo para destacar e divulgar suas marcas. Situada na cidade de Petr\u00f3polis-RJ, a Plastitol est\u00e1 h\u00e1 mais de 30 [&hellip;]<\/p>\n","protected":false},"author":1,"featured_media":0,"parent":0,"menu_order":0,"comment_status":"closed","ping_status":"closed","template":"","meta":{"footnotes":""},"class_list":["post-203","page","type-page","status-publish","hentry"],"blocksy_meta":{"page_title_panel":"","has_hero_section":"disabled","cae18c3de7bedc5b6f53f33572e01345":"","hero_section":"type-1","hero_elements":[{"id":"custom_title","enabled":true,"heading_tag":"h1","title":"Home"},{"id":"custom_description","enabled":true,"description_visibility":{"desktop":true,"tablet":true,"mobile":false}},{"id":"custom_meta","enabled":false,"meta_elements":[{"id":"author","enabled":true,"label":"By","has_author_avatar":"yes","avatar_size":25},{"id":"post_date","enabled":true,"label":"On","date_format_source":"default","date_format":"M j, Y"},{"id":"updated_date","enabled":false,"label":"On","date_format_source":"default","date_format":"M j, Y"},{"id":"categories","enabled":false,"label":"In","style":"simple"},{"id":"comments","enabled":true}],"page_meta_elements":{"joined":true,"articles_count":true,"comments":true}},{"id":"breadcrumbs","enabled":false}],"36e4f14ca74f76b48dbacffcd0ea6f6d":"","hero_alignment1":"CT_CSS_SKIP_RULE","hero_margin":40,"hero_alignment2":"center","hero_vertical_alignment":"center","824d71bcf27c0666174c1f297f46a76c":"","hero_structure":"narrow","25a426c6e3c98f1883c681c2edab9ce7":"","page_title_bg_type":"featured_image","custom_hero_background":{"attachment_id":null},"parallax":{"desktop":false,"tablet":false,"mobile":false},"76980b1f4241e0ba1115be40644c3e4a":"","hero_height":"250px","pageTitleFont":{"family":"Default","variation":"Default","size":"30px","line-height":"CT_CSS_SKIP_RULE","letter-spacing":"CT_CSS_SKIP_RULE","text-transform":"CT_CSS_SKIP_RULE","text-decoration":"CT_CSS_SKIP_RULE"},"pageTitleFontColor":{"default":{"color":"CT_CSS_SKIP_RULEDEFAULT"}},"pageMetaFont":{"family":"Default","variation":"n6","size":"12px","line-height":"1.3","letter-spacing":"CT_CSS_SKIP_RULE","text-transform":"uppercase","text-decoration":"CT_CSS_SKIP_RULE"},"pageMetaFontColor":{"default":{"color":"CT_CSS_SKIP_RULEDEFAULT"},"hover":{"color":"CT_CSS_SKIP_RULEDEFAULT"}},"page_meta_button_type_font_colors":{"default":{"color":"CT_CSS_SKIP_RULEDEFAULT"},"hover":{"color":"CT_CSS_SKIP_RULEDEFAULT"}},"page_meta_button_type_background_colors":{"default":{"color":"CT_CSS_SKIP_RULEDEFAULT"},"hover":{"color":"CT_CSS_SKIP_RULEDEFAULT"}},"pageExcerptFont":{"family":"Default","variation":"Default","size":"CT_CSS_SKIP_RULE","line-height":"CT_CSS_SKIP_RULE","letter-spacing":"CT_CSS_SKIP_RULE","text-transform":"CT_CSS_SKIP_RULE","text-decoration":"CT_CSS_SKIP_RULE"},"pageExcerptColor":{"default":{"color":"CT_CSS_SKIP_RULEDEFAULT"}},"breadcrumbsFont":{"family":"Default","variation":"Default","size":"CT_CSS_SKIP_RULE","line-height":"CT_CSS_SKIP_RULE","letter-spacing":"CT_CSS_SKIP_RULE","text-transform":"CT_CSS_SKIP_RULE","text-decoration":"CT_CSS_SKIP_RULE"},"breadcrumbsFontColor":{"default":{"color":"CT_CSS_SKIP_RULEDEFAULT"},"initial":{"color":"CT_CSS_SKIP_RULEDEFAULT"},"hover":{"color":"CT_CSS_SKIP_RULEDEFAULT"}},"pageTitleOverlay":{"background_type":"color","background_pattern":"type-1","background_image":{"attachment_id":null,"x":0,"y":0},"gradient":"linear-gradient(135deg,rgba(6,147,227,1) 0%,rgb(155,81,224) 100%)","background_repeat":"repeat","background_size":"auto","background_attachment":"scroll","patternColor":{"default":{"color":"#e5e7ea"}},"overlayColor":{"default":{"color":"CT_CSS_SKIP_RULE"}},"backgroundColor":{"default":{"color":"CT_CSS_SKIP_RULE"}}},"pageTitleBackground":{"background_type":"color","background_pattern":"type-1","background_image":{"attachment_id":null,"x":0,"y":0},"gradient":"linear-gradient(135deg,rgba(6,147,227,1) 0%,rgb(155,81,224) 100%)","background_repeat":"repeat","background_size":"auto","background_attachment":"scroll","patternColor":{"default":{"color":"#e5e7ea"}},"overlayColor":{"default":{"color":"CT_CSS_SKIP_RULE"}},"backgroundColor":{"default":{"color":"var(--theme-palette-color-6)"}}},"pageTitlePadding":{"top":"50px","bottom":"50px","left":"auto","right":"auto","linked":true},"727838cdb0b1b4a50b61a179627d1773":"","page_structure_type":"type-1","bf2280b6f99e95fe8df362e1d9c4e945":"","content_style_source":"inherit","content_style":"wide","vertical_spacing_source":"custom","content_area_spacing":"none","background":{"background_type":"color","background_pattern":"type-1","background_image":{"attachment_id":null,"x":0,"y":0},"gradient":"linear-gradient(135deg,rgba(6,147,227,1) 0%,rgb(155,81,224) 100%)","background_repeat":"repeat","background_size":"auto","background_attachment":"scroll","patternColor":{"default":{"color":"#e5e7ea"}},"overlayColor":{"default":{"color":"CT_CSS_SKIP_RULE"}},"backgroundColor":{"default":{"color":"CT_CSS_SKIP_RULE"}}},"content_background":{"background_type":"color","background_pattern":"type-1","background_image":{"attachment_id":null,"x":0,"y":0},"gradient":"linear-gradient(135deg,rgba(6,147,227,1) 0%,rgb(155,81,224) 100%)","background_repeat":"repeat","background_size":"auto","background_attachment":"scroll","patternColor":{"default":{"color":"#e5e7ea"}},"overlayColor":{"default":{"color":"CT_CSS_SKIP_RULE"}},"backgroundColor":{"default":{"color":"var(--theme-palette-color-8)"}}},"content_boxed_shadow":{"inherit":false,"blur":18,"spread":-6,"v_offset":12,"h_offset":0,"inset":false,"enable":true,"color":{"color":"rgba(34, 56, 101, 0.04)"}},"boxed_content_spacing":{"desktop":{"top":"40px","bottom":"40px","left":"40px","right":"40px","linked":true},"tablet":{"top":"35px","bottom":"35px","left":"35px","right":"35px","linked":true},"mobile":{"top":"20px","bottom":"20px","left":"20px","right":"20px","linked":true}},"content_boxed_radius":{"top":"3px","bottom":"3px","left":"3px","right":"3px","linked":true},"203928799f3efe87295f481e9e43b493":"","disable_featured_image":"no","disable_share_box":"no","disable_header":"no","disable_footer":"no"},"featured_image_urls":{"full":"","thumbnail":"","medium":"","medium_large":"","large":"","1536x1536":"","2048x2048":""},"post_excerpt_stackable":"<p>Sobre n\u00f3s Tendo como principal t\u00e9cnica a fabrica\u00e7\u00e3o de materiais emborrachados em alto relevo (chaveiros maci\u00e7os e flutuantes, etiquetas, b\u00f3tons, porta-copos, porta-celulares, porta-retratos, etc), a empresa fornece a seus clientes uma forma eficiente e de baixo custo para destacar e divulgar suas marcas. Situada na cidade de Petr\u00f3polis-RJ, a Plastitol est\u00e1 h\u00e1 mais de 30 anos no mercado promocional brasileiro, oferecendo produtos de alta tecnologia, qualidade e excelente aspecto visual. A Plastitol tem, ainda, produtos como: camisas, bon\u00e9s, canetas, \u00edm\u00e3s de geladeira, etiquetas, etc. Departamento de Cria\u00e7\u00e3o e Personaliza\u00e7\u00e3o de Produtos A Plastitol possui uma equipe especializada para criar novos&hellip;<\/p>\n","category_list":"","author_info":{"name":"plastitol","url":"https:\/\/www.plastitol.com.br\/?author=1"},"comments_num":"0 coment\u00e1rio","jetpack_sharing_enabled":true,"_links":{"self":[{"href":"https:\/\/www.plastitol.com.br\/index.php?rest_route=\/wp\/v2\/pages\/203","targetHints":{"allow":["GET"]}}],"collection":[{"href":"https:\/\/www.plastitol.com.br\/index.php?rest_route=\/wp\/v2\/pages"}],"about":[{"href":"https:\/\/www.plastitol.com.br\/index.php?rest_route=\/wp\/v2\/types\/page"}],"author":[{"embeddable":true,"href":"https:\/\/www.plastitol.com.br\/index.php?rest_route=\/wp\/v2\/users\/1"}],"replies":[{"embeddable":true,"href":"https:\/\/www.plastitol.com.br\/index.php?rest_route=%2Fwp%2Fv2%2Fcomments&post=203"}],"version-history":[{"count":31,"href":"https:\/\/www.plastitol.com.br\/index.php?rest_route=\/wp\/v2\/pages\/203\/revisions"}],"predecessor-version":[{"id":1312,"href":"https:\/\/www.plastitol.com.br\/index.php?rest_route=\/wp\/v2\/pages\/203\/revisions\/1312"}],"wp:attachment":[{"href":"https:\/\/www.plastitol.com.br\/index.php?rest_route=%2Fwp%2Fv2%2Fmedia&parent=203"}],"curies":[{"name":"wp","href":"https:\/\/api.w.org\/{rel}","templated":true}]}}